{"id":972,"date":"2023-03-16T13:20:24","date_gmt":"2023-03-16T13:20:24","guid":{"rendered":"https:\/\/dreugenelipov.com\/?page_id=972"},"modified":"2026-04-02T19:20:29","modified_gmt":"2026-04-02T19:20:29","slug":"privacy-policy","status":"publish","type":"page","link":"https:\/\/dreugenelipov.com\/es\/privacy-policy\/","title":{"rendered":"Pol\u00edtica de privacidad"},"content":{"rendered":"<div data-elementor-type=\"wp-page\" data-elementor-id=\"972\" class=\"elementor elementor-972\" data-elementor-post-type=\"page\">\n\t\t\t\t<div class=\"elementor-element elementor-element-d64fe47 e-flex e-con-boxed e-con e-parent\" data-id=\"d64fe47\" data-element_type=\"container\" data-e-type=\"container\" data-settings=\"{&quot;background_background&quot;:&quot;classic&quot;}\">\n\t\t\t\t\t<div class=\"e-con-inner\">\n\t\t\t\t<div class=\"elementor-element elementor-element-146ab2e elementor-widget elementor-widget-heading\" data-id=\"146ab2e\" data-element_type=\"widget\" data-e-type=\"widget\" data-widget_type=\"heading.default\">\n\t\t\t\t\t<h2 class=\"elementor-heading-title elementor-size-default\">POL\u00cdTICA DE PRIVACIDAD<\/h2>\t\t\t\t<\/div>\n\t\t\t\t<div class=\"elementor-element elementor-element-c2ed9b9 elementor-widget elementor-widget-text-editor\" data-id=\"c2ed9b9\" data-element_type=\"widget\" data-e-type=\"widget\" data-widget_type=\"text-editor.default\">\n\t\t\t\t\t\t\t\t\t<p>Esta Pol\u00edtica de Privacidad se aplica al sitio web www.DrEugeneLipov.com (\u201cSitio Web\u201d), propiedad del Dr. Eugene Lipov, y rige la recopilaci\u00f3n y el uso de datos. Al utilizar el Sitio Web, usted acepta las pr\u00e1cticas de datos descritas en esta Pol\u00edtica.<\/p><h4>RECOPILACI\u00d3N DE SU INFORMACI\u00d3N PERSONAL<\/h4><p>El sitio web puede recopilar informaci\u00f3n personal identificable, como su direcci\u00f3n de correo electr\u00f3nico, nombre, direcci\u00f3n particular o laboral y n\u00famero de tel\u00e9fono. Tambi\u00e9n puede recopilar informaci\u00f3n demogr\u00e1fica an\u00f3nima, que no es exclusiva de usted, como su c\u00f3digo postal, edad, g\u00e9nero, preferencias, intereses y favoritos.<\/p><p>El sitio web tambi\u00e9n puede recopilar autom\u00e1ticamente informaci\u00f3n sobre el hardware y el software de su computadora. Esta informaci\u00f3n puede incluir: su direcci\u00f3n IP, tipo de navegador, nombres de dominio, horas de acceso y direcciones de sitios web de referencia. El sitio web puede usar esta informaci\u00f3n para su funcionamiento, para mantener y mejorar su calidad, para optimizar el servicio, para enviar correos electr\u00f3nicos peri\u00f3dicos y para proporcionar estad\u00edsticas generales sobre el uso del sitio web.<\/p><p>Tenga en cuenta que si divulga directamente informaci\u00f3n de identificaci\u00f3n personal o datos personales sensibles a trav\u00e9s de los foros p\u00fablicos de mensajes del sitio web, esta informaci\u00f3n puede ser recopilada y utilizada por terceros.<\/p><h4>ENLACES A SITIOS WEB DE TERCEROS<\/h4><p>Este sitio web puede contener enlaces a otros sitios web. El sitio web no se responsabiliza de las pr\u00e1cticas de privacidad ni del contenido de los sitios web ajenos a www.DrEugeneLipov.com. Le recomendamos que revise las pol\u00edticas de privacidad de los sitios web a los que acceda desde este sitio para comprender c\u00f3mo recopilan, utilizan y comparten su informaci\u00f3n.<\/p><h4>USO DE SU INFORMACI\u00d3N PERSONAL<\/h4><p>El sitio web puede recopilar y utilizar su informaci\u00f3n personal para operar el sitio web www.DrEugeneLipov.com y brindarle los servicios que ha solicitado. El sitio web tambi\u00e9n puede utilizar su informaci\u00f3n personal para informarle sobre otros contenidos o servicios disponibles.<\/p><p>Este sitio web no vende, alquila ni cede su informaci\u00f3n ni sus listas a terceros. Puede compartir datos con socios de confianza para realizar an\u00e1lisis estad\u00edsticos, enviarle correos electr\u00f3nicos o correo postal, o brindarle asistencia. Dichos terceros tienen prohibido usar su informaci\u00f3n personal para cualquier fin que no sea la prestaci\u00f3n de estos servicios a este sitio web, y est\u00e1n obligados a mantener la confidencialidad de su informaci\u00f3n.<\/p><p>El sitio web divulgar\u00e1 su informaci\u00f3n personal, sin previo aviso, solo si as\u00ed lo exige la ley o si cree de buena fe que dicha acci\u00f3n es necesaria para: (a) ajustarse a los edictos de la ley o cumplir con el proceso legal notificado a www.DrEugeneLipov.com o al sitio; (b) proteger y defender los derechos o la propiedad del sitio web; y (c) actuar en circunstancias excepcionales para proteger la seguridad personal de los usuarios del sitio web o del p\u00fablico.<\/p><h4>USO DE COOKIES<\/h4><p>Este sitio web utiliza cookies para mejorar y personalizar su experiencia en l\u00ednea. Una cookie es un archivo de texto que algunas p\u00e1ginas web que visita almacenan en su disco duro. Las cookies no se pueden utilizar para ejecutar programas ni para transmitir virus a su ordenador. Por s\u00ed solas, las cookies no permiten revelar la identidad del usuario. Las cookies contienen datos cifrados. Un hash es el resultado de una f\u00f3rmula matem\u00e1tica espec\u00edfica aplicada a ciertos datos de entrada, como el nombre de usuario y la contrase\u00f1a, lo que dificulta enormemente la localizaci\u00f3n de los datos originales.<\/p><p>Usted tiene la opci\u00f3n de aceptar o rechazar las cookies. La mayor\u00eda de los navegadores web las aceptan autom\u00e1ticamente, pero puede controlarlas mediante la configuraci\u00f3n de preferencias de su navegador. Si decide rechazarlas, es posible que no pueda disfrutar plenamente de todas las funciones del sitio web.<\/p><h4>AVISO LEGAL GENERAL Y EXENCI\u00d3N DE RESPONSABILIDAD<\/h4><p>Las referencias a cualquier sitio web enlazado o a terceros no constituyen ni implican un respaldo o recomendaci\u00f3n por parte de este sitio web. Si bien este sitio web se esfuerza por presentar informaci\u00f3n precisa y confiable, no aprueba ni certifica dicha informaci\u00f3n, ni garantiza su exactitud, integridad, eficacia, actualidad o correcta secuencia.<\/p><p>El uso de esta informaci\u00f3n es voluntario. El sitio web, incluyendo a sus empleados y agentes, no se responsabiliza y se exime expresamente de toda responsabilidad por da\u00f1os de cualquier tipo que surjan del uso, la referencia o la confianza depositada en la informaci\u00f3n disponible a trav\u00e9s de este sitio web. www.DrEugeneLipov.com no otorga aprobaciones, recomendaciones, respaldos, garant\u00edas ni avales, incluyendo, entre otros, garant\u00edas expresas o impl\u00edcitas de comerciabilidad o idoneidad para un uso o prop\u00f3sito particular de los productos o servicios mencionados en este sitio web.<\/p><h4>SEGURIDAD DE SU INFORMACI\u00d3N PERSONAL***<\/h4><p>El sitio web protege su informaci\u00f3n personal contra el acceso, uso o divulgaci\u00f3n no autorizados. Almacena la informaci\u00f3n personal que usted proporciona en servidores inform\u00e1ticos en un entorno controlado y seguro, protegido contra el acceso, uso o divulgaci\u00f3n no autorizados.<\/p><h4>CAMBIOS A ESTA POL\u00cdTICA<\/h4><p>Este sitio web actualizar\u00e1 esta Pol\u00edtica de Privacidad peri\u00f3dicamente. Nos reservamos el derecho de modificarla a nuestra entera discreci\u00f3n y en cualquier momento. Le recomendamos que revise peri\u00f3dicamente esta Pol\u00edtica de Privacidad para estar al tanto de c\u00f3mo protegemos su informaci\u00f3n.<\/p><p>Esta pol\u00edtica fue modificada por \u00faltima vez en abril de 2026.<\/p>\t\t\t\t\t\t\t\t<\/div>\n\t\t\t\t\t<\/div>\n\t\t\t\t<\/div>\n\t\t\t\t<\/div>","protected":false},"excerpt":{"rendered":"<p>PRIVACY POLICY This Privacy Policy applies to the www.DrEugeneLipov.com (\u201cWebsite\u201d) website owned by Dr. Eugene Lipov and governs data collection and usage. By using the Website, you consent to the data practices described in this Policy. COLLECTION OF YOUR PERSONAL INFORMATION Website may collect personally identifiable information, such as your e-mail address, name, home or [&hellip;]<\/p>\n","protected":false},"author":10,"featured_media":0,"parent":0,"menu_order":0,"comment_status":"closed","ping_status":"closed","template":"","meta":{"footnotes":""},"class_list":["post-972","page","type-page","status-publish","hentry"],"_links":{"self":[{"href":"https:\/\/dreugenelipov.com\/es\/wp-json\/wp\/v2\/pages\/972","targetHints":{"allow":["GET"]}}],"collection":[{"href":"https:\/\/dreugenelipov.com\/es\/wp-json\/wp\/v2\/pages"}],"about":[{"href":"https:\/\/dreugenelipov.com\/es\/wp-json\/wp\/v2\/types\/page"}],"author":[{"embeddable":true,"href":"https:\/\/dreugenelipov.com\/es\/wp-json\/wp\/v2\/users\/10"}],"replies":[{"embeddable":true,"href":"https:\/\/dreugenelipov.com\/es\/wp-json\/wp\/v2\/comments?post=972"}],"version-history":[{"count":8,"href":"https:\/\/dreugenelipov.com\/es\/wp-json\/wp\/v2\/pages\/972\/revisions"}],"predecessor-version":[{"id":10691,"href":"https:\/\/dreugenelipov.com\/es\/wp-json\/wp\/v2\/pages\/972\/revisions\/10691"}],"wp:attachment":[{"href":"https:\/\/dreugenelipov.com\/es\/wp-json\/wp\/v2\/media?parent=972"}],"curies":[{"name":"wp","href":"https:\/\/api.w.org\/{rel}","templated":true}]}}