{"id":967,"date":"2023-03-16T13:18:07","date_gmt":"2023-03-16T13:18:07","guid":{"rendered":"https:\/\/dreugenelipov.com\/?page_id=967"},"modified":"2025-09-04T21:49:27","modified_gmt":"2025-09-04T21:49:27","slug":"the-invisible-machine","status":"publish","type":"page","link":"https:\/\/dreugenelipov.com\/es\/the-invisible-machine\/","title":{"rendered":"La m\u00e1quina invisible"},"content":{"rendered":"<div data-elementor-type=\"wp-page\" data-elementor-id=\"967\" class=\"elementor elementor-967\" data-elementor-post-type=\"page\">\n\t\t\t\t<div class=\"elementor-element elementor-element-54c0b174 e-con-full e-flex e-con e-parent\" data-id=\"54c0b174\" data-element_type=\"container\" data-e-type=\"container\" data-settings=\"{&quot;background_background&quot;:&quot;classic&quot;}\">\n\t\t<div class=\"elementor-element elementor-element-3f1bbcd5 e-con-full e-flex e-con e-child\" data-id=\"3f1bbcd5\" data-element_type=\"container\" data-e-type=\"container\" data-settings=\"{&quot;background_background&quot;:&quot;classic&quot;}\">\n\t\t\t\t<div class=\"elementor-element elementor-element-56d46455 elementor-widget elementor-widget-heading\" data-id=\"56d46455\" data-element_type=\"widget\" data-e-type=\"widget\" data-widget_type=\"heading.default\">\n\t\t\t\t\t<h1 class=\"elementor-heading-title elementor-size-default\">La m\u00e1quina invisible<\/h1>\t\t\t\t<\/div>\n\t\t\t\t<\/div>\n\t\t\t\t<\/div>\n\t\t<div class=\"elementor-element elementor-element-2cf2be1b e-con-full e-flex e-con e-parent\" data-id=\"2cf2be1b\" data-element_type=\"container\" data-e-type=\"container\" data-settings=\"{&quot;background_background&quot;:&quot;classic&quot;}\">\n\t\t\t\t<div class=\"elementor-element elementor-element-26ab49a4 elementor-widget-tablet__width-inherit elementor-widget-mobile__width-initial elementor-widget elementor-widget-heading\" data-id=\"26ab49a4\" data-element_type=\"widget\" data-e-type=\"widget\" data-widget_type=\"heading.default\">\n\t\t\t\t\t<h2 class=\"elementor-heading-title elementor-size-default\">La sorprendente verdad sobre el trauma y el avance cient\u00edfico que puede transformar tu vida<\/h2>\t\t\t\t<\/div>\n\t\t\t\t<\/div>\n\t\t<div class=\"elementor-element elementor-element-736731b e-con-full e-flex e-con e-parent\" data-id=\"736731b\" data-element_type=\"container\" data-e-type=\"container\" data-settings=\"{&quot;background_background&quot;:&quot;classic&quot;}\">\n\t\t<div class=\"elementor-element elementor-element-b703f53 e-con-full e-flex e-con e-child\" data-id=\"b703f53\" data-element_type=\"container\" data-e-type=\"container\" data-settings=\"{&quot;background_background&quot;:&quot;classic&quot;}\">\n\t\t\t\t<div class=\"elementor-element elementor-element-5cff7c7 elementor-widget elementor-widget-image\" data-id=\"5cff7c7\" data-element_type=\"widget\" data-e-type=\"widget\" data-widget_type=\"image.default\">\n\t\t\t\t\t\t\t\t\t\t\t\t\t\t\t<img decoding=\"async\" src=\"https:\/\/dreugenelipov.com\/wp-content\/uploads\/2023\/05\/TIM-shadow2.png\" title=\"TIM-sombra2\" alt=\"TIM-shadow2\" loading=\"lazy\" \/>\t\t\t\t\t\t\t\t\t\t\t\t\t\t\t<\/div>\n\t\t\t\t<\/div>\n\t\t<div class=\"elementor-element elementor-element-3c2340d e-con-full e-flex e-con e-child\" data-id=\"3c2340d\" data-element_type=\"container\" data-e-type=\"container\" data-settings=\"{&quot;background_background&quot;:&quot;classic&quot;}\">\n\t\t\t\t<div class=\"elementor-element elementor-element-b91a6eb elementor-widget elementor-widget-image\" data-id=\"b91a6eb\" data-element_type=\"widget\" data-e-type=\"widget\" data-widget_type=\"image.default\">\n\t\t\t\t\t\t\t\t\t\t\t\t\t\t\t<img fetchpriority=\"high\" decoding=\"async\" width=\"858\" height=\"384\" src=\"https:\/\/dreugenelipov.com\/wp-content\/uploads\/2023\/10\/niea-award-3.png\" class=\"attachment-full size-full wp-image-4652\" alt=\"\" srcset=\"https:\/\/dreugenelipov.com\/wp-content\/uploads\/2023\/10\/niea-award-3.png 858w, https:\/\/dreugenelipov.com\/wp-content\/uploads\/2023\/10\/niea-award-3-300x134.png 300w, https:\/\/dreugenelipov.com\/wp-content\/uploads\/2023\/10\/niea-award-3-768x344.png 768w\" sizes=\"(max-width: 858px) 100vw, 858px\">\t\t\t\t\t\t\t\t\t\t\t\t\t\t\t<\/div>\n\t\t\t\t<div class=\"elementor-element elementor-element-bebac48 elementor-align-left elementor-mobile-align-center elementor-widget-tablet__width-inherit elementor-widget-mobile__width-initial elementor-widget elementor-widget-button\" data-id=\"bebac48\" data-element_type=\"widget\" data-e-type=\"widget\" data-widget_type=\"button.default\">\n\t\t\t\t\t\t\t\t\t\t<a class=\"elementor-button elementor-button-link elementor-size-sm\" href=\"https:\/\/www.barnesandnoble.com\/w\/the-invisible-machine-eugene-lipov-md\/1143192798\" target=\"_blank\" rel=\"nofollow noopener\">\n\t\t\t\t\t\t<span class=\"elementor-button-content-wrapper\">\n\t\t\t\t\t\t\t\t\t<span class=\"elementor-button-text\">pedir audiolibro<\/span>\n\t\t\t\t\t<\/span>\n\t\t\t\t\t<\/a>\n\t\t\t\t\t\t\t\t<\/div>\n\t\t\t\t<div class=\"elementor-element elementor-element-8b8d288 elementor-align-left elementor-mobile-align-center elementor-widget-tablet__width-inherit elementor-widget-mobile__width-inherit elementor-widget elementor-widget-button\" data-id=\"8b8d288\" data-element_type=\"widget\" data-e-type=\"widget\" data-widget_type=\"button.default\">\n\t\t\t\t\t\t\t\t\t\t<a class=\"elementor-button elementor-button-link elementor-size-sm\" href=\"https:\/\/www.amazon.com\/Invisible-Machine-Startling-Scientific-Breakthrough\/dp\/163774160X\" target=\"_blank\" rel=\"nofollow noopener\">\n\t\t\t\t\t\t<span class=\"elementor-button-content-wrapper\">\n\t\t\t\t\t\t\t\t\t<span class=\"elementor-button-text\">Pide tu libro de bolsillo y Kindle en Amazon<\/span>\n\t\t\t\t\t<\/span>\n\t\t\t\t\t<\/a>\n\t\t\t\t\t\t\t\t<\/div>\n\t\t\t\t<\/div>\n\t\t\t\t<\/div>\n\t\t<div class=\"elementor-element elementor-element-41e958c e-flex e-con-boxed e-con e-parent\" data-id=\"41e958c\" data-element_type=\"container\" data-e-type=\"container\" data-settings=\"{&quot;background_background&quot;:&quot;gradient&quot;}\">\n\t\t\t\t\t<div class=\"e-con-inner\">\n\t\t\t\t<div class=\"elementor-element elementor-element-58bf0e1 elementor-widget elementor-widget-text-editor\" data-id=\"58bf0e1\" data-element_type=\"widget\" data-e-type=\"widget\" data-widget_type=\"text-editor.default\">\n\t\t\t\t\t\t\t\t\t<p>El mundo ha malinterpretado el trauma durante mucho tiempo. Ahora, destacados expertos en el campo tienen una comprensi\u00f3n radicalmente nueva del estr\u00e9s postraum\u00e1tico... y un sorprendente nuevo tratamiento para revertirlo podr\u00eda tener profundas implicaciones para la medicina, la salud mental y la sociedad en general.<\/p>\t\t\t\t\t\t\t\t<\/div>\n\t\t\t\t\t<\/div>\n\t\t\t\t<\/div>\n\t\t<div class=\"elementor-element elementor-element-1dfa5e5 e-flex e-con-boxed e-con e-parent\" data-id=\"1dfa5e5\" data-element_type=\"container\" data-e-type=\"container\">\n\t\t\t\t\t<div class=\"e-con-inner\">\n\t\t\t\t<div class=\"elementor-element elementor-element-454c393 elementor-widget__width-initial elementor-widget-mobile__width-inherit elementor-widget elementor-widget-text-editor\" data-id=\"454c393\" data-element_type=\"widget\" data-e-type=\"widget\" data-widget_type=\"text-editor.default\">\n\t\t\t\t\t\t\t\t\t<p style=\"text-align: left;\">A pesar de su prevalencia, el trastorno de estr\u00e9s postraum\u00e1tico (TEPT) suele considerarse un trastorno mental insuperable que dura toda la vida. Sin embargo, los principales m\u00e9dicos especialistas en trauma y neurocient\u00edficos ahora comprenden que el resultado de una situaci\u00f3n aterradora o un evento traum\u00e1tico no es un trastorno, sino... <span style=\"color: #1b434e;\"><strong>una lesi\u00f3n f\u00edsica al cuerpo, invisible pero tangible y, lo m\u00e1s importante, tratable.<\/strong><\/span><\/p><p>Conozca al Dr. Eugene Lipov. Sus investigaciones y colaboraciones han llevado al asombroso descubrimiento de que todo trauma tiene, en su ra\u00edz, una sola pieza de hardware humano: el ganglio estrellado. Los s\u00edntomas del estr\u00e9s postraum\u00e1tico son los mismos para todos, ya sea por la pobreza o el abandono infantil, los estragos de la guerra o la brutalidad de una agresi\u00f3n sexual. El procedimiento pionero del Dr. Lipov parece &quot;reinicializa&quot; el sistema nervioso simp\u00e1tico hiperactivo a trav\u00e9s del ganglio estrellado, aliviando incluso los peores s\u00edntomas del estr\u00e9s postraum\u00e1tico (irritabilidad, hipervigilancia, insomnio y m\u00e1s) en un tratamiento de 15 minutos.<\/p><p>Tejiendo ciencia dura con historias humanas conmovedoras, <strong><em>La m\u00e1quina invisible<\/em><\/strong> Revela c\u00f3mo se desarroll\u00f3 este tratamiento centenario. Tambi\u00e9n cuenta la incre\u00edble historia del peculiar equipo, que incluye al m\u00e9dico, un artista, el liderazgo de las Fuerzas Especiales y un sheriff, quienes trabajan juntos para cambiar nuestra comprensi\u00f3n del trauma y el estr\u00e9s postraum\u00e1tico y su importancia para la sociedad.<\/p>\t\t\t\t\t\t\t\t<\/div>\n\t\t\t\t\t<\/div>\n\t\t\t\t<\/div>\n\t\t<div class=\"elementor-element elementor-element-c38bc58 e-flex e-con-boxed e-con e-parent\" data-id=\"c38bc58\" data-element_type=\"container\" data-e-type=\"container\" data-settings=\"{&quot;background_background&quot;:&quot;classic&quot;}\">\n\t\t\t\t\t<div class=\"e-con-inner\">\n\t\t\t\t<div class=\"elementor-element elementor-element-37884dc elementor-widget elementor-widget-heading\" data-id=\"37884dc\" data-element_type=\"widget\" data-e-type=\"widget\" data-widget_type=\"heading.default\">\n\t\t\t\t\t<h2 class=\"elementor-heading-title elementor-size-default\">Acerca de los autores<\/h2>\t\t\t\t<\/div>\n\t\t\t\t\t<\/div>\n\t\t\t\t<\/div>\n\t\t<div class=\"elementor-element elementor-element-fe2a19f e-flex e-con-boxed e-con e-parent\" data-id=\"fe2a19f\" data-element_type=\"container\" data-e-type=\"container\" data-settings=\"{&quot;background_background&quot;:&quot;classic&quot;}\">\n\t\t\t\t\t<div class=\"e-con-inner\">\n\t\t<div class=\"elementor-element elementor-element-d98f0b1 e-con-full e-flex e-con e-child\" data-id=\"d98f0b1\" data-element_type=\"container\" data-e-type=\"container\">\n\t\t\t\t<div class=\"elementor-element elementor-element-5afe7a4 elementor-widget elementor-widget-heading\" data-id=\"5afe7a4\" data-element_type=\"widget\" data-e-type=\"widget\" data-widget_type=\"heading.default\">\n\t\t\t\t\t<h2 class=\"elementor-heading-title elementor-size-default\">El Dr. Eugene Lipov...<\/h2>\t\t\t\t<\/div>\n\t\t\t\t<div class=\"elementor-element elementor-element-8daf77d elementor-widget elementor-widget-text-editor\" data-id=\"8daf77d\" data-element_type=\"widget\" data-e-type=\"widget\" data-widget_type=\"text-editor.default\">\n\t\t\t\t\t\t\t\t\t<p>Es un anestesi\u00f3logo complejo y se le ha llamado el &quot;Einstein de la anestesiolog\u00eda moderna&quot;. Su descubrimiento e innovaci\u00f3n, el Reinicio Simp\u00e1tico Dual (DSR), fue respaldado por el presidente Obama en 2010. Su investigaci\u00f3n tiene una tasa de \u00e9xito del 85-90% en la reducci\u00f3n de los efectos del trauma.<\/p>\t\t\t\t\t\t\t\t<\/div>\n\t\t\t\t<div class=\"elementor-element elementor-element-0e05d1e elementor-align-left elementor-mobile-align-center elementor-widget elementor-widget-button\" data-id=\"0e05d1e\" data-element_type=\"widget\" data-e-type=\"widget\" data-widget_type=\"button.default\">\n\t\t\t\t\t\t\t\t\t\t<a class=\"elementor-button elementor-button-link elementor-size-sm\" href=\"https:\/\/dreugenelipov.com\/es\/about\/\">\n\t\t\t\t\t\t<span class=\"elementor-button-content-wrapper\">\n\t\t\t\t\t\t\t\t\t<span class=\"elementor-button-text\">Lea m\u00e1s sobre el Dr. Lipov<\/span>\n\t\t\t\t\t<\/span>\n\t\t\t\t\t<\/a>\n\t\t\t\t\t\t\t\t<\/div>\n\t\t\t\t<\/div>\n\t\t<div class=\"elementor-element elementor-element-a63b7f0 e-con-full e-flex e-con e-child\" data-id=\"a63b7f0\" data-element_type=\"container\" data-e-type=\"container\">\n\t\t\t\t<div class=\"elementor-element elementor-element-9295b4c elementor-widget elementor-widget-image\" data-id=\"9295b4c\" data-element_type=\"widget\" data-e-type=\"widget\" data-widget_type=\"image.default\">\n\t\t\t\t\t\t\t\t\t\t\t\t\t\t\t<img decoding=\"async\" width=\"600\" height=\"600\" src=\"https:\/\/dreugenelipov.com\/wp-content\/uploads\/2024\/02\/lipov-headshot-2024_600-SQ.jpg\" class=\"attachment-full size-full wp-image-5050\" alt=\"Dr. Eugene Lipov\" srcset=\"https:\/\/dreugenelipov.com\/wp-content\/uploads\/2024\/02\/lipov-headshot-2024_600-SQ.jpg 600w, https:\/\/dreugenelipov.com\/wp-content\/uploads\/2024\/02\/lipov-headshot-2024_600-SQ-300x300.jpg 300w, https:\/\/dreugenelipov.com\/wp-content\/uploads\/2024\/02\/lipov-headshot-2024_600-SQ-150x150.jpg 150w\" sizes=\"(max-width: 600px) 100vw, 600px\" \/>\t\t\t\t\t\t\t\t\t\t\t\t\t\t\t<\/div>\n\t\t\t\t<\/div>\n\t\t\t\t\t<\/div>\n\t\t\t\t<\/div>\n\t\t<div class=\"elementor-element elementor-element-250b2df e-flex e-con-boxed e-con e-parent\" data-id=\"250b2df\" data-element_type=\"container\" data-e-type=\"container\" data-settings=\"{&quot;background_background&quot;:&quot;classic&quot;}\">\n\t\t\t\t\t<div class=\"e-con-inner\">\n\t\t<div class=\"elementor-element elementor-element-955f7ed e-con-full e-flex e-con e-child\" data-id=\"955f7ed\" data-element_type=\"container\" data-e-type=\"container\">\n\t\t\t\t<div class=\"elementor-element elementor-element-8dfa087 elementor-widget elementor-widget-image\" data-id=\"8dfa087\" data-element_type=\"widget\" data-e-type=\"widget\" data-widget_type=\"image.default\">\n\t\t\t\t\t\t\t\t\t\t\t\t\t\t\t<img decoding=\"async\" width=\"420\" height=\"420\" src=\"https:\/\/dreugenelipov.com\/wp-content\/uploads\/2023\/03\/sL-01.png\" class=\"attachment-full size-full wp-image-1014\" alt=\"\" srcset=\"https:\/\/dreugenelipov.com\/wp-content\/uploads\/2023\/03\/sL-01.png 420w, https:\/\/dreugenelipov.com\/wp-content\/uploads\/2023\/03\/sL-01-300x300.png 300w, https:\/\/dreugenelipov.com\/wp-content\/uploads\/2023\/03\/sL-01-150x150.png 150w\" sizes=\"(max-width: 420px) 100vw, 420px\">\t\t\t\t\t\t\t\t\t\t\t\t\t\t\t<\/div>\n\t\t\t\t<\/div>\n\t\t<div class=\"elementor-element elementor-element-dc8a53f e-con-full e-flex e-con e-child\" data-id=\"dc8a53f\" data-element_type=\"container\" data-e-type=\"container\">\n\t\t\t\t<div class=\"elementor-element elementor-element-0664f18 elementor-widget elementor-widget-heading\" data-id=\"0664f18\" data-element_type=\"widget\" data-e-type=\"widget\" data-widget_type=\"heading.default\">\n\t\t\t\t\t<h2 class=\"elementor-heading-title elementor-size-default\">Jamie Mostaza...<\/h2>\t\t\t\t<\/div>\n\t\t\t\t<div class=\"elementor-element elementor-element-24aa7db elementor-widget elementor-widget-text-editor\" data-id=\"24aa7db\" data-element_type=\"widget\" data-e-type=\"widget\" data-widget_type=\"text-editor.default\">\n\t\t\t\t\t\t\t\t\t<p>Es artista, futurista, consultor multimedia y escritor, incluyendo su trabajo sobre la percepci\u00f3n en el mundo f\u00edsico. Como iconista, su pasi\u00f3n es ense\u00f1ar la ciencia y el arte de la obviedad, la anatom\u00eda de lo que hace que cualquier idea, arte o mensaje destaque y se consolide.<\/p>\t\t\t\t\t\t\t\t<\/div>\n\t\t\t\t<\/div>\n\t\t\t\t\t<\/div>\n\t\t\t\t<\/div>\n\t\t<div class=\"elementor-element elementor-element-eca0fdd e-flex e-con-boxed e-con e-parent\" data-id=\"eca0fdd\" data-element_type=\"container\" data-e-type=\"container\">\n\t\t\t\t\t<div class=\"e-con-inner\">\n\t\t\t\t<div class=\"elementor-element elementor-element-9bb7466 elementor-widget elementor-widget-heading\" data-id=\"9bb7466\" data-element_type=\"widget\" data-e-type=\"widget\" data-widget_type=\"heading.default\">\n\t\t\t\t\t<h2 class=\"elementor-heading-title elementor-size-default\">RESE\u00d1AS<\/h2>\t\t\t\t<\/div>\n\t\t\t\t<div class=\"elementor-element elementor-element-5113914 elementor-testimonial--align-left elementor-widget-mobile__width-initial elementor-testimonial--skin-default elementor-testimonial--layout-image_inline elementor-pagination-type-bullets elementor-widget elementor-widget-testimonial-carousel\" data-id=\"5113914\" data-element_type=\"widget\" data-e-type=\"widget\" data-settings=\"{&quot;slides_per_view&quot;:&quot;1&quot;,&quot;slides_to_scroll&quot;:&quot;1&quot;,&quot;space_between_mobile&quot;:{&quot;unit&quot;:&quot;px&quot;,&quot;size&quot;:8,&quot;sizes&quot;:[]},&quot;pagination&quot;:&quot;bullets&quot;,&quot;speed&quot;:500,&quot;autoplay&quot;:&quot;yes&quot;,&quot;autoplay_speed&quot;:5000,&quot;loop&quot;:&quot;yes&quot;,&quot;pause_on_hover&quot;:&quot;yes&quot;,&quot;pause_on_interaction&quot;:&quot;yes&quot;,&quot;space_between&quot;:{&quot;unit&quot;:&quot;px&quot;,&quot;size&quot;:10,&quot;sizes&quot;:[]},&quot;space_between_tablet&quot;:{&quot;unit&quot;:&quot;px&quot;,&quot;size&quot;:10,&quot;sizes&quot;:[]}}\" data-widget_type=\"testimonial-carousel.default\">\n\t\t\t\t\t\t\t\t\t\t<div class=\"elementor-main-swiper swiper\" role=\"region\" aria-roledescription=\"carousel\" aria-label=\"Diapositivas\">\n\t\t\t\t<div class=\"swiper-wrapper\">\n\t\t\t\t\t\t\t\t\t\t\t<div class=\"swiper-slide\" role=\"group\" aria-roledescription=\"slide\">\n\t\t\t\t\t\t\t\t\t<div class=\"elementor-testimonial\">\n\t\t\t\t\t\t\t<div class=\"elementor-testimonial__content\">\n\t\t\t\t\t<div class=\"elementor-testimonial__text\">\n\t\t\t\t\t\t\"La M\u00e1quina Invisible es un libro poderoso, lleno de esperanza para la recuperaci\u00f3n del trauma que atormenta a millones de personas. Lo recomiendo ampliamente\".\"\t\t\t\t\t<\/div>\n\t\t\t\t\t\t\t\t\t<\/div>\n\t\t\t\t\t\t<div class=\"elementor-testimonial__footer\">\n\t\t\t\t\t\t\t\t<cite class=\"elementor-testimonial__cite\"><span class=\"elementor-testimonial__name\">Dr. Daniel G. Amen<\/span><span class=\"elementor-testimonial__title\">Fundador de Amen Clinics y autor superventas del New York Times de El fin de las enfermedades mentales y Cambia tu cerebro todos los d\u00edas<\/span><\/cite>\t\t\t<\/div>\n\t\t<\/div>\n\t\t\t\t\t\t\t\t<\/div>\n\t\t\t\t\t\t\t\t\t\t\t<div class=\"swiper-slide\" role=\"group\" aria-roledescription=\"slide\">\n\t\t\t\t\t\t\t\t\t<div class=\"elementor-testimonial\">\n\t\t\t\t\t\t\t<div class=\"elementor-testimonial__content\">\n\t\t\t\t\t<div class=\"elementor-testimonial__text\">\n\t\t\t\t\t\t\"El sistema nervioso puede reiniciarse. La importancia de esto, reconocida por el sistema legal y la profesi\u00f3n m\u00e9dica, ser\u00eda revolucionaria.\"\t\t\t\t\t<\/div>\n\t\t\t\t\t\t\t\t\t<\/div>\n\t\t\t\t\t\t<div class=\"elementor-testimonial__footer\">\n\t\t\t\t\t\t\t\t<cite class=\"elementor-testimonial__cite\"><span class=\"elementor-testimonial__name\">Dr. Gabor Mat\u00e9<\/span><span class=\"elementor-testimonial__title\">Autor de los best-sellers del New York Times In the Realm of Hungry Ghosts y The Myth of Normal<\/span><\/cite>\t\t\t<\/div>\n\t\t<\/div>\n\t\t\t\t\t\t\t\t<\/div>\n\t\t\t\t\t\t\t\t\t\t\t<div class=\"swiper-slide\" role=\"group\" aria-roledescription=\"slide\">\n\t\t\t\t\t\t\t\t\t<div class=\"elementor-testimonial\">\n\t\t\t\t\t\t\t<div class=\"elementor-testimonial__content\">\n\t\t\t\t\t<div class=\"elementor-testimonial__text\">\n\t\t\t\t\t\t\"En La M\u00e1quina Invisible, Lipov y Mustard reescriben la narrativa de recuperaci\u00f3n para muchas personas que han experimentado trastornos personales y compromisos vitales. A trav\u00e9s de historias personales, aprendemos que las experiencias traum\u00e1ticas pueden bloquear el sistema nervioso en un estado cr\u00f3nico de defensa y comportamientos de lucha-huida, a la vez que comprometen la sensaci\u00f3n de seguridad y sociabilidad. El tratamiento Lipov permite la reconexi\u00f3n, permitiendo recuperar la sociabilidad, la alegr\u00eda y la conexi\u00f3n social.\"\t\t\t\t\t<\/div>\n\t\t\t\t\t\t\t\t\t<\/div>\n\t\t\t\t\t\t<div class=\"elementor-testimonial__footer\">\n\t\t\t\t\t\t\t\t<cite class=\"elementor-testimonial__cite\"><span class=\"elementor-testimonial__name\">Stephen W. Porges, Doctor en Filosof\u00eda.<\/span><span class=\"elementor-testimonial__title\">Autor de La teor\u00eda polivagal, director fundador del Consorcio de Investigaci\u00f3n sobre Estr\u00e9s Traum\u00e1tico en el Instituto Kinsey de la Universidad de Indiana en Bloomington y profesor de la Universidad de Carolina del Norte en Chapel Hill.<\/span><\/cite>\t\t\t<\/div>\n\t\t<\/div>\n\t\t\t\t\t\t\t\t<\/div>\n\t\t\t\t\t\t\t\t\t<\/div>\n\t\t\t\t\t\t\t\t\t\t\t\t\t\t\t\t\t\t\t\t<div class=\"swiper-pagination\"><\/div>\n\t\t\t\t\t\t\t\t\t\t\t\t<\/div>\n\t\t\t\t\t\t\t\t<\/div>\n\t\t\t\t\t<\/div>\n\t\t\t\t<\/div>\n\t\t<div class=\"elementor-element elementor-element-15b6bb7 elementor-hidden-desktop elementor-hidden-tablet elementor-hidden-mobile e-flex e-con-boxed e-con e-parent\" data-id=\"15b6bb7\" data-element_type=\"container\" data-e-type=\"container\">\n\t\t\t\t\t<div class=\"e-con-inner\">\n\t\t<div class=\"elementor-element elementor-element-6986609 e-con-full e-flex e-con e-child\" data-id=\"6986609\" data-element_type=\"container\" data-e-type=\"container\">\n\t\t\t\t<div class=\"elementor-element elementor-element-2a5ed44 elementor-widget__width-inherit elementor-widget elementor-widget-heading\" data-id=\"2a5ed44\" data-element_type=\"widget\" data-e-type=\"widget\" data-widget_type=\"heading.default\">\n\t\t\t\t\t<h2 class=\"elementor-heading-title elementor-size-default\">Detalles del libro<\/h2>\t\t\t\t<\/div>\n\t\t\t\t<div class=\"elementor-element elementor-element-94ac762 elementor-widget__width-initial elementor-widget-mobile__width-inherit elementor-widget elementor-widget-text-editor\" data-id=\"94ac762\" data-element_type=\"widget\" data-e-type=\"widget\" data-widget_type=\"text-editor.default\">\n\t\t\t\t\t\t\t\t\t<p><span style=\"color: #16aca1;\"><strong>T\u00edtulo:<\/strong><\/span> La m\u00e1quina invisible<br \/><span style=\"color: #16aca1;\"><strong>Subtitular:<\/strong><\/span> La sorprendente verdad sobre el trauma y el avance cient\u00edfico que puede transformar tu vida<br \/><span style=\"color: #16aca1;\"><strong>Autores:<\/strong><\/span> Eugene Lipov, MD y Jamie Mustard<\/p>\t\t\t\t\t\t\t\t<\/div>\n\t\t\t\t<div class=\"elementor-element elementor-element-aa2b4df elementor-widget__width-initial elementor-widget-mobile__width-inherit elementor-widget elementor-widget-text-editor\" data-id=\"aa2b4df\" data-element_type=\"widget\" data-e-type=\"widget\" data-widget_type=\"text-editor.default\">\n\t\t\t\t\t\t\t\t\t<p><span style=\"color: #16aca1;\"><strong>Editor:<\/strong><\/span> BenBella Books, Inc. Distribuido por Penguin Random House<br \/><span style=\"color: #16aca1;\"><strong>Fecha de publicaci\u00f3n:<\/strong> <\/span>11 de abril de 2023<br \/><span style=\"color: #16aca1;\"><strong>ISBN:<\/strong><\/span> 9781637741603<br \/><span style=\"color: #16aca1;\"><strong>ISBN del libro electr\u00f3nico:<\/strong><\/span> 9781637741610<br \/><span style=\"color: #16aca1;\"><strong>Formato:<\/strong><\/span> De tapa dura<br \/><span style=\"color: #16aca1;\"><strong>N\u00famero de p\u00e1ginas:<\/strong><\/span> 288<\/p>\t\t\t\t\t\t\t\t<\/div>\n\t\t\t\t<\/div>\n\t\t<div class=\"elementor-element elementor-element-c7e3ed7 e-con-full e-flex e-con e-child\" data-id=\"c7e3ed7\" data-element_type=\"container\" data-e-type=\"container\">\n\t\t\t\t<div class=\"elementor-element elementor-element-6cb9642 elementor-widget__width-inherit elementor-widget elementor-widget-heading\" data-id=\"6cb9642\" data-element_type=\"widget\" data-e-type=\"widget\" data-widget_type=\"heading.default\">\n\t\t\t\t\t<h2 class=\"elementor-heading-title elementor-size-default\">Solicitud de marketing<\/h2>\t\t\t\t<\/div>\n\t\t\t\t<div class=\"elementor-element elementor-element-7479987 elementor-widget__width-inherit elementor-widget elementor-widget-text-editor\" data-id=\"7479987\" data-element_type=\"widget\" data-e-type=\"widget\" data-widget_type=\"text-editor.default\">\n\t\t\t\t\t\t\t\t\t<p>Heather Butterfield<br \/>Director de Marketing<br \/>heather@benbellabooks.com<br \/>BenBellaBooks.com<\/p>\t\t\t\t\t\t\t\t<\/div>\n\t\t\t\t<\/div>\n\t\t\t\t\t<\/div>\n\t\t\t\t<\/div>\n\t\t\t\t<\/div>","protected":false},"excerpt":{"rendered":"<p>Weaving hard science with moving human stories, The Invisible Machine reveals the story of Dr. Lipov\u2019s pioneering treatment of post-traumatic stress.<\/p>","protected":false},"author":10,"featured_media":2087,"parent":0,"menu_order":0,"comment_status":"closed","ping_status":"closed","template":"","meta":{"footnotes":""},"class_list":["post-967","page","type-page","status-publish","has-post-thumbnail","hentry"],"_links":{"self":[{"href":"https:\/\/dreugenelipov.com\/es\/wp-json\/wp\/v2\/pages\/967","targetHints":{"allow":["GET"]}}],"collection":[{"href":"https:\/\/dreugenelipov.com\/es\/wp-json\/wp\/v2\/pages"}],"about":[{"href":"https:\/\/dreugenelipov.com\/es\/wp-json\/wp\/v2\/types\/page"}],"author":[{"embeddable":true,"href":"https:\/\/dreugenelipov.com\/es\/wp-json\/wp\/v2\/users\/10"}],"replies":[{"embeddable":true,"href":"https:\/\/dreugenelipov.com\/es\/wp-json\/wp\/v2\/comments?post=967"}],"version-history":[{"count":263,"href":"https:\/\/dreugenelipov.com\/es\/wp-json\/wp\/v2\/pages\/967\/revisions"}],"predecessor-version":[{"id":10102,"href":"https:\/\/dreugenelipov.com\/es\/wp-json\/wp\/v2\/pages\/967\/revisions\/10102"}],"wp:featuredmedia":[{"embeddable":true,"href":"https:\/\/dreugenelipov.com\/es\/wp-json\/wp\/v2\/media\/2087"}],"wp:attachment":[{"href":"https:\/\/dreugenelipov.com\/es\/wp-json\/wp\/v2\/media?parent=967"}],"curies":[{"name":"wp","href":"https:\/\/api.w.org\/{rel}","templated":true}]}}