{"id":958,"date":"2023-03-16T13:00:06","date_gmt":"2023-03-16T13:00:06","guid":{"rendered":"https:\/\/dreugenelipov.com\/?page_id=958"},"modified":"2026-04-03T15:50:22","modified_gmt":"2026-04-03T15:50:22","slug":"cookie-policy","status":"publish","type":"page","link":"https:\/\/dreugenelipov.com\/es\/cookie-policy\/","title":{"rendered":"Pol\u00edtica de cookies"},"content":{"rendered":"<div data-elementor-type=\"wp-page\" data-elementor-id=\"958\" class=\"elementor elementor-958\" data-elementor-post-type=\"page\">\n\t\t\t\t<div class=\"elementor-element elementor-element-9b6f8f5 e-flex e-con-boxed e-con e-parent\" data-id=\"9b6f8f5\" data-element_type=\"container\" data-e-type=\"container\" data-settings=\"{&quot;background_background&quot;:&quot;classic&quot;}\">\n\t\t\t\t\t<div class=\"e-con-inner\">\n\t\t\t\t<div class=\"elementor-element elementor-element-2f33bfa elementor-widget elementor-widget-heading\" data-id=\"2f33bfa\" data-element_type=\"widget\" data-e-type=\"widget\" data-widget_type=\"heading.default\">\n\t\t\t\t\t<h2 class=\"elementor-heading-title elementor-size-default\">POL\u00cdTICA DE COOKIES<\/h2>\t\t\t\t<\/div>\n\t\t\t\t<div class=\"elementor-element elementor-element-3dc57d0 elementor-widget elementor-widget-text-editor\" data-id=\"3dc57d0\" data-element_type=\"widget\" data-e-type=\"widget\" data-widget_type=\"text-editor.default\">\n\t\t\t\t\t\t\t\t\t<p>El Dr. Eugene Lipov (\u201cnosotros\u201d o \u201cnuestro\u201d) puede utilizar cookies, balizas web, p\u00edxeles de seguimiento y otras tecnolog\u00edas de seguimiento cuando visita nuestro sitio web www.DrEugeneLipov.com, incluido cualquier otro medio, canal de medios, sitio web m\u00f3vil o aplicaci\u00f3n m\u00f3vil relacionada o conectada al mismo (colectivamente, el \u201cSitio\u201d) para ayudar a personalizar el Sitio y mejorar su experiencia.<\/p><p>Nos reservamos el derecho a modificar esta Pol\u00edtica de Cookies en cualquier momento y por cualquier motivo. Le avisaremos de cualquier cambio actualizando la fecha de &quot;\u00daltima actualizaci\u00f3n&quot; de esta Pol\u00edtica de Cookies. Cualquier cambio o modificaci\u00f3n entrar\u00e1 en vigor inmediatamente despu\u00e9s de la publicaci\u00f3n de la Pol\u00edtica de Cookies actualizada en el Sitio, y usted renuncia al derecho a recibir una notificaci\u00f3n espec\u00edfica sobre cada uno de dichos cambios o modificaciones.<\/p><p>Le recomendamos que revise peri\u00f3dicamente esta Pol\u00edtica de Cookies para mantenerse al tanto de las actualizaciones. Si contin\u00faa utilizando el Sitio despu\u00e9s de su publicaci\u00f3n, se considerar\u00e1 que ha sido informado, estar\u00e1 sujeto a las modificaciones y las ha aceptado.<\/p><h5>USO DE COOKIES<\/h5><p>Una &quot;cookie&quot; es una cadena de informaci\u00f3n que le asigna un identificador \u00fanico que almacenamos en su ordenador. Su navegador proporciona ese identificador \u00fanico para que lo utilice cada vez que realiza una consulta en el Sitio. Utilizamos cookies en el Sitio para, entre otras cosas, realizar un seguimiento de los servicios que ha utilizado, registrar la informaci\u00f3n de registro, registrar sus preferencias de usuario, mantener su sesi\u00f3n iniciada en el Sitio, facilitar los procesos de compra y hacer un seguimiento de las p\u00e1ginas que visita. Las cookies nos ayudan a comprender c\u00f3mo se utiliza el Sitio y a mejorar su experiencia de usuario.<\/p><h4>TIPOS DE COOKIES<\/h4><p>Se pueden utilizar los siguientes tipos de cookies cuando usted visita el Sitio:<\/p><h6><strong>Cookies publicitarias<\/strong><\/h6><p>Los anunciantes y servidores de anuncios instalan cookies publicitarias en su ordenador para mostrarle anuncios que probablemente le interesen. Estas cookies permiten a los anunciantes y servidores de anuncios recopilar informaci\u00f3n sobre sus visitas al Sitio y a otros sitios web, asignar anuncios a un ordenador espec\u00edfico y rastrear la frecuencia y el usuario de los anuncios. Estas cookies se vinculan a un ordenador y no recopilan informaci\u00f3n personal sobre usted.<\/p><h6><strong>Cookies de an\u00e1lisis<\/strong><\/h6><p>Las cookies anal\u00edticas monitorizan c\u00f3mo llegan los usuarios al Sitio y c\u00f3mo interact\u00faan y navegan por \u00e9l una vez dentro. Estas cookies nos permiten saber qu\u00e9 funciones del Sitio funcionan mejor y qu\u00e9 funciones se pueden mejorar.<\/p><h6><strong>Nuestras cookies<\/strong><\/h6><p>Nuestras cookies son de origen y pueden ser permanentes o temporales. Son cookies necesarias, sin las cuales el Sitio no funcionar\u00e1 correctamente ni podr\u00e1 ofrecer ciertas funciones. Algunas de estas cookies pueden desactivarse manualmente en su navegador, pero podr\u00edan afectar la funcionalidad del Sitio.<\/p><h6><strong>Cookies de personalizaci\u00f3n<\/strong><\/h6><p>Las cookies de personalizaci\u00f3n se utilizan para reconocer a los visitantes recurrentes del Sitio. Utilizamos estas cookies para registrar su historial de navegaci\u00f3n, las p\u00e1ginas que ha visitado y su configuraci\u00f3n y preferencias cada vez que visita el Sitio.<\/p><h6><strong>Cookies de seguridad<\/strong><\/h6><p>Las cookies de seguridad ayudan a identificar y prevenir riesgos de seguridad. Las utilizamos para autenticar a los usuarios y proteger sus datos de terceros no autorizados.<\/p><h6><strong>Cookies de gesti\u00f3n del sitio<\/strong><\/h6><p>Las cookies de gesti\u00f3n del sitio se utilizan para mantener su identidad o sesi\u00f3n en el Sitio, de modo que no se cierre su sesi\u00f3n inesperadamente y la informaci\u00f3n que introduzca se conserve de una p\u00e1gina a otra. Estas cookies no se pueden desactivar individualmente, pero puede desactivarlas todas en su navegador.<\/p><h6><strong>Cookies de terceros<\/strong><\/h6><p>Las empresas que gestionan ciertos servicios que ofrecemos pueden instalar cookies de terceros en su ordenador cuando visita el Sitio. Estas cookies permiten a terceros recopilar y rastrear informaci\u00f3n sobre usted. Estas cookies se pueden desactivar manualmente en su navegador.<\/p><h5>CONTROL DE COOKIES<\/h5><p>La mayor\u00eda de los navegadores aceptan cookies por defecto. Sin embargo, puede eliminarlas o rechazarlas en la configuraci\u00f3n de su navegador. Tenga en cuenta que esto podr\u00eda afectar la disponibilidad y funcionalidad del Sitio.<\/p><p>Para obtener m\u00e1s informaci\u00f3n sobre c\u00f3mo controlar las cookies, consulte la configuraci\u00f3n de su navegador o dispositivo para saber c\u00f3mo puede controlar o rechazar las cookies, o visite los siguientes enlaces:<\/p><ul><li>Safari de Apple: https:\/\/support.apple.com\/guide\/safari\/manage-cookies-sfri11471\/mac<\/li><li>Google Chrome &#8211; https:\/\/support.google.com\/chrome\/answer\/95647?co=GENIE.Platform%3DDesktop&amp;hl=en<\/li><li>Microsoft Edge \u2013 https:\/\/privacy.microsoft.com\/es-es\/windows-10-microsoft-edge-and-privacy<\/li><li>Microsoft Internet Explorer: https:\/\/support.microsoft.com\/es-es\/help\/17442\/windows-internet-explorer-delete-manage-cookies<\/li><li>Mozilla Firefox \u2013 https:\/\/support.mozilla.org\/es-ES\/kb\/habilitar-y-deshabilitar-cookies-preferencias-de-sitios-web<\/li><li>Opera \u2013 http:\/\/www.opera.com\/help\/tutorials\/security\/cookies\/<\/li><li>Android (Chrome) &#8211; https:\/\/support.google.com\/chrome\/answer\/95647?co=GENIE.Platform%3DAndroid&amp;hl=en&amp;oco=1<\/li><li>BlackBerry \u2013 https:\/\/help.blackberry.com\/es\/blackberry-classic\/10.3.1\/help\/mwa1334238823957.html<\/li><li>Iphone or Ipad (Chrome) &#8211; https:\/\/support.google.com\/chrome\/answer\/95647?co=GENIE.Platform%3DiOS&amp;hl=en&amp;oco=1<\/li><\/ul><p>Adem\u00e1s, puede optar por no recibir algunas cookies de terceros a trav\u00e9s de la herramienta de exclusi\u00f3n voluntaria de la Iniciativa de publicidad en red.<\/p><h5>OTRAS TECNOLOG\u00cdAS DE SEGUIMIENTO<\/h5><p>Adem\u00e1s de las cookies, podemos utilizar balizas web, etiquetas de p\u00edxel y otras tecnolog\u00edas de seguimiento en el Sitio para personalizarlo y mejorar su experiencia. Una &quot;baliza web&quot; o &quot;etiqueta de p\u00edxel&quot; es un peque\u00f1o objeto o imagen incrustado en una p\u00e1gina web o correo electr\u00f3nico. Se utilizan para rastrear el n\u00famero de usuarios que han visitado p\u00e1ginas espec\u00edficas y visto correos electr\u00f3nicos, y para obtener otros datos estad\u00edsticos. Recopilan solo un conjunto limitado de datos, como el n\u00famero de cookie, la hora y fecha de visualizaci\u00f3n de la p\u00e1gina o correo electr\u00f3nico, y una descripci\u00f3n de la p\u00e1gina o correo electr\u00f3nico en el que se encuentran. Las balizas web y las etiquetas de p\u00edxel no se pueden rechazar. Sin embargo, puede limitar su uso controlando las cookies que interact\u00faan con ellas.<\/p><h5>POL\u00cdTICA DE PRIVACIDAD<\/h5><p>Para obtener m\u00e1s informaci\u00f3n sobre c\u00f3mo utilizamos la informaci\u00f3n recopilada por las cookies y otras tecnolog\u00edas de seguimiento, consulte nuestra Pol\u00edtica de Privacidad publicada en el Sitio. Esta Pol\u00edtica de Cookies forma parte de nuestra Pol\u00edtica de Privacidad y est\u00e1 incorporada a ella. Al utilizar el Sitio, usted acepta estar sujeto a esta Pol\u00edtica de Cookies y a nuestra Pol\u00edtica de Privacidad.<\/p><h5>CONT\u00c1CTENOS<\/h5><p>Si tiene preguntas o comentarios sobre esta Pol\u00edtica de cookies, cont\u00e1ctenos en:<\/p><h6><strong>Dr. Eugene Lipov<\/strong><br \/>egl@dreugenelipov.com<\/h6><p>\u00daltima modificaci\u00f3n: abril de 2026<\/p>\t\t\t\t\t\t\t\t<\/div>\n\t\t\t\t\t<\/div>\n\t\t\t\t<\/div>\n\t\t\t\t<\/div>","protected":false},"excerpt":{"rendered":"<p>COOKIE POLICY Dr. Eugene Lipov (\u201cwe\u201d or \u201cus\u201d or \u201cour\u201d) may use cookies, web beacons, tracking pixels, and other tracking technologies when you visit our website www.DrEugeneLipov.com, including any other media form, media channel, mobile website, or mobile application related or connected thereto (collectively, the \u201cSite\u201d) to help customize the Site and improve your experience. [&hellip;]<\/p>\n","protected":false},"author":10,"featured_media":0,"parent":0,"menu_order":0,"comment_status":"closed","ping_status":"closed","template":"","meta":{"footnotes":""},"class_list":["post-958","page","type-page","status-publish","hentry"],"_links":{"self":[{"href":"https:\/\/dreugenelipov.com\/es\/wp-json\/wp\/v2\/pages\/958","targetHints":{"allow":["GET"]}}],"collection":[{"href":"https:\/\/dreugenelipov.com\/es\/wp-json\/wp\/v2\/pages"}],"about":[{"href":"https:\/\/dreugenelipov.com\/es\/wp-json\/wp\/v2\/types\/page"}],"author":[{"embeddable":true,"href":"https:\/\/dreugenelipov.com\/es\/wp-json\/wp\/v2\/users\/10"}],"replies":[{"embeddable":true,"href":"https:\/\/dreugenelipov.com\/es\/wp-json\/wp\/v2\/comments?post=958"}],"version-history":[{"count":9,"href":"https:\/\/dreugenelipov.com\/es\/wp-json\/wp\/v2\/pages\/958\/revisions"}],"predecessor-version":[{"id":10698,"href":"https:\/\/dreugenelipov.com\/es\/wp-json\/wp\/v2\/pages\/958\/revisions\/10698"}],"wp:attachment":[{"href":"https:\/\/dreugenelipov.com\/es\/wp-json\/wp\/v2\/media?parent=958"}],"curies":[{"name":"wp","href":"https:\/\/api.w.org\/{rel}","templated":true}]}}