{"id":956,"date":"2023-03-16T12:59:59","date_gmt":"2023-03-16T12:59:59","guid":{"rendered":"https:\/\/dreugenelipov.com\/?page_id=956"},"modified":"2023-03-16T13:26:29","modified_gmt":"2023-03-16T13:26:29","slug":"terms-of-use","status":"publish","type":"page","link":"https:\/\/dreugenelipov.com\/es\/terms-of-use\/","title":{"rendered":"Condiciones de uso"},"content":{"rendered":"<div data-elementor-type=\"wp-page\" data-elementor-id=\"956\" class=\"elementor elementor-956\" data-elementor-post-type=\"page\">\n\t\t\t\t<div class=\"elementor-element elementor-element-63c9719 e-flex e-con-boxed e-con e-parent\" data-id=\"63c9719\" data-element_type=\"container\" data-e-type=\"container\" data-settings=\"{&quot;background_background&quot;:&quot;classic&quot;}\">\n\t\t\t\t\t<div class=\"e-con-inner\">\n\t\t\t\t<div class=\"elementor-element elementor-element-c812e59 elementor-widget elementor-widget-heading\" data-id=\"c812e59\" data-element_type=\"widget\" data-e-type=\"widget\" data-widget_type=\"heading.default\">\n\t\t\t\t\t<h2 class=\"elementor-heading-title elementor-size-default\">CONDICIONES DE USO<\/h2>\t\t\t\t<\/div>\n\t\t\t\t<div class=\"elementor-element elementor-element-1291f04 elementor-widget elementor-widget-text-editor\" data-id=\"1291f04\" data-element_type=\"widget\" data-e-type=\"widget\" data-widget_type=\"text-editor.default\">\n\t\t\t\t\t\t\t\t\t<p>Al acceder a este sitio web, usted acepta regirse por estos T\u00e9rminos de uso y todas las leyes y normativas aplicables, y se responsabiliza del cumplimiento de las leyes locales aplicables. Si no acepta alguno de estos t\u00e9rminos, se le proh\u00edbe usar o acceder a este sitio.<\/p><p><br \/>ESTE ACUERDO ES ENTRE EL USUARIO Y www.DrEugeneLipov.com (\u201cSitio web\u201d), que es propiedad exclusiva del Dr. Eugene Lipov.<\/p><p>El prop\u00f3sito de nuestro sitio web es proporcionar informaci\u00f3n pertinente, servicios y una comunidad en l\u00ednea. www.DrEugeneLipov.com es un sitio web informativo y no ofrece servicios legales, financieros ni profesionales de ning\u00fan otro tipo, ni asesoramiento sobre compras ni sobre qu\u00e9 proveedores de servicios utilizar. Toda la informaci\u00f3n presentada en el sitio web tiene \u00fanicamente fines educativos y de recursos. El uso de la informaci\u00f3n contenida en este sitio web es responsabilidad exclusiva del usuario.<\/p><p>El Sitio Web se ofrece a su disposici\u00f3n bajo la condici\u00f3n de que acepte, sin modificaciones, los t\u00e9rminos, condiciones y avisos aqu\u00ed contenidos. Su uso del Sitio Web constituye su aceptaci\u00f3n de todos dichos t\u00e9rminos, condiciones y avisos. Por favor, lea atentamente estos t\u00e9rminos, ya que cualquier derecho no expresamente otorgado en el presente documento queda reservado.<\/p><h4>MODIFICACI\u00d3N DE ESTOS T\u00c9RMINOS DE USO<\/h4><p>www.DrEugeneLipov.com se reserva el derecho de modificar los t\u00e9rminos, condiciones y avisos bajo los cuales se ofrece el sitio web. La versi\u00f3n m\u00e1s reciente de los T\u00e9rminos de Uso prevalecer\u00e1 sobre todas las versiones anteriores. Le recomendamos revisar peri\u00f3dicamente los T\u00e9rminos de Uso para mantenerse al tanto de las actualizaciones.<\/p><h4>ENLACES A SITIOS DE TERCEROS<\/h4><p>El Sitio Web puede contener enlaces a otros sitios web (\u201cSitios Enlazados\u201d). Estos Sitios no est\u00e1n bajo el control del Sitio Web y www.DrEugeneLipov.com no se responsabiliza del contenido de ninguno de ellos, incluyendo, entre otros, cualquier enlace incluido en un Sitio Enlazado, ni de ning\u00fan cambio o actualizaci\u00f3n del mismo. www.DrEugeneLipov.com le proporciona estos enlaces \u00fanicamente para su comodidad, y la inclusi\u00f3n de cualquier enlace no implica el respaldo, garant\u00eda ni aprobaci\u00f3n oficial por parte del Sitio Web del sitio ni ninguna asociaci\u00f3n con sus operadores.<\/p><h4>NO USO ILEGAL O PROHIBIDO<\/h4><p>Como condici\u00f3n para el uso del Sitio Web, usted garantiza a www.DrEugeneLipov.com que no lo utilizar\u00e1 para ning\u00fan fin ilegal o prohibido por estos t\u00e9rminos. No podr\u00e1 utilizar el Sitio Web de ninguna manera que pueda da\u00f1arlo, inutilizarlo, sobrecargarlo o perjudicarlo, ni interferir con el uso y disfrute del mismo por parte de terceros. No podr\u00e1 obtener ni intentar obtener ning\u00fan material o informaci\u00f3n por ning\u00fan medio que no est\u00e9 intencionalmente disponible o proporcionado a trav\u00e9s del Sitio Web.<\/p><p>Todo el contenido incluido en el Sitio Web, como textos, gr\u00e1ficos, logotipos, im\u00e1genes, as\u00ed como su compilaci\u00f3n, y cualquier software utilizado en el Sitio Web, es propiedad del Dr. Eugene Lipov y est\u00e1 protegido por las leyes que protegen la propiedad intelectual y los derechos de propiedad. Usted se compromete a observar y acatar todas las restricciones y a no modificarlas.<\/p><p>No modificar\u00e1, publicar\u00e1, transmitir\u00e1, aplicar\u00e1 ingenier\u00eda inversa, crear\u00e1 obras derivadas ni explotar\u00e1 de ninguna manera el contenido, total o parcial, del Sitio Web. Su uso del Sitio Web no le da derecho a hacer un uso no autorizado de ning\u00fan contenido, ni a eliminarlo ni alterarlo. Utilizar\u00e1 el contenido exclusivamente para su uso personal y no le dar\u00e1 ning\u00fan otro uso sin la autorizaci\u00f3n expresa por escrito del Dr. Eugene Lipov. Usted acepta que no adquiere ning\u00fan derecho de propiedad sobre el contenido del Sitio Web. No le otorgamos ninguna licencia, expresa o impl\u00edcita, sobre la propiedad intelectual de www.DrEugeneLipov.com, salvo que se autorice expresamente en estos T\u00e9rminos.<\/p><h4>USO DE LOS SERVICIOS DE COMUNICACI\u00d3N<\/h4><p>El Sitio Web puede contener servicios de tabl\u00f3n de anuncios, \u00e1reas de chat, grupos de noticias, foros, comunidades, p\u00e1ginas web personales, calendarios y\/u otras herramientas de mensajer\u00eda o comunicaci\u00f3n dise\u00f1adas para permitirle comunicarse con un grupo (colectivamente, &quot;Servicios de Comunicaci\u00f3n&quot;). Usted acepta usar los Servicios de Comunicaci\u00f3n \u00fanicamente para publicar, enviar y recibir mensajes y material que sean apropiados y est\u00e9n relacionados con el Servicio de Comunicaci\u00f3n en particular. A modo de ejemplo, y no como una limitaci\u00f3n, usted acepta que al usar un Servicio de Comunicaci\u00f3n, no: Difamar, abusar, acosar, acechar, amenazar o violar de otra manera los derechos legales (como los derechos de privacidad y publicidad) de otros; Publicar, enviar, cargar, distribuir o difundir cualquier tema, nombre, material o informaci\u00f3n inapropiado, profano, difamatorio, infractor, obsceno, indecente o ilegal; Cargar archivos que contengan software u otro material protegido por las leyes de propiedad intelectual (o por derechos de privacidad o publicidad) a menos que usted sea el propietario o controle los derechos correspondientes o haya recibido todo el consentimiento por escrito necesario del Dr. Eugene Lipov; Subir archivos que contengan virus, archivos da\u00f1ados o cualquier otro software o programa similar que pueda da\u00f1ar el funcionamiento del ordenador de otra persona; Anunciar u ofrecer la venta o compra de bienes o servicios con fines comerciales, a menos que dicho Servicio de Comunicaci\u00f3n lo permita espec\u00edficamente; Realizar o reenviar encuestas, concursos, esquemas piramidales o cartas en cadena; Descargar cualquier archivo publicado por otro usuario de un Servicio de Comunicaci\u00f3n que usted sepa, o razonablemente deba saber, que no puede distribuirse legalmente de esa manera. Acepta que puede haber interrupciones en el servicio o eventos que escapan al control del Sitio Web, y que el Sitio Web no se responsabiliza de la p\u00e9rdida de datos durante la transmisi\u00f3n de informaci\u00f3n por Internet. Si bien el objetivo del Sitio Web es estar disponible las 24 horas, los 7 d\u00edas de la semana, es posible que no est\u00e9 disponible ocasionalmente por cualquier motivo, incluido, entre otros, el mantenimiento rutinario; Restringir o impedir que cualquier otro usuario use y disfrute de los Servicios de Comunicaci\u00f3n; Infringir cualquier c\u00f3digo de conducta u otras directrices aplicables a cualquier Servicio de Comunicaci\u00f3n; Recopilar o recopilar informaci\u00f3n sobre otros, incluidas direcciones de correo electr\u00f3nico, sin su consentimiento; Infringir cualquier ley o normativa aplicable.<\/p><p>El sitio web no tiene la obligaci\u00f3n de supervisar los Servicios de Comunicaci\u00f3n. Sin embargo, www.DrEugeneLipov.com se reserva el derecho de revisar los materiales publicados en un Servicio de Comunicaci\u00f3n y de eliminarlos a su entera discreci\u00f3n. El sitio web se reserva el derecho de cancelar su acceso a cualquiera o todos los Servicios de Comunicaci\u00f3n en cualquier momento, sin previo aviso y por cualquier motivo.<\/p><p>El sitio web se reserva el derecho en todo momento de revelar cualquier informaci\u00f3n que sea necesaria para cumplir con cualquier ley, regulaci\u00f3n, proceso legal o solicitud gubernamental aplicable, o de editar, negarse a publicar o eliminar cualquier informaci\u00f3n o material, en su totalidad o en parte, a discreci\u00f3n exclusiva del sitio web.<\/p><h4>MATERIALES PROPORCIONADOS A www.DrEugeneLipov.com<\/h4><p>Al publicar, subir, ingresar, proporcionar o enviar su Env\u00edo, usted otorga al Sitio Web permiso para usar su Env\u00edo, sin limitaci\u00f3n alguna, para copiar, distribuir, transmitir, exhibir p\u00fablicamente, reproducir, editar, traducir y reformatear su Env\u00edo; y para publicar su nombre en relaci\u00f3n con su Env\u00edo. No se pagar\u00e1 ninguna compensaci\u00f3n por el uso de su Env\u00edo, seg\u00fan lo estipulado en este documento. El Sitio Web no tiene la obligaci\u00f3n de publicar ni usar ning\u00fan Env\u00edo que usted proporcione y podr\u00e1 eliminar cualquier Env\u00edo en cualquier momento a su entera discreci\u00f3n.<\/p><p>Al publicar, cargar, ingresar, proporcionar o enviar su Env\u00edo, usted garantiza y declara que posee o controla de otro modo todos los derechos sobre su Env\u00edo como se describe en esta secci\u00f3n, incluidos, entre otros, todos los derechos necesarios para proporcionar, publicar, cargar, ingresar o enviar los Env\u00edos.<\/p><h4>INDEMNIZACI\u00d3N<\/h4><p>Usted acepta indemnizar, defender y eximir de responsabilidad a www.DrEugeneLipov.com, sus directivos, directores, empleados, agentes y terceros, por cualquier p\u00e9rdida, coste, responsabilidad y gasto (incluidos los honorarios razonables de abogados) relacionados con o derivados de su uso o incapacidad para usar el Sitio o los servicios, cualquier publicaci\u00f3n que usted haga, su incumplimiento de cualquier t\u00e9rmino de este Acuerdo o de cualquier derecho de un tercero, o su incumplimiento de cualquier ley, norma o reglamento aplicable. El sitio web se reserva el derecho de asumir la defensa y el control exclusivos de cualquier asunto sujeto a indemnizaci\u00f3n por su parte, en cuyo caso usted cooperar\u00e1 plenamente con www.DrEugeneLipov.com (y sus sitios hermanos) para hacer valer cualquier defensa disponible.<\/p><p>En la medida m\u00e1xima permitida por la legislaci\u00f3n aplicable, el Sitio Web no ser\u00e1 responsable en ning\u00fan caso de da\u00f1os directos, indirectos, punitivos, incidentales, especiales, consecuenciales ni de ning\u00fan otro tipo, incluyendo, entre otros, da\u00f1os por p\u00e9rdida de uso, datos o beneficios, derivados o relacionados de alguna manera con el uso o el rendimiento del Sitio Web, con la demora o la imposibilidad de usar el Sitio Web o los servicios relacionados. Si no est\u00e1 satisfecho con alguna parte del Sitio Web o con alguno de estos t\u00e9rminos de uso, su \u00fanica y exclusiva soluci\u00f3n es dejar de usar el Sitio Web.<\/p><h4>DISPUTAS<\/h4><p>Usted acepta que cualquier disputa sobre nuestra Pol\u00edtica de Privacidad o nuestras Condiciones de Uso, o cualquier otro acuerdo que tengamos con usted, se regir\u00e1 por las leyes de Illinois. Tambi\u00e9n acepta arbitrar dichas disputas en Illinois y acatar cualquier limitaci\u00f3n sobre da\u00f1os y perjuicios contenida en cualquier acuerdo que se alcance.<\/p><p>Salvo que se especifique lo contrario, este acuerdo constituye el acuerdo completo entre el Usuario y www.DrEugeneLipov.com con respecto al Sitio Web y sustituye todas las comunicaciones y propuestas anteriores o actuales, ya sean electr\u00f3nicas, orales o escritas, entre el Usuario y el sitio web www.DrEugeneLipov.com. Una versi\u00f3n impresa de este acuerdo y de cualquier notificaci\u00f3n realizada en formato electr\u00f3nico ser\u00e1 admisible en procedimientos judiciales o administrativos basados en o relacionados con este acuerdo, en la misma medida y con las mismas condiciones que otros documentos y registros comerciales generados y conservados originalmente en formato impreso. Es deseo expreso de las partes que este acuerdo y todos los documentos relacionados se redacten en ingl\u00e9s.<\/p><p>\u00daltima modificaci\u00f3n: abril de 2022<\/p>\t\t\t\t\t\t\t\t<\/div>\n\t\t\t\t\t<\/div>\n\t\t\t\t<\/div>\n\t\t\t\t<\/div>","protected":false},"excerpt":{"rendered":"<p>TERMS OF USE By accessing this Website, you are agreeing to be bound by these Terms of Use, all applicable laws and regulations, and agree that you are responsible for compliance with any applicable local laws. If you do not agree with any of these terms, you are prohibited from using or accessing this site. [&hellip;]<\/p>\n","protected":false},"author":10,"featured_media":0,"parent":0,"menu_order":0,"comment_status":"closed","ping_status":"closed","template":"","meta":{"footnotes":""},"class_list":["post-956","page","type-page","status-publish","hentry"],"_links":{"self":[{"href":"https:\/\/dreugenelipov.com\/es\/wp-json\/wp\/v2\/pages\/956","targetHints":{"allow":["GET"]}}],"collection":[{"href":"https:\/\/dreugenelipov.com\/es\/wp-json\/wp\/v2\/pages"}],"about":[{"href":"https:\/\/dreugenelipov.com\/es\/wp-json\/wp\/v2\/types\/page"}],"author":[{"embeddable":true,"href":"https:\/\/dreugenelipov.com\/es\/wp-json\/wp\/v2\/users\/10"}],"replies":[{"embeddable":true,"href":"https:\/\/dreugenelipov.com\/es\/wp-json\/wp\/v2\/comments?post=956"}],"version-history":[{"count":6,"href":"https:\/\/dreugenelipov.com\/es\/wp-json\/wp\/v2\/pages\/956\/revisions"}],"predecessor-version":[{"id":966,"href":"https:\/\/dreugenelipov.com\/es\/wp-json\/wp\/v2\/pages\/956\/revisions\/966"}],"wp:attachment":[{"href":"https:\/\/dreugenelipov.com\/es\/wp-json\/wp\/v2\/media?parent=956"}],"curies":[{"name":"wp","href":"https:\/\/api.w.org\/{rel}","templated":true}]}}