{"id":9182,"date":"2025-11-03T19:08:32","date_gmt":"2025-11-03T19:08:32","guid":{"rendered":"https:\/\/dreugenelipov.com\/?page_id=9182"},"modified":"2026-02-10T19:12:07","modified_gmt":"2026-02-10T19:12:07","slug":"medical-legal-consultant-dr-eugene-lipov","status":"publish","type":"page","link":"https:\/\/dreugenelipov.com\/es\/medical-legal-consultant-dr-eugene-lipov\/","title":{"rendered":"Medical Legal Consultant | Dr. Eugene Lipov"},"content":{"rendered":"\t\t<div data-elementor-type=\"wp-page\" data-elementor-id=\"9182\" class=\"elementor elementor-9182\" data-elementor-post-type=\"page\">\n\t\t\t\t<div class=\"elementor-element elementor-element-58796b20 e-con-full e-flex e-con e-parent\" data-id=\"58796b20\" data-element_type=\"container\" data-e-type=\"container\" data-settings=\"{&quot;background_background&quot;:&quot;classic&quot;,&quot;animation&quot;:&quot;none&quot;}\">\n\t\t<div class=\"elementor-element elementor-element-1e1d08b4 e-con-full e-flex e-con e-child\" data-id=\"1e1d08b4\" data-element_type=\"container\" data-e-type=\"container\" data-settings=\"{&quot;background_background&quot;:&quot;classic&quot;}\">\n\t\t\t\t<div class=\"elementor-element elementor-element-2ee45b84 elementor-widget elementor-widget-heading\" data-id=\"2ee45b84\" data-element_type=\"widget\" data-e-type=\"widget\" data-widget_type=\"heading.default\">\n\t\t\t\t\t<h1 class=\"elementor-heading-title elementor-size-default\">Medical Legal Consultant<\/h1>\t\t\t\t<\/div>\n\t\t\t\t<\/div>\n\t\t\t\t<\/div>\n\t\t<div class=\"elementor-element elementor-element-1bde738 e-flex e-con-boxed e-con e-parent\" data-id=\"1bde738\" data-element_type=\"container\" data-e-type=\"container\" data-settings=\"{&quot;background_background&quot;:&quot;classic&quot;}\">\n\t\t\t\t\t<div class=\"e-con-inner\">\n\t\t<div class=\"elementor-element elementor-element-6c76053 e-con-full e-flex e-con e-child\" data-id=\"6c76053\" data-element_type=\"container\" data-e-type=\"container\">\n\t\t\t\t<div class=\"elementor-element elementor-element-2418242 elementor-widget elementor-widget-heading\" data-id=\"2418242\" data-element_type=\"widget\" data-e-type=\"widget\" data-widget_type=\"heading.default\">\n\t\t\t\t\t<h1 class=\"elementor-heading-title elementor-size-default\">Dr. Eugene Lipov, MD \u2014 Expert Witness in Pain Medicine &amp; Medical Devices<\/h1>\t\t\t\t<\/div>\n\t\t\t\t<div class=\"elementor-element elementor-element-b4c06c5 elementor-widget elementor-widget-text-editor\" data-id=\"b4c06c5\" data-element_type=\"widget\" data-e-type=\"widget\" data-widget_type=\"text-editor.default\">\n\t\t\t\t\t\t\t\t\t<p>Trusted Expertise. Proven Experience. Innovative Leadership.<\/p>\t\t\t\t\t\t\t\t<\/div>\n\t\t\t\t<\/div>\n\t\t<div class=\"elementor-element elementor-element-80ef7fe e-con-full e-flex e-con e-child\" data-id=\"80ef7fe\" data-element_type=\"container\" data-e-type=\"container\">\n\t\t\t\t<div class=\"elementor-element elementor-element-f7f78fc elementor-widget elementor-widget-image\" data-id=\"f7f78fc\" data-element_type=\"widget\" data-e-type=\"widget\" data-widget_type=\"image.default\">\n\t\t\t\t\t\t\t\t\t\t\t\t\t\t\t<img fetchpriority=\"high\" decoding=\"async\" width=\"683\" height=\"1024\" src=\"https:\/\/dreugenelipov.com\/wp-content\/uploads\/2025\/10\/best-picture--683x1024.jpeg\" class=\"attachment-large size-large wp-image-8893\" alt=\"\" srcset=\"https:\/\/dreugenelipov.com\/wp-content\/uploads\/2025\/10\/best-picture--683x1024.jpeg 683w, https:\/\/dreugenelipov.com\/wp-content\/uploads\/2025\/10\/best-picture--200x300.jpeg 200w, https:\/\/dreugenelipov.com\/wp-content\/uploads\/2025\/10\/best-picture--768x1152.jpeg 768w, https:\/\/dreugenelipov.com\/wp-content\/uploads\/2025\/10\/best-picture--1024x1536.jpeg 1024w, https:\/\/dreugenelipov.com\/wp-content\/uploads\/2025\/10\/best-picture--1366x2048.jpeg 1366w, https:\/\/dreugenelipov.com\/wp-content\/uploads\/2025\/10\/best-picture--scaled.jpeg 1707w\" sizes=\"(max-width: 683px) 100vw, 683px\">\t\t\t\t\t\t\t\t\t\t\t\t\t\t\t<\/div>\n\t\t\t\t<\/div>\n\t\t\t\t\t<\/div>\n\t\t\t\t<\/div>\n\t\t<div class=\"elementor-element elementor-element-defa859 e-flex e-con-boxed e-con e-parent\" data-id=\"defa859\" data-element_type=\"container\" data-e-type=\"container\">\n\t\t\t\t\t<div class=\"e-con-inner\">\n\t\t<div class=\"elementor-element elementor-element-f091763 e-con-full e-flex e-con e-child\" data-id=\"f091763\" data-element_type=\"container\" data-e-type=\"container\">\n\t\t\t\t<div class=\"elementor-element elementor-element-e8263de elementor-widget elementor-widget-text-editor\" data-id=\"e8263de\" data-element_type=\"widget\" data-e-type=\"widget\" data-widget_type=\"text-editor.default\">\n\t\t\t\t\t\t\t\t\t<p>Dr. Eugene Lipov is a board-certified pain management and anesthesiology physician with over 35 years of clinical experience. Recognized nationally for his pioneering work in pain medicine and medical innovation, Dr. Lipov offers expert witness services across a broad range of medical and technical cases.<\/p>\t\t\t\t\t\t\t\t<\/div>\n\t\t\t\t<\/div>\n\t\t<div class=\"elementor-element elementor-element-921194f e-con-full e-flex e-con e-child\" data-id=\"921194f\" data-element_type=\"container\" data-e-type=\"container\">\n\t\t\t\t<div class=\"elementor-element elementor-element-f6aa2f5 elementor-widget elementor-widget-video\" data-id=\"f6aa2f5\" data-element_type=\"widget\" data-e-type=\"widget\" data-settings=\"{&quot;video_type&quot;:&quot;hosted&quot;,&quot;show_image_overlay&quot;:&quot;yes&quot;,&quot;image_overlay&quot;:{&quot;url&quot;:&quot;https:\\\/\\\/dreugenelipov.com\\\/wp-content\\\/uploads\\\/2025\\\/12\\\/legal.jpg&quot;,&quot;id&quot;:9456,&quot;size&quot;:&quot;&quot;,&quot;alt&quot;:&quot;&quot;,&quot;source&quot;:&quot;library&quot;},&quot;controls&quot;:&quot;yes&quot;}\" data-widget_type=\"video.default\">\n\t\t\t\t\t\t\t<div class=\"e-hosted-video elementor-wrapper elementor-open-inline\">\n\t\t\t\t\t<video class=\"elementor-video\" src=\"https:\/\/dreugenelipov.com\/wp-content\/uploads\/2025\/12\/Anesthesia%20and%20Pain%20Management%20Expert%20Witness.mp4\" controls=\"\" preload=\"metadata\" controlsList=\"nodownload\"><\/video>\n\t\t\t\t\t\t<div class=\"elementor-custom-embed-image-overlay\" style=\"background-image: url(https:\/\/dreugenelipov.com\/wp-content\/uploads\/2025\/12\/legal.jpg);\">\n\t\t\t\t\t\t\t\t\t\t\t\t\t\t\t\t<div class=\"elementor-custom-embed-play\" role=\"button\" aria-label=\"Reproducir v\u00eddeo\" tabindex=\"0\">\n\t\t\t\t\t\t\t<svg aria-hidden=\"true\" class=\"e-font-icon-svg e-eicon-play\" viewBox=\"0 0 1000 1000\" xmlns=\"http:\/\/www.w3.org\/2000\/svg\"><path d=\"M838 162C746 71 633 25 500 25 371 25 258 71 163 162 71 254 25 367 25 500 25 633 71 746 163 837 254 929 367 979 500 979 633 979 746 933 838 837 929 746 975 633 975 500 975 367 929 254 838 162M808 192C892 279 933 379 933 500 933 621 892 725 808 808 725 892 621 938 500 938 379 938 279 896 196 808 113 725 67 621 67 500 67 379 108 279 196 192 279 108 383 62 500 62 621 62 721 108 808 192M438 392V642L642 517 438 392Z\"><\/path><\/svg>\t\t\t\t\t\t<\/div>\n\t\t\t\t\t\t\t\t\t<\/div>\n\t\t\t\t\t<\/div>\n\t\t\t\t\t\t<\/div>\n\t\t\t\t<\/div>\n\t\t\t\t\t<\/div>\n\t\t\t\t<\/div>\n\t\t<div class=\"elementor-element elementor-element-be0dd56 e-flex e-con-boxed e-con e-parent\" data-id=\"be0dd56\" data-element_type=\"container\" data-e-type=\"container\">\n\t\t\t\t\t<div class=\"e-con-inner\">\n\t\t<div class=\"elementor-element elementor-element-5468de1 e-con-full e-flex e-con e-child\" data-id=\"5468de1\" data-element_type=\"container\" data-e-type=\"container\">\n\t\t\t\t<div class=\"elementor-element elementor-element-2058143 elementor-widget elementor-widget-image-box\" data-id=\"2058143\" data-element_type=\"widget\" data-e-type=\"widget\" data-widget_type=\"image-box.default\">\n\t\t\t\t\t<div class=\"elementor-image-box-wrapper\"><div class=\"elementor-image-box-content\"><h4 class=\"elementor-image-box-title\">Expert Witness Services<\/h4><p class=\"elementor-image-box-description\">Dr. Lipov has provided expert opinions and testimony in over 1,000 depositions, bringing clarity, precision, and scientific rigor to complex medical-legal matters.<\/p><\/div><\/div>\t\t\t\t<\/div>\n\t\t\t\t<div class=\"elementor-element elementor-element-d326b8c elementor-widget elementor-widget-text-editor\" data-id=\"d326b8c\" data-element_type=\"widget\" data-e-type=\"widget\" data-widget_type=\"text-editor.default\">\n\t\t\t\t\t\t\t\t\t<p><span data-teams=\"true\"><strong>Areas of Expertise:<\/strong><\/span><\/p><ul><li>Pain Management<\/li><li>Medical Devices &amp; Clinical Procedures<\/li><li>Independent Medical Examinations (IME)<\/li><li>Intellectual Property &amp; Patent Evaluation<\/li><li>Fraud and Professional Conduct Cases<\/li><li>Complex Regional Pain Syndrome (CRPS)<\/li><li>PTSD &amp; Trauma-Related Disorders<\/li><li>Chronic Pain, Addiction, and Opioid Management<\/li><\/ul>\t\t\t\t\t\t\t\t<\/div>\n\t\t\t\t<div class=\"elementor-element elementor-element-de8d027 elementor-widget elementor-widget-heading\" data-id=\"de8d027\" data-element_type=\"widget\" data-e-type=\"widget\" data-widget_type=\"heading.default\">\n\t\t\t\t\t<h4 class=\"elementor-heading-title elementor-size-default\"> Education &amp; Credentials<\/h4>\t\t\t\t<\/div>\n\t\t\t\t<div class=\"elementor-element elementor-element-b436472 elementor-widget elementor-widget-text-editor\" data-id=\"b436472\" data-element_type=\"widget\" data-e-type=\"widget\" data-widget_type=\"text-editor.default\">\n\t\t\t\t\t\t\t\t\t<ul><li><strong>BA &amp; MD \u2014 Northwestern University<\/strong><\/li><li><strong>Board Certified<\/strong> in Pain Medicine &amp; Anesthesiology<\/li><li><strong>Faculty<\/strong> \u2013 University of Illinois College of Medicine<\/li><li><strong>Licensed in 9 States:<\/strong> CA, FL, GA, IL, MA, NY, NC, VA, WA<\/li><\/ul>\t\t\t\t\t\t\t\t<\/div>\n\t\t\t\t<\/div>\n\t\t<div class=\"elementor-element elementor-element-bc737aa e-con-full e-flex e-con e-child\" data-id=\"bc737aa\" data-element_type=\"container\" data-e-type=\"container\">\n\t\t\t\t<div class=\"elementor-element elementor-element-aa2c43d elementor-widget elementor-widget-image-box\" data-id=\"aa2c43d\" data-element_type=\"widget\" data-e-type=\"widget\" data-widget_type=\"image-box.default\">\n\t\t\t\t\t<div class=\"elementor-image-box-wrapper\"><div class=\"elementor-image-box-content\"><h4 class=\"elementor-image-box-title\"> Innovations &amp; Contributions<\/h4><\/div><\/div>\t\t\t\t<\/div>\n\t\t\t\t<div class=\"elementor-element elementor-element-9376cd8 elementor-widget elementor-widget-text-editor\" data-id=\"9376cd8\" data-element_type=\"widget\" data-e-type=\"widget\" data-widget_type=\"text-editor.default\">\n\t\t\t\t\t\t\t\t\t<p>As a <strong>founding member of the American Society of Interventional Pain Physicians<\/strong>, Dr. Lipov has contributed groundbreaking advancements in the field of pain medicine:<\/p><ul><li><strong>Pioneered the use of Stellate Ganglion Block (SGB)<\/strong> for <strong>PTSD and hot flashes<\/strong><\/li><li><strong>Developed the Dual Sympathetic Reset (DSR) protocol<\/strong> \u2014 a novel treatment for trauma-related disorders<\/li><li><strong>Invented a hybrid spinal stimulator (DCS + Sub-Q)<\/strong> design<\/li><li><strong>Improved the Sprotte needle<\/strong>, enhancing procedural safety and outcomes<\/li><\/ul><p><br \/>His innovative work has shaped modern pain management and continues to influence treatment standards worldwide.<\/p>\t\t\t\t\t\t\t\t<\/div>\n\t\t\t\t<div class=\"elementor-element elementor-element-7a77805 elementor-widget elementor-widget-heading\" data-id=\"7a77805\" data-element_type=\"widget\" data-e-type=\"widget\" data-widget_type=\"heading.default\">\n\t\t\t\t\t<h4 class=\"elementor-heading-title elementor-size-default\">Media Recognition<\/h4>\t\t\t\t<\/div>\n\t\t\t\t<div class=\"elementor-element elementor-element-d159967 elementor-widget elementor-widget-text-editor\" data-id=\"d159967\" data-element_type=\"widget\" data-e-type=\"widget\" data-widget_type=\"text-editor.default\">\n\t\t\t\t\t\t\t\t\t<p><span data-teams=\"true\">Dr. Lipov\u2019s research and clinical innovations have been featured in major media outlets, including:<br \/><i>The Wall Street Journal<\/i>, <i>Los Angeles Times<\/i>, <i>Chicago Tribune<\/i>, and on <i>ABC<\/i>, <i>NBC<\/i>, and <i>WGN<\/i>.<\/span><\/p>\t\t\t\t\t\t\t\t<\/div>\n\t\t\t\t<\/div>\n\t\t\t\t\t<\/div>\n\t\t\t\t<\/div>\n\t\t<div class=\"elementor-element elementor-element-9e954b5 e-flex e-con-boxed e-con e-parent\" data-id=\"9e954b5\" data-element_type=\"container\" data-e-type=\"container\">\n\t\t\t\t\t<div class=\"e-con-inner\">\n\t\t<div class=\"elementor-element elementor-element-1c8a65b e-con-full e-flex e-con e-child\" data-id=\"1c8a65b\" data-element_type=\"container\" data-e-type=\"container\">\n\t\t\t\t<div class=\"elementor-element elementor-element-a484e03 elementor-widget elementor-widget-heading\" data-id=\"a484e03\" data-element_type=\"widget\" data-e-type=\"widget\" data-widget_type=\"heading.default\">\n\t\t\t\t\t<h3 class=\"elementor-heading-title elementor-size-default\">Why Attorneys &amp; Firms Choose Dr. Lipov<\/h3>\t\t\t\t<\/div>\n\t\t\t\t<div class=\"elementor-element elementor-element-350cac0 elementor-widget elementor-widget-text-editor\" data-id=\"350cac0\" data-element_type=\"widget\" data-e-type=\"widget\" data-widget_type=\"text-editor.default\">\n\t\t\t\t\t\t\t\t\t<ul><li>Clear, evidence-based explanations of complex medical concepts<\/li><li>Extensive courtroom and deposition experience<\/li><li>Balanced, objective analysis for plaintiff or defense cases<\/li><li>Strong communication skills backed by decades of clinical leadership<\/li><\/ul>\t\t\t\t\t\t\t\t<\/div>\n\t\t\t\t<\/div>\n\t\t<div class=\"elementor-element elementor-element-3e1c80f e-con-full e-flex e-con e-child\" data-id=\"3e1c80f\" data-element_type=\"container\" data-e-type=\"container\" data-settings=\"{&quot;background_background&quot;:&quot;classic&quot;}\">\n\t\t\t\t<div class=\"elementor-element elementor-element-c411fe1 elementor-widget__width-initial elementor-widget-tablet__width-initial elementor-widget elementor-widget-text-editor\" data-id=\"c411fe1\" data-element_type=\"widget\" data-e-type=\"widget\" data-widget_type=\"text-editor.default\">\n\t\t\t\t\t\t\t\t\t<p>Learn More about dr. lipov as an expert witness<\/p>\t\t\t\t\t\t\t\t<\/div>\n\t\t\t\t<div class=\"elementor-element elementor-element-f499c5b elementor-widget elementor-widget-text-editor\" data-id=\"f499c5b\" data-element_type=\"widget\" data-e-type=\"widget\" data-widget_type=\"text-editor.default\">\n\t\t\t\t\t\t\t\t\t<p>For more information about his relevant experience as an expert witness, visit SeakExperts.com.<\/p>\t\t\t\t\t\t\t\t<\/div>\n\t\t\t\t<div class=\"elementor-element elementor-element-7880fa2 elementor-widget elementor-widget-button\" data-id=\"7880fa2\" data-element_type=\"widget\" data-e-type=\"widget\" data-widget_type=\"button.default\">\n\t\t\t\t\t\t\t\t\t\t<a class=\"elementor-button elementor-button-link elementor-size-sm\" href=\"https:\/\/www.seakexperts.com\/members\/19166-eugene-lipov\" target=\"_blank\" id=\"seakprofile\" rel=\"noopener\">\n\t\t\t\t\t\t<span class=\"elementor-button-content-wrapper\">\n\t\t\t\t\t\t\t\t\t<span class=\"elementor-button-text\">View Dr. Lipov\u2019s Seak  profile<\/span>\n\t\t\t\t\t<\/span>\n\t\t\t\t\t<\/a>\n\t\t\t\t\t\t\t\t<\/div>\n\t\t\t\t<div class=\"elementor-element elementor-element-c93ba88 elementor-widget elementor-widget-button\" data-id=\"c93ba88\" data-element_type=\"widget\" data-e-type=\"widget\" data-widget_type=\"button.default\">\n\t\t\t\t\t\t\t\t\t\t<a class=\"elementor-button elementor-button-link elementor-size-sm\" href=\"https:\/\/dreugenelipov.com\/wp-content\/uploads\/2024\/07\/lipov-cv-edit.pdf\" target=\"_blank\" id=\"seakprofile\">\n\t\t\t\t\t\t<span class=\"elementor-button-content-wrapper\">\n\t\t\t\t\t\t\t\t\t<span class=\"elementor-button-text\">Download Dr. Lipov\u2019s CV<\/span>\n\t\t\t\t\t<\/span>\n\t\t\t\t\t<\/a>\n\t\t\t\t\t\t\t\t<\/div>\n\t\t\t\t<div class=\"elementor-element elementor-element-5817a5d elementor-widget-divider--separator-type-pattern elementor-widget-divider--view-line elementor-widget elementor-widget-divider\" data-id=\"5817a5d\" data-element_type=\"widget\" data-e-type=\"widget\" data-widget_type=\"divider.default\">\n\t\t\t\t\t\t\t<div class=\"elementor-divider\" style=\"--divider-pattern-url: url(&quot;data:image\/svg+xml,%3Csvg xmlns=&#039;http:\/\/www.w3.org\/2000\/svg&#039; preserveAspectRatio=&#039;none&#039; overflow=&#039;visible&#039; height=&#039;100%&#039; viewBox=&#039;0 0 20 16&#039; fill=&#039;none&#039; stroke=&#039;black&#039; stroke-width=&#039;2&#039; stroke-linecap=&#039;square&#039; stroke-miterlimit=&#039;10&#039;%3E%3Cg transform=&#039;translate(-12.000000, 0)&#039;%3E%3Cpath d=&#039;M28,0L10,18&#039;\/%3E%3Cpath d=&#039;M18,0L0,18&#039;\/%3E%3Cpath d=&#039;M48,0L30,18&#039;\/%3E%3Cpath d=&#039;M38,0L20,18&#039;\/%3E%3C\/g%3E%3C\/svg%3E&quot;);\">\n\t\t\t<span class=\"elementor-divider-separator\">\n\t\t\t\t\t\t<\/span>\n\t\t<\/div>\n\t\t\t\t\t\t<\/div>\n\t\t\t\t<div class=\"elementor-element elementor-element-4ef5f9b elementor-widget elementor-widget-text-editor\" data-id=\"4ef5f9b\" data-element_type=\"widget\" data-e-type=\"widget\" data-widget_type=\"text-editor.default\">\n\t\t\t\t\t\t\t\t\t<p>For inquiries <em><strong>solely <\/strong><\/em>regarding Dr. Lipov\u2019s work as an expert witness, you may call <span style=\"color: #008080;\"><strong>(224) 448-3776<\/strong><\/span>.<\/p>\t\t\t\t\t\t\t\t<\/div>\n\t\t\t\t<\/div>\n\t\t\t\t\t<\/div>\n\t\t\t\t<\/div>\n\t\t<div class=\"elementor-element elementor-element-53b8dc7 e-flex e-con-boxed e-con e-parent\" data-id=\"53b8dc7\" data-element_type=\"container\" data-e-type=\"container\">\n\t\t\t\t\t<div class=\"e-con-inner\">\n\t\t\t\t<div class=\"elementor-element elementor-element-0953a67 elementor-widget elementor-widget-heading\" data-id=\"0953a67\" data-element_type=\"widget\" data-e-type=\"widget\" data-widget_type=\"heading.default\">\n\t\t\t\t\t<h3 class=\"elementor-heading-title elementor-size-default\">Request Expert Witness Consultation<\/h3>\t\t\t\t<\/div>\n\t\t\t\t<div class=\"elementor-element elementor-element-e1afd13 elementor-widget elementor-widget-text-editor\" data-id=\"e1afd13\" data-element_type=\"widget\" data-e-type=\"widget\" data-widget_type=\"text-editor.default\">\n\t\t\t\t\t\t\t\t\t<p><span data-teams=\"true\">If you are an attorney or organization seeking an expert witness in <strong>pain medicine, medical devices, or related areas<\/strong>, Dr. Lipov is available for case review, deposition, and trial testimony.<\/span><\/p>\t\t\t\t\t\t\t\t<\/div>\n\t\t\t\t<div class=\"elementor-element elementor-element-c329d2b elementor-button-align-stretch elementor-widget elementor-widget-form\" data-id=\"c329d2b\" data-element_type=\"widget\" data-e-type=\"widget\" data-settings=\"{&quot;button_width&quot;:&quot;20&quot;,&quot;step_next_label&quot;:&quot;Next&quot;,&quot;step_previous_label&quot;:&quot;Previous&quot;,&quot;step_type&quot;:&quot;number_text&quot;,&quot;step_icon_shape&quot;:&quot;circle&quot;}\" data-widget_type=\"form.default\">\n\t\t\t\t\t\t\t<form class=\"elementor-form\" method=\"post\" name=\"New Form\" aria-label=\"New Form\">\n\t\t\t<input type=\"hidden\" name=\"post_id\" value=\"9182\"\/>\n\t\t\t<input type=\"hidden\" name=\"form_id\" value=\"c329d2b\"\/>\n\t\t\t<input type=\"hidden\" name=\"referer_title\" value=\"Medical Legal Consultant for Trauma &amp; PTSI | Dr. Lipov\" \/>\n\n\t\t\t\t\t\t\t<input type=\"hidden\" name=\"queried_id\" value=\"9182\"\/>\n\t\t\t\n\t\t\t<div class=\"elementor-form-fields-wrapper elementor-labels-above\">\n\t\t\t\t\t\t\t\t<div class=\"elementor-field-type-text elementor-field-group elementor-column elementor-field-group-name elementor-col-50 elementor-field-required\">\n\t\t\t\t\t\t\t\t\t\t\t\t<label for=\"form-field-name\" class=\"elementor-field-label\">\n\t\t\t\t\t\t\t\tName\t\t\t\t\t\t\t<\/label>\n\t\t\t\t\t\t\t\t\t\t\t\t\t\t<input size=\"1\" type=\"text\" name=\"form_fields[name]\" id=\"form-field-name\" class=\"elementor-field elementor-size-sm  elementor-field-textual\" required=\"required\">\n\t\t\t\t\t\t\t\t\t\t\t<\/div>\n\t\t\t\t\t\t\t\t<div class=\"elementor-field-type-text elementor-field-group elementor-column elementor-field-group-field_ab3ff21 elementor-col-50\">\n\t\t\t\t\t\t\t\t\t\t\t\t<label for=\"form-field-field_ab3ff21\" class=\"elementor-field-label\">\n\t\t\t\t\t\t\t\tLaw Firm \/ Organization\t\t\t\t\t\t\t<\/label>\n\t\t\t\t\t\t\t\t\t\t\t\t\t\t<input size=\"1\" type=\"text\" name=\"form_fields[field_ab3ff21]\" id=\"form-field-field_ab3ff21\" class=\"elementor-field elementor-size-sm  elementor-field-textual\">\n\t\t\t\t\t\t\t\t\t\t\t<\/div>\n\t\t\t\t\t\t\t\t<div class=\"elementor-field-type-email elementor-field-group elementor-column elementor-field-group-email elementor-col-50 elementor-field-required\">\n\t\t\t\t\t\t\t\t\t\t\t\t<label for=\"form-field-email\" class=\"elementor-field-label\">\n\t\t\t\t\t\t\t\tEmail\t\t\t\t\t\t\t<\/label>\n\t\t\t\t\t\t\t\t\t\t\t\t\t\t<input size=\"1\" type=\"email\" name=\"form_fields[email]\" id=\"form-field-email\" class=\"elementor-field elementor-size-sm  elementor-field-textual\" required=\"required\">\n\t\t\t\t\t\t\t\t\t\t\t<\/div>\n\t\t\t\t\t\t\t\t<div class=\"elementor-field-type-tel elementor-field-group elementor-column elementor-field-group-field_56c8572 elementor-col-50\">\n\t\t\t\t\t\t\t\t\t\t\t\t<label for=\"form-field-field_56c8572\" class=\"elementor-field-label\">\n\t\t\t\t\t\t\t\tPhone Number\t\t\t\t\t\t\t<\/label>\n\t\t\t\t\t\t\t\t<input size=\"1\" type=\"tel\" name=\"form_fields[field_56c8572]\" id=\"form-field-field_56c8572\" class=\"elementor-field elementor-size-sm  elementor-field-textual\" pattern=\"[0-9()#&amp;+*-=.]+\" title=\"S\u00f3lo se aceptan n\u00fameros y caracteres telef\u00f3nicos (#, -, *, etc.).\">\n\n\t\t\t\t\t\t<\/div>\n\t\t\t\t\t\t\t\t<div class=\"elementor-field-type-select elementor-field-group elementor-column elementor-field-group-field_72fcc71 elementor-col-100\">\n\t\t\t\t\t\t\t\t\t\t\t\t<label for=\"form-field-field_72fcc71\" class=\"elementor-field-label\">\n\t\t\t\t\t\t\t\tCase Type \/ Area of Inquiry\t\t\t\t\t\t\t<\/label>\n\t\t\t\t\t\t\t\t<div class=\"elementor-field elementor-select-wrapper remove-before \">\n\t\t\t<div class=\"select-caret-down-wrapper\">\n\t\t\t\t<svg aria-hidden=\"true\" class=\"e-font-icon-svg e-eicon-caret-down\" viewBox=\"0 0 571.4 571.4\" xmlns=\"http:\/\/www.w3.org\/2000\/svg\"><path d=\"M571 393Q571 407 561 418L311 668Q300 679 286 679T261 668L11 418Q0 407 0 393T11 368 36 357H536Q550 357 561 368T571 393Z\"><\/path><\/svg>\t\t\t<\/div>\n\t\t\t<select name=\"form_fields[field_72fcc71]\" id=\"form-field-field_72fcc71\" class=\"elementor-field-textual elementor-size-sm\">\n\t\t\t\t\t\t\t\t\t<option value=\"Select Area of Inquiry\">Select Area of Inquiry<\/option>\n\t\t\t\t\t\t\t\t\t<option value=\"pain_medicine\">Pain Medicine<\/option>\n\t\t\t\t\t\t\t\t\t<option value=\"medical_devices\">Medical Devices<\/option>\n\t\t\t\t\t\t\t\t\t<option value=\"ptsd_trauma\">PTSD \/ Trauma<\/option>\n\t\t\t\t\t\t\t\t\t<option value=\"ime\">Independent Medical Examinations (IME)<\/option>\n\t\t\t\t\t\t\t\t\t<option value=\"legal_support\">Legal Support<\/option>\n\t\t\t\t\t\t\t\t\t<option value=\"other\">Other<\/option>\n\t\t\t\t\t\t\t\t\t<option value=\"\"><\/option>\n\t\t\t\t\t\t\t<\/select>\n\t\t<\/div>\n\t\t\t\t\t\t<\/div>\n\t\t\t\t\t\t\t\t<div class=\"elementor-field-type-textarea elementor-field-group elementor-column elementor-field-group-message elementor-col-100\">\n\t\t\t\t\t\t\t\t\t\t\t\t<label for=\"form-field-message\" class=\"elementor-field-label\">\n\t\t\t\t\t\t\t\tCase Description\t\t\t\t\t\t\t<\/label>\n\t\t\t\t\t\t<textarea class=\"elementor-field-textual elementor-field  elementor-size-sm\" name=\"form_fields[message]\" id=\"form-field-message\" rows=\"4\"><\/textarea>\t\t\t\t<\/div>\n\t\t\t\t\t\t\t\t<div class=\"elementor-field-group elementor-column elementor-field-type-submit elementor-col-20 e-form__buttons\">\n\t\t\t\t\t<button class=\"elementor-button elementor-size-sm\" type=\"submit\">\n\t\t\t\t\t\t<span class=\"elementor-button-content-wrapper\">\n\t\t\t\t\t\t\t\t\t\t\t\t\t\t\t\t\t\t\t\t\t\t<span class=\"elementor-button-text\">Request Consultation<\/span>\n\t\t\t\t\t\t\t\t\t\t\t\t\t<\/span>\n\t\t\t\t\t<\/button>\n\t\t\t\t<\/div>\n\t\t\t<\/div>\n\t\t<\/form>\n\t\t\t\t\t\t<\/div>\n\t\t\t\t\t<\/div>\n\t\t\t\t<\/div>\n\t\t\t\t<\/div>\n\t\t","protected":false},"excerpt":{"rendered":"<p>Learn about Dr. Lipov&#8217;s services as a Medical Legal Consultant in support of legal proceedings as an expert witness<\/p>","protected":false},"author":14,"featured_media":6196,"parent":0,"menu_order":0,"comment_status":"closed","ping_status":"closed","template":"elementor_header_footer","meta":{"footnotes":""},"class_list":["post-9182","page","type-page","status-publish","has-post-thumbnail","hentry"],"_links":{"self":[{"href":"https:\/\/dreugenelipov.com\/es\/wp-json\/wp\/v2\/pages\/9182","targetHints":{"allow":["GET"]}}],"collection":[{"href":"https:\/\/dreugenelipov.com\/es\/wp-json\/wp\/v2\/pages"}],"about":[{"href":"https:\/\/dreugenelipov.com\/es\/wp-json\/wp\/v2\/types\/page"}],"author":[{"embeddable":true,"href":"https:\/\/dreugenelipov.com\/es\/wp-json\/wp\/v2\/users\/14"}],"replies":[{"embeddable":true,"href":"https:\/\/dreugenelipov.com\/es\/wp-json\/wp\/v2\/comments?post=9182"}],"version-history":[{"count":99,"href":"https:\/\/dreugenelipov.com\/es\/wp-json\/wp\/v2\/pages\/9182\/revisions"}],"predecessor-version":[{"id":9658,"href":"https:\/\/dreugenelipov.com\/es\/wp-json\/wp\/v2\/pages\/9182\/revisions\/9658"}],"wp:featuredmedia":[{"embeddable":true,"href":"https:\/\/dreugenelipov.com\/es\/wp-json\/wp\/v2\/media\/6196"}],"wp:attachment":[{"href":"https:\/\/dreugenelipov.com\/es\/wp-json\/wp\/v2\/media?parent=9182"}],"curies":[{"name":"wp","href":"https:\/\/api.w.org\/{rel}","templated":true}]}}