{"id":9,"date":"2023-03-03T11:20:23","date_gmt":"2023-03-03T11:20:23","guid":{"rendered":"https:\/\/dreugenelipov.com\/?page_id=9"},"modified":"2025-10-13T17:33:11","modified_gmt":"2025-10-13T17:33:11","slug":"about","status":"publish","type":"page","link":"https:\/\/dreugenelipov.com\/es\/about\/","title":{"rendered":"Acerca del Dr. Eugene Lipov"},"content":{"rendered":"<div data-elementor-type=\"wp-page\" data-elementor-id=\"9\" class=\"elementor elementor-9\" data-elementor-post-type=\"page\">\n\t\t\t\t<div class=\"elementor-element elementor-element-9c57fbc e-flex e-con-boxed e-con e-parent\" data-id=\"9c57fbc\" data-element_type=\"container\" data-e-type=\"container\">\n\t\t\t\t\t<div class=\"e-con-inner\">\n\t\t\t\t<div class=\"elementor-element elementor-element-9c099b3 elementor-widget elementor-widget-heading\" data-id=\"9c099b3\" data-element_type=\"widget\" data-e-type=\"widget\" data-widget_type=\"heading.default\">\n\t\t\t\t\t<h1 class=\"elementor-heading-title elementor-size-default\">Acerca del Dr. Eugene Lipov<\/h1>\t\t\t\t<\/div>\n\t\t\t\t\t<\/div>\n\t\t\t\t<\/div>\n\t\t<div class=\"elementor-element elementor-element-bbd215b e-flex e-con-boxed e-con e-parent\" data-id=\"bbd215b\" data-element_type=\"container\" data-e-type=\"container\">\n\t\t\t\t\t<div class=\"e-con-inner\">\n\t\t<div class=\"elementor-element elementor-element-3b6f184 e-con-full e-flex e-con e-child\" data-id=\"3b6f184\" data-element_type=\"container\" data-e-type=\"container\">\n\t\t\t\t<div class=\"elementor-element elementor-element-80516af elementor-widget elementor-widget-image\" data-id=\"80516af\" data-element_type=\"widget\" data-e-type=\"widget\" data-widget_type=\"image.default\">\n\t\t\t\t\t\t\t\t\t\t\t\t\t\t\t<img decoding=\"async\" src=\"https:\/\/dreugenelipov.com\/wp-content\/uploads\/2024\/02\/lipov-headshot-2024_600-SQ.jpg\" title=\"lipov-foto de rostro-2024_600-SQ\" alt=\"Dr. Eugene Lipov\" loading=\"lazy\" \/>\t\t\t\t\t\t\t\t\t\t\t\t\t\t\t<\/div>\n\t\t\t\t<div class=\"elementor-element elementor-element-10d7082 elementor-widget__width-initial elementor-widget-tablet__width-initial elementor-widget-mobile__width-initial elementor-widget elementor-widget-text-editor\" data-id=\"10d7082\" data-element_type=\"widget\" data-e-type=\"widget\" data-widget_type=\"text-editor.default\">\n\t\t\t\t\t\t\t\t\t<p><strong><span style=\"color: #16aca1;\">&gt;<\/span><\/strong> Anestesi\u00f3logo certificado por la junta<br \/><span style=\"color: #16aca1;\"><strong>&gt;<\/strong><\/span> M\u00e9dico especialista en dolor certificado por la junta<br \/><span style=\"color: #16aca1;\"><strong>&gt;<\/strong><\/span> Director M\u00e9dico de <a href=\"https:\/\/stellacenter.com\/treatments\/sgb-dual-sympathetic-reset\" target=\"_blank\" rel=\"noopener\">Centro Stella<\/a><br \/><span style=\"color: #16aca1;\"><strong>&gt;<\/strong><\/span> Consultor M\u00e9dico de <a href=\"https:\/\/www.eraseptsdnow.org\/\" target=\"_blank\" rel=\"noopener\">\u00a1Elimine el trastorno de estr\u00e9s postraum\u00e1tico ahora!<\/a><br \/><span style=\"color: #16aca1;\"><strong>&gt;<\/strong><\/span> Autor | Orador<\/p>\t\t\t\t\t\t\t\t<\/div>\n\t\t\t\t<div class=\"elementor-element elementor-element-6c56610 elementor-widget__width-initial elementor-widget elementor-widget-n-accordion\" data-id=\"6c56610\" data-element_type=\"widget\" data-e-type=\"widget\" data-settings=\"{&quot;default_state&quot;:&quot;all_collapsed&quot;,&quot;max_items_expended&quot;:&quot;one&quot;,&quot;n_accordion_animation_duration&quot;:{&quot;unit&quot;:&quot;ms&quot;,&quot;size&quot;:400,&quot;sizes&quot;:[]}}\" data-widget_type=\"nested-accordion.default\">\n\t\t\t\t\t\t\t<div class=\"e-n-accordion\" aria-label=\"Acorde\u00f3n. Abre enlaces con Intro o Espacio, ci\u00e9rralos con Esc y navega con las flechas de direcci\u00f3n.\">\n\t\t\t\t\t\t<details id=\"e-n-accordion-item-1130\" class=\"e-n-accordion-item\" >\n\t\t\t\t<summary class=\"e-n-accordion-item-title\" data-accordion-index=\"1\" tabindex=\"0\" aria-expanded=\"false\" aria-controls=\"e-n-accordion-item-1130\" >\n\t\t\t\t\t<span class='e-n-accordion-item-title-header'><div class=\"e-n-accordion-item-title-text\"> Dr. Eugene Lipov: Autoridad l\u00edder en la investigaci\u00f3n del SGB <\/div><\/span>\n\t\t\t\t\t\t\t<span class='e-n-accordion-item-title-icon'>\n\t\t\t<span class='e-opened' ><svg aria-hidden=\"true\" class=\"e-font-icon-svg e-fas-minus-circle\" viewbox=\"0 0 512 512\" xmlns=\"http:\/\/www.w3.org\/2000\/svg\"><path d=\"M256 8C119 8 8 119 8 256s111 248 248 248 248-111 248-248S393 8 256 8zM124 296c-6.6 0-12-5.4-12-12v-56c0-6.6 5.4-12 12-12h264c6.6 0 12 5.4 12 12v56c0 6.6-5.4 12-12 12H124z\"><\/path><\/svg><\/span>\n\t\t\t<span class='e-closed'><svg aria-hidden=\"true\" class=\"e-font-icon-svg e-fas-plus-circle\" viewbox=\"0 0 512 512\" xmlns=\"http:\/\/www.w3.org\/2000\/svg\"><path d=\"M256 8C119 8 8 119 8 256s111 248 248 248 248-111 248-248S393 8 256 8zm144 276c0 6.6-5.4 12-12 12h-92v92c0 6.6-5.4 12-12 12h-56c-6.6 0-12-5.4-12-12v-92h-92c-6.6 0-12-5.4-12-12v-56c0-6.6 5.4-12 12-12h92v-92c0-6.6 5.4-12 12-12h56c6.6 0 12 5.4 12 12v92h92c6.6 0 12 5.4 12 12v56z\"><\/path><\/svg><\/span>\n\t\t<\/span>\n\n\t\t\t\t\t\t<\/summary>\n\t\t\t\t<div role=\"region\" aria-labelledby=\"e-n-accordion-item-1130\" class=\"elementor-element elementor-element-1b4f764 e-con-full e-flex e-con e-child\" data-id=\"1b4f764\" data-element_type=\"container\" data-e-type=\"container\">\n\t\t<div role=\"region\" aria-labelledby=\"e-n-accordion-item-1130\" class=\"elementor-element elementor-element-ed3a1ac e-flex e-con-boxed e-con e-child\" data-id=\"ed3a1ac\" data-element_type=\"container\" data-e-type=\"container\">\n\t\t\t\t\t<div class=\"e-con-inner\">\n\t\t\t\t<div class=\"elementor-element elementor-element-a5b642c elementor-widget elementor-widget-text-editor\" data-id=\"a5b642c\" data-element_type=\"widget\" data-e-type=\"widget\" data-widget_type=\"text-editor.default\">\n\t\t\t\t\t\t\t\t\t<p>Reconocido por <a href=\"https:\/\/dreugenelipov.com\/wp-content\/uploads\/2024\/10\/three-decade-overview-sgb.pdf\"><em>Revista del m\u00e9dico especialista en dolor<\/em><\/a> Por sus importantes contribuciones al campo de la investigaci\u00f3n del bloqueo del ganglio estrellado (SGB), el Dr. Lipov se clasifica:<\/p>\t\t\t\t\t\t\t\t<\/div>\n\t\t\t\t<div class=\"elementor-element elementor-element-436dba3 elementor-icon-list--layout-traditional elementor-list-item-link-full_width elementor-widget elementor-widget-icon-list\" data-id=\"436dba3\" data-element_type=\"widget\" data-e-type=\"widget\" data-widget_type=\"icon-list.default\">\n\t\t\t\t\t\t\t<ul class=\"elementor-icon-list-items\">\n\t\t\t\t\t\t\t<li class=\"elementor-icon-list-item\">\n\t\t\t\t\t\t\t\t\t\t\t<span class=\"elementor-icon-list-icon\">\n\t\t\t\t\t\t\t<svg aria-hidden=\"true\" class=\"e-font-icon-svg e-fas-chevron-right\" viewbox=\"0 0 320 512\" xmlns=\"http:\/\/www.w3.org\/2000\/svg\"><path d=\"M285.476 272.971L91.132 467.314c-9.373 9.373-24.569 9.373-33.941 0l-22.667-22.667c-9.357-9.357-9.375-24.522-.04-33.901L188.505 256 34.484 101.255c-9.335-9.379-9.317-24.544.04-33.901l22.667-22.667c9.373-9.373 24.569-9.373 33.941 0L285.475 239.03c9.373 9.372 9.373 24.568.001 33.941z\"><\/path><\/svg>\t\t\t\t\t\t<\/span>\n\t\t\t\t\t\t\t\t\t\t<span class=\"elementor-icon-list-text\">#1 en Autores Cocitados (1993\u20132022)<\/span>\n\t\t\t\t\t\t\t\t\t<\/li>\n\t\t\t\t\t\t\t\t<li class=\"elementor-icon-list-item\">\n\t\t\t\t\t\t\t\t\t\t\t<span class=\"elementor-icon-list-icon\">\n\t\t\t\t\t\t\t<svg aria-hidden=\"true\" class=\"e-font-icon-svg e-fas-chevron-right\" viewbox=\"0 0 320 512\" xmlns=\"http:\/\/www.w3.org\/2000\/svg\"><path d=\"M285.476 272.971L91.132 467.314c-9.373 9.373-24.569 9.373-33.941 0l-22.667-22.667c-9.357-9.357-9.375-24.522-.04-33.901L188.505 256 34.484 101.255c-9.335-9.379-9.317-24.544.04-33.901l22.667-22.667c9.373-9.373 24.569-9.373 33.941 0L285.475 239.03c9.373 9.372 9.373 24.568.001 33.941z\"><\/path><\/svg>\t\t\t\t\t\t<\/span>\n\t\t\t\t\t\t\t\t\t\t<span class=\"elementor-icon-list-text\">#2 en art\u00edculos publicados (1993\u20132022)<\/span>\n\t\t\t\t\t\t\t\t\t<\/li>\n\t\t\t\t\t\t<\/ul>\n\t\t\t\t\t\t<\/div>\n\t\t\t\t<div class=\"elementor-element elementor-element-35f0420 elementor-widget elementor-widget-text-editor\" data-id=\"35f0420\" data-element_type=\"widget\" data-e-type=\"widget\" data-widget_type=\"text-editor.default\">\n\t\t\t\t\t\t\t\t\t<p>El trabajo pionero del Dr. Lipov contin\u00faa dando forma al futuro del tratamiento del dolor.<\/p>\t\t\t\t\t\t\t\t<\/div>\n\t\t\t\t\t<\/div>\n\t\t\t\t<\/div>\n\t\t\t\t<\/div>\n\t\t\t\t\t<\/details>\n\t\t\t\t\t<\/div>\n\t\t\t\t\t\t<\/div>\n\t\t\t\t<\/div>\n\t\t<div class=\"elementor-element elementor-element-9fe3571 e-con-full e-flex e-con e-child\" data-id=\"9fe3571\" data-element_type=\"container\" data-e-type=\"container\">\n\t\t\t\t<div class=\"elementor-element elementor-element-8647e0a elementor-widget__width-initial elementor-widget-mobile__width-inherit elementor-widget elementor-widget-heading\" data-id=\"8647e0a\" data-element_type=\"widget\" data-e-type=\"widget\" data-widget_type=\"heading.default\">\n\t\t\t\t\t<h2 class=\"elementor-heading-title elementor-size-default\">El Dr. Eugene Lipov es uno de los principales expertos mundiales en el tratamiento de los s\u00edntomas relacionados con el estr\u00e9s postraum\u00e1tico. <\/h2>\t\t\t\t<\/div>\n\t\t\t\t<div class=\"elementor-element elementor-element-b41d588 elementor-widget__width-initial elementor-widget-mobile__width-inherit elementor-widget elementor-widget-text-editor\" data-id=\"b41d588\" data-element_type=\"widget\" data-e-type=\"widget\" data-widget_type=\"text-editor.default\">\n\t\t\t\t\t\t\t\t\t<p>Pionero en el tratamiento del ganglio estrellado para los s\u00edntomas del TEPT, conoce de primera mano que el trauma puede ser devastador. Criado con un padre veterano afectado por TEPT y una madre con depresi\u00f3n debilitante que finalmente se quit\u00f3 la vida, comprende plenamente el impacto que el trauma puede tener en la vida de muchas personas. Su misi\u00f3n es ayudar a otros a aliviar el sufrimiento traum\u00e1tico del TEPT y a devolverles la esperanza.<\/p><p>En 2006, el Dr. Lipov fue pionero en el uso del bloqueo del ganglio estrellado (BGE) para el tratamiento del trastorno de estr\u00e9s postraum\u00e1tico (TEPT), un procedimiento aprobado inicialmente por la Administraci\u00f3n de Alimentos y Medicamentos de los Estados Unidos (FDA) en la d\u00e9cada de 1950 para el tratamiento de ciertos tipos de dolor y trastornos circulatorios. Se realiza mediante una inyecci\u00f3n de medicamento en un conjunto de nervios en la parte inferior de la parte frontal del cuello. Se conoce com\u00fanmente como tratamiento analg\u00e9sico, utilizado para aliviar los sofocos en pacientes con menopausia y c\u00e1ncer, as\u00ed como para tratar el herpes z\u00f3ster y, actualmente, para aliviar los s\u00edntomas relacionados con el trastorno de estr\u00e9s postraum\u00e1tico (TEPT).<\/p><h2 style=\"margin-top: 17px; margin-bottom: 6px;\">La innovaci\u00f3n contin\u00faa: <br \/>Reinicio simp\u00e1tico dual<\/h2><p>Tras un lento impulso y a medida que se desarrollaban los ensayos cl\u00ednicos de SGB para tratar el TEPT, el Dr. Eugene Lipov descubri\u00f3 que dos inyecciones en un lado del cuello, en el ganglio estrellado, ten\u00edan el potencial de brindar un alivio a\u00fan mayor a las personas que padec\u00edan TEPT. Hoy en d\u00eda, su protocolo de tratamiento se conoce como <a href=\"https:\/\/dreugenelipov.com\/es\/dual-sympathetic-reset-dsr\/\">Reinicio simp\u00e1tico dual (DSR)<\/a>.<\/p>\t\t\t\t\t\t\t\t<\/div>\n\t\t\t\t<div class=\"elementor-element elementor-element-557a45a elementor-widget__width-initial elementor-widget-mobile__width-inherit elementor-widget elementor-widget-text-editor\" data-id=\"557a45a\" data-element_type=\"widget\" data-e-type=\"widget\" data-widget_type=\"text-editor.default\">\n\t\t\t\t\t\t\t\t\t<h2 style=\"margin-top: 10px; margin-bottom: 6px; line-height: 25px;\">Abogando por la accesibilidad:<br \/>Tratamiento del ganglio estrellado<\/h2><p>El Dr. Lipov testific\u00f3 sobre el tratamiento del TEPT ante el Comit\u00e9 de Asuntos de Veteranos de la C\u00e1mara de Representantes de EE. UU. (2010). En colaboraci\u00f3n con neurocient\u00edficos, se ha convertido en la principal autoridad mundial en la fisiolog\u00eda del TEPT. Ha publicado sus hallazgos sobre el TEPT en <em>Psiquiatr\u00eda biol\u00f3gica<\/em>, <em>Psiquiatr\u00eda actual<\/em>, <em>Medicina Militar<\/em>, <em>Investigaci\u00f3n y tratamiento del dolor<\/em>t, <em>Anales psiqui\u00e1tricos<\/em>, el <em>Revista de Anestesia e Investigaci\u00f3n Cl\u00ednica<\/em>, el <em>Revista de Trauma y Tratamiento<\/em>, el <em>Lancet y el Instituto Mundial del Dolor<\/em>. Adem\u00e1s, su obra ha sido escrita en el<em> El Wall Street Journal<\/em>, el <em>Los Angeles Times<\/em>, el <em>Chicago Tribune<\/em>, <em>USA Today<\/em>, <em>Cableado,<\/em> <em>Playboy<\/em>, Univisi\u00f3n, <em>Estrellas y rayas<\/em>s, y ha aparecido en ABC, NBC y WGN.<\/p>\t\t\t\t\t\t\t\t<\/div>\n\t\t\t\t<div class=\"elementor-element elementor-element-f8be3f2 elementor-widget__width-initial elementor-mobile-align-center elementor-widget-mobile__width-inherit elementor-widget elementor-widget-button\" data-id=\"f8be3f2\" data-element_type=\"widget\" data-e-type=\"widget\" data-widget_type=\"button.default\">\n\t\t\t\t\t\t\t\t\t\t<a class=\"elementor-button elementor-button-link elementor-size-sm\" href=\"https:\/\/dreugenelipov.com\/wp-content\/uploads\/2023\/03\/Dr.EugeneLipovCV-2021.pdf\">\n\t\t\t\t\t\t<span class=\"elementor-button-content-wrapper\">\n\t\t\t\t\t\t\t\t\t<span class=\"elementor-button-text\">CV del Dr. Lipov<\/span>\n\t\t\t\t\t<\/span>\n\t\t\t\t\t<\/a>\n\t\t\t\t\t\t\t\t<\/div>\n\t\t\t\t<div class=\"elementor-element elementor-element-e83a168 elementor-widget__width-initial elementor-mobile-align-center elementor-widget-mobile__width-inherit elementor-widget elementor-widget-button\" data-id=\"e83a168\" data-element_type=\"widget\" data-e-type=\"widget\" data-widget_type=\"button.default\">\n\t\t\t\t\t\t\t\t\t\t<a class=\"elementor-button elementor-button-link elementor-size-sm\" href=\"https:\/\/en.wikipedia.org\/wiki\/Eugene_Lipov\" target=\"_blank\" rel=\"noopener\">\n\t\t\t\t\t\t<span class=\"elementor-button-content-wrapper\">\n\t\t\t\t\t\t\t\t\t<span class=\"elementor-button-text\">Visita la p\u00e1gina de Wikipedia del Dr. L.<\/span>\n\t\t\t\t\t<\/span>\n\t\t\t\t\t<\/a>\n\t\t\t\t\t\t\t\t<\/div>\n\t\t\t\t<\/div>\n\t\t\t\t\t<\/div>\n\t\t\t\t<\/div>\n\t\t<div class=\"elementor-element elementor-element-7802560 e-flex e-con-boxed e-con e-parent\" data-id=\"7802560\" data-element_type=\"container\" data-e-type=\"container\" data-settings=\"{&quot;background_background&quot;:&quot;classic&quot;}\">\n\t\t\t\t\t<div class=\"e-con-inner\">\n\t\t<div class=\"elementor-element elementor-element-2a1a288 e-con-full e-flex e-con e-child\" data-id=\"2a1a288\" data-element_type=\"container\" data-e-type=\"container\">\n\t\t\t\t<div class=\"elementor-element elementor-element-a7bb583 elementor-widget elementor-widget-video\" data-id=\"a7bb583\" data-element_type=\"widget\" data-e-type=\"widget\" data-settings=\"{&quot;youtube_url&quot;:&quot;https:\\\/\\\/youtu.be\\\/b2xST52CwyU&quot;,&quot;show_image_overlay&quot;:&quot;yes&quot;,&quot;image_overlay&quot;:{&quot;url&quot;:&quot;https:\\\/\\\/dreugenelipov.com\\\/wp-content\\\/uploads\\\/2023\\\/04\\\/before-after-DSR_lipov-thumbnail-for-website.jpg&quot;,&quot;id&quot;:1751,&quot;size&quot;:&quot;&quot;,&quot;alt&quot;:&quot;&quot;,&quot;source&quot;:&quot;library&quot;},&quot;video_type&quot;:&quot;youtube&quot;,&quot;controls&quot;:&quot;yes&quot;}\" data-widget_type=\"video.default\">\n\t\t\t\t\t\t\t<div class=\"elementor-wrapper elementor-open-inline\">\n\t\t\t<div class=\"elementor-video\"><\/div>\t\t\t\t<div class=\"elementor-custom-embed-image-overlay\" style=\"background-image: url(https:\/\/dreugenelipov.com\/wp-content\/uploads\/2023\/04\/before-after-DSR_lipov-thumbnail-for-website.jpg);\">\n\t\t\t\t\t\t\t\t\t\t\t\t\t\t\t\t<div class=\"elementor-custom-embed-play\" role=\"button\" aria-label=\"Reproducir v\u00eddeo\" tabindex=\"0\">\n\t\t\t\t\t\t\t<svg aria-hidden=\"true\" class=\"e-font-icon-svg e-eicon-play\" viewbox=\"0 0 1000 1000\" xmlns=\"http:\/\/www.w3.org\/2000\/svg\"><path d=\"M838 162C746 71 633 25 500 25 371 25 258 71 163 162 71 254 25 367 25 500 25 633 71 746 163 837 254 929 367 979 500 979 633 979 746 933 838 837 929 746 975 633 975 500 975 367 929 254 838 162M808 192C892 279 933 379 933 500 933 621 892 725 808 808 725 892 621 938 500 938 379 938 279 896 196 808 113 725 67 621 67 500 67 379 108 279 196 192 279 108 383 62 500 62 621 62 721 108 808 192M438 392V642L642 517 438 392Z\"><\/path><\/svg>\t\t\t\t\t\t<\/div>\n\t\t\t\t\t\t\t\t\t<\/div>\n\t\t\t\t\t<\/div>\n\t\t\t\t\t\t<\/div>\n\t\t\t\t<div class=\"elementor-element elementor-element-fdb064b elementor-widget elementor-widget-toggle\" data-id=\"fdb064b\" data-element_type=\"widget\" data-e-type=\"widget\" data-widget_type=\"toggle.default\">\n\t\t\t\t\t\t\t<div class=\"elementor-toggle\">\n\t\t\t\t\t\t\t<div class=\"elementor-toggle-item\">\n\t\t\t\t\t<div id=\"elementor-tab-title-2661\" class=\"elementor-tab-title\" data-tab=\"1\" role=\"button\" aria-controls=\"elementor-tab-content-2661\" aria-expanded=\"false\">\n\t\t\t\t\t\t\t\t\t\t\t\t<span class=\"elementor-toggle-icon elementor-toggle-icon-left\" aria-hidden=\"true\">\n\t\t\t\t\t\t\t\t\t\t\t\t\t\t\t<span class=\"elementor-toggle-icon-closed\"><svg class=\"e-font-icon-svg e-fas-caret-right\" viewbox=\"0 0 192 512\" xmlns=\"http:\/\/www.w3.org\/2000\/svg\"><path d=\"M0 384.662V127.338c0-17.818 21.543-26.741 34.142-14.142l128.662 128.662c7.81 7.81 7.81 20.474 0 28.284L34.142 398.804C21.543 411.404 0 402.48 0 384.662z\"><\/path><\/svg><\/span>\n\t\t\t\t\t\t\t\t<span class=\"elementor-toggle-icon-opened\"><svg class=\"elementor-toggle-icon-opened e-font-icon-svg e-fas-caret-up\" viewbox=\"0 0 320 512\" xmlns=\"http:\/\/www.w3.org\/2000\/svg\"><path d=\"M288.662 352H31.338c-17.818 0-26.741-21.543-14.142-34.142l128.662-128.662c7.81-7.81 20.474-7.81 28.284 0l128.662 128.662c12.6 12.599 3.676 34.142-14.142 34.142z\"><\/path><\/svg><\/span>\n\t\t\t\t\t\t\t\t\t\t\t\t\t<\/span>\n\t\t\t\t\t\t\t\t\t\t\t\t<a class=\"elementor-toggle-title\" tabindex=\"0\">Contexto y resumen<\/a>\n\t\t\t\t\t<\/div>\n\n\t\t\t\t\t<div id=\"elementor-tab-content-2661\" class=\"elementor-tab-content elementor-clearfix\" data-tab=\"1\" role=\"region\" aria-labelledby=\"elementor-tab-title-2661\"><p>El Dr. Lipov fue pionero en el uso del bloqueo del ganglio estrellado para el tratamiento del trastorno de estr\u00e9s postraum\u00e1tico (TEPT) y con frecuencia revela que \u00e9l mismo sobrevivi\u00f3 a un trauma significativo que experiment\u00f3 en sus primeros a\u00f1os de vida. Justo antes de que le administraran el Reinicio Simp\u00e1tico Dual (DSR), aplicado in situ en un centro de tratamiento Stella, Lipov habla con franqueza sobre su trauma y sobre la desconcertante incapacidad de la comunidad m\u00e9dica, en general, para aceptar el bloqueo del ganglio estrellado. Subraya la importancia de reconocer que los s\u00edntomas postraum\u00e1ticos graves son de naturaleza fisiol\u00f3gica y deben considerarse\/tratarse como una lesi\u00f3n, no como un trastorno. Aboga por un cambio: el TEPT deber\u00eda, en cambio, llamarse PTSI.<\/p><\/div>\n\t\t\t\t<\/div>\n\t\t\t\t\t\t\t\t<\/div>\n\t\t\t\t\t\t<\/div>\n\t\t\t\t<\/div>\n\t\t<div class=\"elementor-element elementor-element-c605212 e-con-full e-flex e-con e-child\" data-id=\"c605212\" data-element_type=\"container\" data-e-type=\"container\">\n\t\t\t\t<div class=\"elementor-element elementor-element-0f8cda3 elementor-widget elementor-widget-video\" data-id=\"0f8cda3\" data-element_type=\"widget\" data-e-type=\"widget\" data-settings=\"{&quot;youtube_url&quot;:&quot;https:\\\/\\\/youtu.be\\\/xv1E83_H2_M&quot;,&quot;yt_privacy&quot;:&quot;yes&quot;,&quot;lazy_load&quot;:&quot;yes&quot;,&quot;show_image_overlay&quot;:&quot;yes&quot;,&quot;image_overlay&quot;:{&quot;url&quot;:&quot;https:\\\/\\\/dreugenelipov.com\\\/wp-content\\\/uploads\\\/2023\\\/04\\\/congress_lipov-thumbnail-for-website.jpg&quot;,&quot;id&quot;:1752,&quot;size&quot;:&quot;&quot;,&quot;alt&quot;:&quot;&quot;,&quot;source&quot;:&quot;library&quot;},&quot;video_type&quot;:&quot;youtube&quot;,&quot;controls&quot;:&quot;yes&quot;}\" data-widget_type=\"video.default\">\n\t\t\t\t\t\t\t<div class=\"elementor-wrapper elementor-open-inline\">\n\t\t\t<div class=\"elementor-video\"><\/div>\t\t\t\t<div class=\"elementor-custom-embed-image-overlay\" style=\"background-image: url(https:\/\/dreugenelipov.com\/wp-content\/uploads\/2023\/04\/congress_lipov-thumbnail-for-website.jpg);\">\n\t\t\t\t\t\t\t\t\t\t\t\t\t\t\t\t<div class=\"elementor-custom-embed-play\" role=\"button\" aria-label=\"Reproducir v\u00eddeo\" tabindex=\"0\">\n\t\t\t\t\t\t\t<svg aria-hidden=\"true\" class=\"e-font-icon-svg e-eicon-play\" viewbox=\"0 0 1000 1000\" xmlns=\"http:\/\/www.w3.org\/2000\/svg\"><path d=\"M838 162C746 71 633 25 500 25 371 25 258 71 163 162 71 254 25 367 25 500 25 633 71 746 163 837 254 929 367 979 500 979 633 979 746 933 838 837 929 746 975 633 975 500 975 367 929 254 838 162M808 192C892 279 933 379 933 500 933 621 892 725 808 808 725 892 621 938 500 938 379 938 279 896 196 808 113 725 67 621 67 500 67 379 108 279 196 192 279 108 383 62 500 62 621 62 721 108 808 192M438 392V642L642 517 438 392Z\"><\/path><\/svg>\t\t\t\t\t\t<\/div>\n\t\t\t\t\t\t\t\t\t<\/div>\n\t\t\t\t\t<\/div>\n\t\t\t\t\t\t<\/div>\n\t\t\t\t<div class=\"elementor-element elementor-element-a10c1d5 elementor-widget elementor-widget-toggle\" data-id=\"a10c1d5\" data-element_type=\"widget\" data-e-type=\"widget\" data-widget_type=\"toggle.default\">\n\t\t\t\t\t\t\t<div class=\"elementor-toggle\">\n\t\t\t\t\t\t\t<div class=\"elementor-toggle-item\">\n\t\t\t\t\t<div id=\"elementor-tab-title-1681\" class=\"elementor-tab-title\" data-tab=\"1\" role=\"button\" aria-controls=\"elementor-tab-content-1681\" aria-expanded=\"false\">\n\t\t\t\t\t\t\t\t\t\t\t\t<span class=\"elementor-toggle-icon elementor-toggle-icon-left\" aria-hidden=\"true\">\n\t\t\t\t\t\t\t\t\t\t\t\t\t\t\t<span class=\"elementor-toggle-icon-closed\"><svg class=\"e-font-icon-svg e-fas-caret-right\" viewbox=\"0 0 192 512\" xmlns=\"http:\/\/www.w3.org\/2000\/svg\"><path d=\"M0 384.662V127.338c0-17.818 21.543-26.741 34.142-14.142l128.662 128.662c7.81 7.81 7.81 20.474 0 28.284L34.142 398.804C21.543 411.404 0 402.48 0 384.662z\"><\/path><\/svg><\/span>\n\t\t\t\t\t\t\t\t<span class=\"elementor-toggle-icon-opened\"><svg class=\"elementor-toggle-icon-opened e-font-icon-svg e-fas-caret-up\" viewbox=\"0 0 320 512\" xmlns=\"http:\/\/www.w3.org\/2000\/svg\"><path d=\"M288.662 352H31.338c-17.818 0-26.741-21.543-14.142-34.142l128.662-128.662c7.81-7.81 20.474-7.81 28.284 0l128.662 128.662c12.6 12.599 3.676 34.142-14.142 34.142z\"><\/path><\/svg><\/span>\n\t\t\t\t\t\t\t\t\t\t\t\t\t<\/span>\n\t\t\t\t\t\t\t\t\t\t\t\t<a class=\"elementor-toggle-title\" tabindex=\"0\">contexto y resumen<\/a>\n\t\t\t\t\t<\/div>\n\n\t\t\t\t\t<div id=\"elementor-tab-content-1681\" class=\"elementor-tab-content elementor-clearfix\" data-tab=\"1\" role=\"region\" aria-labelledby=\"elementor-tab-title-1681\"><p>Adaptado de una grabaci\u00f3n de audio, cuando el Dr. Eugene Lipov compareci\u00f3 ante el Subcomit\u00e9 de Salud de Asuntos de Veteranos de la C\u00e1mara de Representantes, el 21 de julio de 2010, testificando sobre el uso del bloqueo del ganglio estrellado (SGB) para el tratamiento del trastorno de estr\u00e9s postraum\u00e1tico (TEPT) en veteranos.<\/p><p>Durante su testimonio, el Dr. Lipov analiz\u00f3 los prometedores resultados de su investigaci\u00f3n sobre el uso de la SGB para el tratamiento del TEPT, incluyendo una reducci\u00f3n significativa de los s\u00edntomas y una mejora en la calidad de vida de algunos pacientes. Tambi\u00e9n destac\u00f3 la importancia de mejorar el acceso a la SGB y otros tratamientos innovadores para los veteranos con TEPT.<\/p><p>El testimonio del Dr. Lipov contribuy\u00f3 a la concienciaci\u00f3n sobre el SGB como posible opci\u00f3n de tratamiento para veteranos con TEPT y contribuy\u00f3 a los esfuerzos continuos para mejorar la atenci\u00f3n a quienes han servido en las fuerzas armadas. Hoy en d\u00eda, el tratamiento ha avanzado, ahora conocido como Reinicio Simp\u00e1tico Dual (DSR), un tratamiento que &quot;reinicia&quot; la respuesta de lucha o huida de una persona que, dependiendo del nivel de trauma, puede estancarse en la &quot;posici\u00f3n de activaci\u00f3n&quot;, lo que resulta en s\u00edntomas como estr\u00e9s, ansiedad, hipervigilancia, hiperactivaci\u00f3n, insomnio, paranoia y, en el peor de los casos, ideas homicidas y suicidas.<\/p><\/div>\n\t\t\t\t<\/div>\n\t\t\t\t\t\t\t\t<\/div>\n\t\t\t\t\t\t<\/div>\n\t\t\t\t<\/div>\n\t\t\t\t\t<\/div>\n\t\t\t\t<\/div>\n\t\t\t\t<\/div>","protected":false},"excerpt":{"rendered":"<p>About Dr. Eugene Lipov &gt; Board-Certified Anesthesiologist&gt; Board-Certified Pain Physician&gt; Chief Medical Officer at Stella Center&gt; Medical Consultant to Erase PTSD Now!&gt; Author | Speaker Dr. Eugene Lipov: A Leading Authority in SGB Research Recognized by Pain Physician Journal for his significant contributions to the field of Stellate Ganglion Block (SGB) research, Dr. Lipov ranks: [&hellip;]<\/p>\n","protected":false},"author":10,"featured_media":1535,"parent":0,"menu_order":0,"comment_status":"closed","ping_status":"closed","template":"","meta":{"footnotes":""},"class_list":["post-9","page","type-page","status-publish","has-post-thumbnail","hentry"],"_links":{"self":[{"href":"https:\/\/dreugenelipov.com\/es\/wp-json\/wp\/v2\/pages\/9","targetHints":{"allow":["GET"]}}],"collection":[{"href":"https:\/\/dreugenelipov.com\/es\/wp-json\/wp\/v2\/pages"}],"about":[{"href":"https:\/\/dreugenelipov.com\/es\/wp-json\/wp\/v2\/types\/page"}],"author":[{"embeddable":true,"href":"https:\/\/dreugenelipov.com\/es\/wp-json\/wp\/v2\/users\/10"}],"replies":[{"embeddable":true,"href":"https:\/\/dreugenelipov.com\/es\/wp-json\/wp\/v2\/comments?post=9"}],"version-history":[{"count":227,"href":"https:\/\/dreugenelipov.com\/es\/wp-json\/wp\/v2\/pages\/9\/revisions"}],"predecessor-version":[{"id":8571,"href":"https:\/\/dreugenelipov.com\/es\/wp-json\/wp\/v2\/pages\/9\/revisions\/8571"}],"wp:featuredmedia":[{"embeddable":true,"href":"https:\/\/dreugenelipov.com\/es\/wp-json\/wp\/v2\/media\/1535"}],"wp:attachment":[{"href":"https:\/\/dreugenelipov.com\/es\/wp-json\/wp\/v2\/media?parent=9"}],"curies":[{"name":"wp","href":"https:\/\/api.w.org\/{rel}","templated":true}]}}