{"id":8230,"date":"2025-08-23T04:22:27","date_gmt":"2025-08-23T04:22:27","guid":{"rendered":"https:\/\/dreugenelipov.com\/?page_id=8230"},"modified":"2026-05-04T19:28:35","modified_gmt":"2026-05-04T19:28:35","slug":"books","status":"publish","type":"page","link":"https:\/\/dreugenelipov.com\/es\/books\/","title":{"rendered":"Libros publicados por el Dr. Eugene Lipov"},"content":{"rendered":"<div data-elementor-type=\"wp-page\" data-elementor-id=\"8230\" class=\"elementor elementor-8230\" data-elementor-post-type=\"page\">\n\t\t\t\t<div class=\"elementor-element elementor-element-36b2baef e-con-full e-flex e-con e-parent\" data-id=\"36b2baef\" data-element_type=\"container\" data-e-type=\"container\" data-settings=\"{&quot;background_background&quot;:&quot;classic&quot;}\">\n\t\t<div class=\"elementor-element elementor-element-6f04a72c e-con-full e-flex e-con e-child\" data-id=\"6f04a72c\" data-element_type=\"container\" data-e-type=\"container\" data-settings=\"{&quot;background_background&quot;:&quot;classic&quot;}\">\n\t\t\t\t<div class=\"elementor-element elementor-element-82a25e8 elementor-widget elementor-widget-heading\" data-id=\"82a25e8\" data-element_type=\"widget\" data-e-type=\"widget\" data-widget_type=\"heading.default\">\n\t\t\t\t\t<h1 class=\"elementor-heading-title elementor-size-default\">Libros<\/h1>\t\t\t\t<\/div>\n\t\t\t\t<\/div>\n\t\t\t\t<\/div>\n\t\t<div class=\"elementor-element elementor-element-2e0032f8 e-con-full e-flex e-con e-parent\" data-id=\"2e0032f8\" data-element_type=\"container\" data-e-type=\"container\" data-settings=\"{&quot;background_background&quot;:&quot;classic&quot;}\">\n\t\t\t\t<div class=\"elementor-element elementor-element-4b9f2a44 elementor-widget-tablet__width-inherit elementor-widget-mobile__width-initial elementor-widget elementor-widget-heading\" data-id=\"4b9f2a44\" data-element_type=\"widget\" data-e-type=\"widget\" data-widget_type=\"heading.default\">\n\t\t\t\t\t<h2 class=\"elementor-heading-title elementor-size-default\">Libros del Dr. Eugene Lipov que desaf\u00edan el statu quo en el tratamiento del dolor y el TEPT<\/h2>\t\t\t\t<\/div>\n\t\t\t\t<\/div>\n\t\t<div class=\"elementor-element elementor-element-c510a7d e-flex e-con-boxed e-con e-parent\" data-id=\"c510a7d\" data-element_type=\"container\" data-e-type=\"container\" data-settings=\"{&quot;background_background&quot;:&quot;classic&quot;}\">\n\t\t\t\t\t<div class=\"e-con-inner\">\n\t\t<div class=\"elementor-element elementor-element-955d624 e-con-full e-flex e-con e-child\" data-id=\"955d624\" data-element_type=\"container\" data-e-type=\"container\">\n\t\t\t\t<div class=\"elementor-element elementor-element-616ff49 elementor-widget elementor-widget-heading\" data-id=\"616ff49\" data-element_type=\"widget\" data-e-type=\"widget\" data-widget_type=\"heading.default\">\n\t\t\t\t\t<h2 class=\"elementor-heading-title elementor-size-default\">El disparo de Dios<\/h2>\t\t\t\t<\/div>\n\t\t\t\t<div class=\"elementor-element elementor-element-14f11ad elementor-widget elementor-widget-text-editor\" data-id=\"14f11ad\" data-element_type=\"widget\" data-e-type=\"widget\" data-widget_type=\"text-editor.default\">\n\t\t\t\t\t\t\t\t\t<p>El legado de la sanaci\u00f3n del trauma:<br \/>La ciencia, las historias, <br \/>La soluci\u00f3n<\/p>\t\t\t\t\t\t\t\t<\/div>\n\t\t\t\t<div class=\"elementor-element elementor-element-1c3c5f2 elementor-widget__width-initial elementor-widget elementor-widget-text-editor\" data-id=\"1c3c5f2\" data-element_type=\"widget\" data-e-type=\"widget\" data-widget_type=\"text-editor.default\">\n\t\t\t\t\t\t\t\t\t<p><strong><span style=\"color: #dabf00;\">&gt;&gt;<\/span><\/strong>\u00a0 Lanzamiento de la edici\u00f3n en tapa dura: 17 de febrero de 2026<\/p>\t\t\t\t\t\t\t\t<\/div>\n\t\t\t\t<div class=\"elementor-element elementor-element-1d8099d elementor-widget elementor-widget-text-editor\" data-id=\"1d8099d\" data-element_type=\"widget\" data-e-type=\"widget\" data-widget_type=\"text-editor.default\">\n\t\t\t\t\t\t\t\t\t<p><strong><em>El disparo de Dios<\/em><\/strong>\u00a0es el pr\u00f3ximo libro del Dr. Eugene Lipov, pionero en el tratamiento del estr\u00e9s postraum\u00e1tico, y Lauren Ungeldi. Lleva al lector a un despertar m\u00e9dico que est\u00e1 revolucionando todo lo que cre\u00edamos saber sobre el trauma. Bas\u00e1ndose en neurociencia de vanguardia, historias de pacientes de todo el mundo y un tratamiento pionero,\u00a0<em>El disparo de Dios<\/em>\u00a0Expone un sistema de salud mental roto y ofrece un mapa hacia algo mejor.<\/p>\t\t\t\t\t\t\t\t<\/div>\n\t\t\t\t<div class=\"elementor-element elementor-element-7c023cc elementor-widget elementor-widget-button\" data-id=\"7c023cc\" data-element_type=\"widget\" data-e-type=\"widget\" data-widget_type=\"button.default\">\n\t\t\t\t\t\t\t\t\t\t<a class=\"elementor-button elementor-button-link elementor-size-sm\" href=\"http:\/\/posthill.to\/B0FHFZNN6T\" target=\"_blank\" id=\"preorder_ama\" rel=\"noopener\">\n\t\t\t\t\t\t<span class=\"elementor-button-content-wrapper\">\n\t\t\t\t\t\t\t\t\t<span class=\"elementor-button-text\">Reserva en Amazon<\/span>\n\t\t\t\t\t<\/span>\n\t\t\t\t\t<\/a>\n\t\t\t\t\t\t\t\t<\/div>\n\t\t\t\t<div class=\"elementor-element elementor-element-b34e3db elementor-widget elementor-widget-button\" data-id=\"b34e3db\" data-element_type=\"widget\" data-e-type=\"widget\" data-widget_type=\"button.default\">\n\t\t\t\t\t\t\t\t\t\t<a class=\"elementor-button elementor-button-link elementor-size-sm\" href=\"https:\/\/www.barnesandnoble.com\/w\/the-god-shot-eugene-lipov-md\/1147824780?ean=9798895652954\" target=\"_blank\" id=\"pre-order_bn\" rel=\"noopener\">\n\t\t\t\t\t\t<span class=\"elementor-button-content-wrapper\">\n\t\t\t\t\t\t\t\t\t<span class=\"elementor-button-text\">Reserva en Barnes &amp; Noble<\/span>\n\t\t\t\t\t<\/span>\n\t\t\t\t\t<\/a>\n\t\t\t\t\t\t\t\t<\/div>\n\t\t\t\t<div class=\"elementor-element elementor-element-1b42836 elementor-widget elementor-widget-button\" data-id=\"1b42836\" data-element_type=\"widget\" data-e-type=\"widget\" data-widget_type=\"button.default\">\n\t\t\t\t\t\t\t\t\t\t<a class=\"elementor-button elementor-button-link elementor-size-sm\" href=\"https:\/\/thegodshotbook.com\/\" target=\"_blank\" id=\"book_site\" rel=\"noopener\">\n\t\t\t\t\t\t<span class=\"elementor-button-content-wrapper\">\n\t\t\t\t\t\t<span class=\"elementor-button-icon\">\n\t\t\t\t<svg aria-hidden=\"true\" class=\"e-font-icon-svg e-fas-external-link-square-alt\" viewbox=\"0 0 448 512\" xmlns=\"http:\/\/www.w3.org\/2000\/svg\"><path d=\"M448 80v352c0 26.51-21.49 48-48 48H48c-26.51 0-48-21.49-48-48V80c0-26.51 21.49-48 48-48h352c26.51 0 48 21.49 48 48zm-88 16H248.029c-21.313 0-32.08 25.861-16.971 40.971l31.984 31.987L67.515 364.485c-4.686 4.686-4.686 12.284 0 16.971l31.029 31.029c4.687 4.686 12.285 4.686 16.971 0l195.526-195.526 31.988 31.991C358.058 263.977 384 253.425 384 231.979V120c0-13.255-10.745-24-24-24z\"><\/path><\/svg>\t\t\t<\/span>\n\t\t\t\t\t\t\t\t\t<span class=\"elementor-button-text\">Visita thegodshotbook.com<\/span>\n\t\t\t\t\t<\/span>\n\t\t\t\t\t<\/a>\n\t\t\t\t\t\t\t\t<\/div>\n\t\t\t\t<\/div>\n\t\t<div class=\"elementor-element elementor-element-3f57f0d e-con-full e-flex e-con e-child\" data-id=\"3f57f0d\" data-element_type=\"container\" data-e-type=\"container\">\n\t\t\t\t<div class=\"elementor-element elementor-element-18c8a20 elementor-widget elementor-widget-image\" data-id=\"18c8a20\" data-element_type=\"widget\" data-e-type=\"widget\" data-widget_type=\"image.default\">\n\t\t\t\t\t\t\t\t\t\t\t\t\t\t\t<img fetchpriority=\"high\" decoding=\"async\" width=\"1000\" height=\"1000\" src=\"https:\/\/dreugenelipov.com\/wp-content\/uploads\/2025\/08\/the-god-shot-new-1000.jpg\" class=\"attachment-full size-full wp-image-8233\" alt=\"\" srcset=\"https:\/\/dreugenelipov.com\/wp-content\/uploads\/2025\/08\/the-god-shot-new-1000.jpg 1000w, https:\/\/dreugenelipov.com\/wp-content\/uploads\/2025\/08\/the-god-shot-new-1000-300x300.jpg 300w, https:\/\/dreugenelipov.com\/wp-content\/uploads\/2025\/08\/the-god-shot-new-1000-150x150.jpg 150w, https:\/\/dreugenelipov.com\/wp-content\/uploads\/2025\/08\/the-god-shot-new-1000-768x768.jpg 768w\" sizes=\"(max-width: 1000px) 100vw, 1000px\">\t\t\t\t\t\t\t\t\t\t\t\t\t\t\t<\/div>\n\t\t\t\t<\/div>\n\t\t\t\t\t<\/div>\n\t\t\t\t<\/div>\n\t\t<div class=\"elementor-element elementor-element-94a8627 e-flex e-con-boxed e-con e-parent\" data-id=\"94a8627\" data-element_type=\"container\" data-e-type=\"container\" data-settings=\"{&quot;background_background&quot;:&quot;classic&quot;}\">\n\t\t\t\t\t<div class=\"e-con-inner\">\n\t\t<div class=\"elementor-element elementor-element-a458116 e-con-full e-flex e-con e-child\" data-id=\"a458116\" data-element_type=\"container\" data-e-type=\"container\">\n\t\t\t\t<div class=\"elementor-element elementor-element-1420be4 elementor-widget elementor-widget-heading\" data-id=\"1420be4\" data-element_type=\"widget\" data-e-type=\"widget\" data-widget_type=\"heading.default\">\n\t\t\t\t\t<h2 class=\"elementor-heading-title elementor-size-default\">La m\u00e1quina invisible<\/h2>\t\t\t\t<\/div>\n\t\t\t\t<div class=\"elementor-element elementor-element-520473c elementor-widget elementor-widget-text-editor\" data-id=\"520473c\" data-element_type=\"widget\" data-e-type=\"widget\" data-widget_type=\"text-editor.default\">\n\t\t\t\t\t\t\t\t\t<p>La sorprendente verdad sobre el trauma y <br \/>El avance cient\u00edfico que puede <br \/>Transforma tu vida<\/p>\t\t\t\t\t\t\t\t<\/div>\n\t\t\t\t<div class=\"elementor-element elementor-element-a71f13c elementor-widget__width-initial elementor-widget elementor-widget-text-editor\" data-id=\"a71f13c\" data-element_type=\"widget\" data-e-type=\"widget\" data-widget_type=\"text-editor.default\">\n\t\t\t\t\t\t\t\t\t<p>Lanzamiento: abril de 2023<\/p>\t\t\t\t\t\t\t\t<\/div>\n\t\t\t\t<div class=\"elementor-element elementor-element-52db7e2 elementor-widget elementor-widget-image\" data-id=\"52db7e2\" data-element_type=\"widget\" data-e-type=\"widget\" data-widget_type=\"image.default\">\n\t\t\t\t\t\t\t\t\t\t\t\t\t\t\t<img decoding=\"async\" width=\"858\" height=\"384\" src=\"https:\/\/dreugenelipov.com\/wp-content\/uploads\/2023\/10\/niea-award-3.png\" class=\"attachment-full size-full wp-image-4652\" alt=\"\" srcset=\"https:\/\/dreugenelipov.com\/wp-content\/uploads\/2023\/10\/niea-award-3.png 858w, https:\/\/dreugenelipov.com\/wp-content\/uploads\/2023\/10\/niea-award-3-300x134.png 300w, https:\/\/dreugenelipov.com\/wp-content\/uploads\/2023\/10\/niea-award-3-768x344.png 768w\" sizes=\"(max-width: 858px) 100vw, 858px\">\t\t\t\t\t\t\t\t\t\t\t\t\t\t\t<\/div>\n\t\t\t\t<div class=\"elementor-element elementor-element-09c929f elementor-widget elementor-widget-text-editor\" data-id=\"09c929f\" data-element_type=\"widget\" data-e-type=\"widget\" data-widget_type=\"text-editor.default\">\n\t\t\t\t\t\t\t\t\t<p>Tejiendo ciencia dura con historias humanas conmovedoras, <strong><em>La m\u00e1quina invisible<\/em><\/strong> Revela c\u00f3mo se desarroll\u00f3 este tratamiento centenario. Tambi\u00e9n cuenta la incre\u00edble historia del peculiar equipo, que incluye al m\u00e9dico, un artista, el liderazgo de las Fuerzas Especiales y un sheriff, quienes trabajan juntos para cambiar nuestra comprensi\u00f3n del trauma y el estr\u00e9s postraum\u00e1tico y su importancia para la sociedad.<\/p>\t\t\t\t\t\t\t\t<\/div>\n\t\t\t\t<div class=\"elementor-element elementor-element-c3b4d2d elementor-widget elementor-widget-button\" data-id=\"c3b4d2d\" data-element_type=\"widget\" data-e-type=\"widget\" data-widget_type=\"button.default\">\n\t\t\t\t\t\t\t\t\t\t<a class=\"elementor-button elementor-button-link elementor-size-sm\" href=\"https:\/\/www.barnesandnoble.com\/w\/the-invisible-machine-eugene-lipov-md\/1143192798\" target=\"_blank\" id=\"tim_audiobook\" rel=\"noopener\">\n\t\t\t\t\t\t<span class=\"elementor-button-content-wrapper\">\n\t\t\t\t\t\t\t\t\t<span class=\"elementor-button-text\">pedir el audiolibro<\/span>\n\t\t\t\t\t<\/span>\n\t\t\t\t\t<\/a>\n\t\t\t\t\t\t\t\t<\/div>\n\t\t\t\t<div class=\"elementor-element elementor-element-7186650 elementor-widget elementor-widget-button\" data-id=\"7186650\" data-element_type=\"widget\" data-e-type=\"widget\" data-widget_type=\"button.default\">\n\t\t\t\t\t\t\t\t\t\t<a class=\"elementor-button elementor-button-link elementor-size-sm\" href=\"https:\/\/www.amazon.com\/Invisible-Machine-Startling-Scientific-Breakthrough\/dp\/163774160X\" target=\"_blank\" id=\"ama_kindle\" rel=\"noopener\">\n\t\t\t\t\t\t<span class=\"elementor-button-content-wrapper\">\n\t\t\t\t\t\t\t\t\t<span class=\"elementor-button-text\">Consigue la edici\u00f3n impresa y Kindle en Amazon<\/span>\n\t\t\t\t\t<\/span>\n\t\t\t\t\t<\/a>\n\t\t\t\t\t\t\t\t<\/div>\n\t\t\t\t<\/div>\n\t\t<div class=\"elementor-element elementor-element-cfe3a96 e-con-full e-flex e-con e-child\" data-id=\"cfe3a96\" data-element_type=\"container\" data-e-type=\"container\">\n\t\t\t\t<div class=\"elementor-element elementor-element-2c70bf7 elementor-widget elementor-widget-image\" data-id=\"2c70bf7\" data-element_type=\"widget\" data-e-type=\"widget\" data-widget_type=\"image.default\">\n\t\t\t\t\t\t\t\t\t\t\t\t\t\t\t<img decoding=\"async\" width=\"1000\" height=\"1000\" src=\"https:\/\/dreugenelipov.com\/wp-content\/uploads\/2025\/08\/invisible-machine-mock-1000.jpg\" class=\"attachment-full size-full wp-image-8234\" alt=\"\" srcset=\"https:\/\/dreugenelipov.com\/wp-content\/uploads\/2025\/08\/invisible-machine-mock-1000.jpg 1000w, https:\/\/dreugenelipov.com\/wp-content\/uploads\/2025\/08\/invisible-machine-mock-1000-300x300.jpg 300w, https:\/\/dreugenelipov.com\/wp-content\/uploads\/2025\/08\/invisible-machine-mock-1000-150x150.jpg 150w, https:\/\/dreugenelipov.com\/wp-content\/uploads\/2025\/08\/invisible-machine-mock-1000-768x768.jpg 768w\" sizes=\"(max-width: 1000px) 100vw, 1000px\">\t\t\t\t\t\t\t\t\t\t\t\t\t\t\t<\/div>\n\t\t\t\t<\/div>\n\t\t\t\t\t<\/div>\n\t\t\t\t<\/div>\n\t\t<div class=\"elementor-element elementor-element-bfbd818 e-flex e-con-boxed e-con e-parent\" data-id=\"bfbd818\" data-element_type=\"container\" data-e-type=\"container\" data-settings=\"{&quot;background_background&quot;:&quot;classic&quot;}\">\n\t\t\t\t\t<div class=\"e-con-inner\">\n\t\t<div class=\"elementor-element elementor-element-2daa6d6 e-con-full e-flex e-con e-child\" data-id=\"2daa6d6\" data-element_type=\"container\" data-e-type=\"container\">\n\t\t\t\t<div class=\"elementor-element elementor-element-9c0eca1 elementor-widget__width-initial elementor-widget elementor-widget-heading\" data-id=\"9c0eca1\" data-element_type=\"widget\" data-e-type=\"widget\" data-widget_type=\"heading.default\">\n\t\t\t\t\t<h2 class=\"elementor-heading-title elementor-size-default\">Estrategia de salida para el trastorno de estr\u00e9s postraum\u00e1tico<\/h2>\t\t\t\t<\/div>\n\t\t\t\t<div class=\"elementor-element elementor-element-8f3a727 elementor-widget-tablet__width-initial elementor-widget elementor-widget-text-editor\" data-id=\"8f3a727\" data-element_type=\"widget\" data-e-type=\"widget\" data-widget_type=\"text-editor.default\">\n\t\t\t\t\t\t\t\t\t<p>Nueva esperanza para los combatientes y los civiles por igual<\/p>\t\t\t\t\t\t\t\t<\/div>\n\t\t\t\t<div class=\"elementor-element elementor-element-cd246bb elementor-widget__width-initial elementor-widget elementor-widget-text-editor\" data-id=\"cd246bb\" data-element_type=\"widget\" data-e-type=\"widget\" data-widget_type=\"text-editor.default\">\n\t\t\t\t\t\t\t\t\t<p>Lanzamiento: 2011<\/p>\t\t\t\t\t\t\t\t<\/div>\n\t\t\t\t<div class=\"elementor-element elementor-element-2041a61 elementor-widget__width-initial elementor-widget elementor-widget-text-editor\" data-id=\"2041a61\" data-element_type=\"widget\" data-e-type=\"widget\" data-widget_type=\"text-editor.default\">\n\t\t\t\t\t\t\t\t\t<p>En <strong><em>Estrategia de salida<\/em><\/strong>, El Dr. Eugene Lipov, especialista en dolor, presenta su revolucionario enfoque para la atenci\u00f3n del trauma, centrado en el bloqueo del ganglio estrellado (BGE), un tratamiento que ofrece alivio del TEPT y el dolor cr\u00f3nico. Combinando historias personales con perspectivas m\u00e9dicas, Lipov desaf\u00eda el pensamiento convencional y presenta el trauma como una condici\u00f3n tratable. Este libro conciso y accesible ofrece un poderoso mensaje de esperanza para quienes buscan recuperar sus vidas del dolor y el trauma no resuelto.<\/p>\t\t\t\t\t\t\t\t<\/div>\n\t\t\t\t<div class=\"elementor-element elementor-element-5b440f3 elementor-widget elementor-widget-button\" data-id=\"5b440f3\" data-element_type=\"widget\" data-e-type=\"widget\" data-widget_type=\"button.default\">\n\t\t\t\t\t\t\t\t\t\t<a class=\"elementor-button elementor-button-link elementor-size-sm\" href=\"https:\/\/dreugenelipov.com\/wp-content\/uploads\/2025\/08\/Exit_Strategy_for-download.pdf\" target=\"_blank\" id=\"book1\">\n\t\t\t\t\t\t<span class=\"elementor-button-content-wrapper\">\n\t\t\t\t\t\t<span class=\"elementor-button-icon\">\n\t\t\t\t<svg aria-hidden=\"true\" class=\"e-font-icon-svg e-fas-file-pdf\" viewbox=\"0 0 384 512\" xmlns=\"http:\/\/www.w3.org\/2000\/svg\"><path d=\"M181.9 256.1c-5-16-4.9-46.9-2-46.9 8.4 0 7.6 36.9 2 46.9zm-1.7 47.2c-7.7 20.2-17.3 43.3-28.4 62.7 18.3-7 39-17.2 62.9-21.9-12.7-9.6-24.9-23.4-34.5-40.8zM86.1 428.1c0 .8 13.2-5.4 34.9-40.2-6.7 6.3-29.1 24.5-34.9 40.2zM248 160h136v328c0 13.3-10.7 24-24 24H24c-13.3 0-24-10.7-24-24V24C0 10.7 10.7 0 24 0h200v136c0 13.2 10.8 24 24 24zm-8 171.8c-20-12.2-33.3-29-42.7-53.8 4.5-18.5 11.6-46.6 6.2-64.2-4.7-29.4-42.4-26.5-47.8-6.8-5 18.3-.4 44.1 8.1 77-11.6 27.6-28.7 64.6-40.8 85.8-.1 0-.1.1-.2.1-27.1 13.9-73.6 44.5-54.5 68 5.6 6.9 16 10 21.5 10 17.9 0 35.7-18 61.1-61.8 25.8-8.5 54.1-19.1 79-23.2 21.7 11.8 47.1 19.5 64 19.5 29.2 0 31.2-32 19.7-43.4-13.9-13.6-54.3-9.7-73.6-7.2zM377 105L279 7c-4.5-4.5-10.6-7-17-7h-6v128h128v-6.1c0-6.3-2.5-12.4-7-16.9zm-74.1 255.3c4.1-2.7-2.5-11.9-42.8-9 37.1 15.8 42.8 9 42.8 9z\"><\/path><\/svg>\t\t\t<\/span>\n\t\t\t\t\t\t\t\t\t<span class=\"elementor-button-text\">Descargar versi\u00f3n pdf<\/span>\n\t\t\t\t\t<\/span>\n\t\t\t\t\t<\/a>\n\t\t\t\t\t\t\t\t<\/div>\n\t\t\t\t<\/div>\n\t\t<div class=\"elementor-element elementor-element-f03a9da e-con-full e-flex e-con e-child\" data-id=\"f03a9da\" data-element_type=\"container\" data-e-type=\"container\">\n\t\t\t\t<div class=\"elementor-element elementor-element-92a9999 elementor-widget elementor-widget-image\" data-id=\"92a9999\" data-element_type=\"widget\" data-e-type=\"widget\" data-widget_type=\"image.default\">\n\t\t\t\t\t\t\t\t\t\t\t\t\t\t\t<img loading=\"lazy\" decoding=\"async\" width=\"1000\" height=\"1000\" src=\"https:\/\/dreugenelipov.com\/wp-content\/uploads\/2025\/08\/exit-strategy-mock-1000.jpg\" class=\"attachment-full size-full wp-image-8235\" alt=\"\" srcset=\"https:\/\/dreugenelipov.com\/wp-content\/uploads\/2025\/08\/exit-strategy-mock-1000.jpg 1000w, https:\/\/dreugenelipov.com\/wp-content\/uploads\/2025\/08\/exit-strategy-mock-1000-300x300.jpg 300w, https:\/\/dreugenelipov.com\/wp-content\/uploads\/2025\/08\/exit-strategy-mock-1000-150x150.jpg 150w, https:\/\/dreugenelipov.com\/wp-content\/uploads\/2025\/08\/exit-strategy-mock-1000-768x768.jpg 768w\" sizes=\"(max-width: 1000px) 100vw, 1000px\">\t\t\t\t\t\t\t\t\t\t\t\t\t\t\t<\/div>\n\t\t\t\t<\/div>\n\t\t\t\t\t<\/div>\n\t\t\t\t<\/div>\n\t\t\t\t<\/div>","protected":false},"excerpt":{"rendered":"<p>Books Books by Dr. Eugene Lipov challenging the status quo in pain and PTSD treatment The God Shot Healing Trauma\u2019s Legacy:The Science, the Stories, the Solution &gt;&gt;\u00a0 Hardcover release: February 17, 2026 The God Shot\u00a0is the upcoming book from Dr. Eugene Lipov, a trailblazer in treating post-traumatic stress, and Lauren Ungeldi. It takes readers inside [&hellip;]<\/p>\n","protected":false},"author":10,"featured_media":8232,"parent":0,"menu_order":0,"comment_status":"closed","ping_status":"closed","template":"","meta":{"footnotes":""},"class_list":["post-8230","page","type-page","status-publish","has-post-thumbnail","hentry"],"_links":{"self":[{"href":"https:\/\/dreugenelipov.com\/es\/wp-json\/wp\/v2\/pages\/8230","targetHints":{"allow":["GET"]}}],"collection":[{"href":"https:\/\/dreugenelipov.com\/es\/wp-json\/wp\/v2\/pages"}],"about":[{"href":"https:\/\/dreugenelipov.com\/es\/wp-json\/wp\/v2\/types\/page"}],"author":[{"embeddable":true,"href":"https:\/\/dreugenelipov.com\/es\/wp-json\/wp\/v2\/users\/10"}],"replies":[{"embeddable":true,"href":"https:\/\/dreugenelipov.com\/es\/wp-json\/wp\/v2\/comments?post=8230"}],"version-history":[{"count":47,"href":"https:\/\/dreugenelipov.com\/es\/wp-json\/wp\/v2\/pages\/8230\/revisions"}],"predecessor-version":[{"id":10952,"href":"https:\/\/dreugenelipov.com\/es\/wp-json\/wp\/v2\/pages\/8230\/revisions\/10952"}],"wp:featuredmedia":[{"embeddable":true,"href":"https:\/\/dreugenelipov.com\/es\/wp-json\/wp\/v2\/media\/8232"}],"wp:attachment":[{"href":"https:\/\/dreugenelipov.com\/es\/wp-json\/wp\/v2\/media?parent=8230"}],"curies":[{"name":"wp","href":"https:\/\/api.w.org\/{rel}","templated":true}]}}