{"id":6798,"date":"2024-11-16T21:23:37","date_gmt":"2024-11-16T21:23:37","guid":{"rendered":"https:\/\/dreugenelipov.com\/?page_id=6798"},"modified":"2026-02-10T18:58:34","modified_gmt":"2026-02-10T18:58:34","slug":"challenge-save-lives","status":"publish","type":"page","link":"https:\/\/dreugenelipov.com\/es\/challenge-save-lives\/","title":{"rendered":"El reto de salvar vidas"},"content":{"rendered":"<div data-elementor-type=\"wp-page\" data-elementor-id=\"6798\" class=\"elementor elementor-6798\" data-elementor-post-type=\"page\">\n\t\t\t\t<div class=\"elementor-element elementor-element-9e7a483 e-con-full e-flex e-con e-parent\" data-id=\"9e7a483\" data-element_type=\"container\" data-e-type=\"container\" data-settings=\"{&quot;background_background&quot;:&quot;classic&quot;}\">\n\t\t<div class=\"elementor-element elementor-element-56deebb5 e-con-full e-flex e-con e-child\" data-id=\"56deebb5\" data-element_type=\"container\" data-e-type=\"container\" data-settings=\"{&quot;background_background&quot;:&quot;classic&quot;}\">\n\t\t\t\t<div class=\"elementor-element elementor-element-5557aee6 elementor-widget elementor-widget-heading\" data-id=\"5557aee6\" data-element_type=\"widget\" data-e-type=\"widget\" data-widget_type=\"heading.default\">\n\t\t\t\t\t<h1 class=\"elementor-heading-title elementor-size-default\">\u00danete al desaf\u00edo para salvar vidas.<\/h1>\t\t\t\t<\/div>\n\t\t\t\t<\/div>\n\t\t\t\t<\/div>\n\t\t<div class=\"elementor-element elementor-element-af35e4d e-con-full e-flex e-con e-parent\" data-id=\"af35e4d\" data-element_type=\"container\" data-e-type=\"container\" data-settings=\"{&quot;background_background&quot;:&quot;classic&quot;}\">\n\t\t\t\t<div class=\"elementor-element elementor-element-74622bc3 elementor-widget-tablet__width-inherit elementor-widget-mobile__width-initial elementor-widget elementor-widget-heading\" data-id=\"74622bc3\" data-element_type=\"widget\" data-e-type=\"widget\" data-widget_type=\"heading.default\">\n\t\t\t\t\t<h2 class=\"elementor-heading-title elementor-size-default\">Ayuda a desarrollar un dispositivo para evaluar el riesgo de suicidio y el trastorno de estr\u00e9s postraum\u00e1tico (TEPT).<\/h2>\t\t\t\t<\/div>\n\t\t\t\t<\/div>\n\t\t<div class=\"elementor-element elementor-element-c082af0 e-flex e-con-boxed e-con e-parent\" data-id=\"c082af0\" data-element_type=\"container\" data-e-type=\"container\" data-settings=\"{&quot;background_background&quot;:&quot;classic&quot;}\">\n\t\t\t\t\t<div class=\"e-con-inner\">\n\t\t\t\t<div class=\"elementor-element elementor-element-a135713 elementor-widget elementor-widget-image\" data-id=\"a135713\" data-element_type=\"widget\" data-e-type=\"widget\" data-widget_type=\"image.default\">\n\t\t\t\t\t\t\t\t\t\t\t\t\t\t\t<img fetchpriority=\"high\" decoding=\"async\" width=\"1800\" height=\"967\" src=\"https:\/\/dreugenelipov.com\/wp-content\/uploads\/2024\/11\/challenge-coin.jpg\" class=\"attachment-full size-full wp-image-6810\" alt=\"\" srcset=\"https:\/\/dreugenelipov.com\/wp-content\/uploads\/2024\/11\/challenge-coin.jpg 1800w, https:\/\/dreugenelipov.com\/wp-content\/uploads\/2024\/11\/challenge-coin-300x161.jpg 300w, https:\/\/dreugenelipov.com\/wp-content\/uploads\/2024\/11\/challenge-coin-1024x550.jpg 1024w, https:\/\/dreugenelipov.com\/wp-content\/uploads\/2024\/11\/challenge-coin-768x413.jpg 768w, https:\/\/dreugenelipov.com\/wp-content\/uploads\/2024\/11\/challenge-coin-1536x825.jpg 1536w\" sizes=\"(max-width: 1800px) 100vw, 1800px\">\t\t\t\t\t\t\t\t\t\t\t\t\t\t\t<\/div>\n\t\t\t\t\t<\/div>\n\t\t\t\t<\/div>\n\t\t<div class=\"elementor-element elementor-element-64f77bb e-flex e-con-boxed e-con e-parent\" data-id=\"64f77bb\" data-element_type=\"container\" data-e-type=\"container\" data-settings=\"{&quot;background_background&quot;:&quot;classic&quot;}\">\n\t\t\t\t\t<div class=\"e-con-inner\">\n\t\t<div class=\"elementor-element elementor-element-a588d34 e-con-full e-flex e-con e-child\" data-id=\"a588d34\" data-element_type=\"container\" data-e-type=\"container\">\n\t\t\t\t<div class=\"elementor-element elementor-element-153ed46 elementor-widget-mobile__width-initial elementor-widget elementor-widget-heading\" data-id=\"153ed46\" data-element_type=\"widget\" data-e-type=\"widget\" data-widget_type=\"heading.default\">\n\t\t\t\t\t<h2 class=\"elementor-heading-title elementor-size-default\">Forma parte de una misi\u00f3n que salva vidas.<\/h2>\t\t\t\t<\/div>\n\t\t\t\t<div class=\"elementor-element elementor-element-7ff2b90 elementor-widget elementor-widget-text-editor\" data-id=\"7ff2b90\" data-element_type=\"widget\" data-e-type=\"widget\" data-widget_type=\"text-editor.default\">\n\t\t\t\t\t\t\t\t\t<p>Seg\u00fan datos recientes de los Centros para el Control y la Prevenci\u00f3n de Enfermedades de EE. UU., la tasa de suicidios en Estados Unidos ha alcanzado su nivel m\u00e1s alto desde 1941. Esta tr\u00e1gica tendencia incluye un aumento significativo de suicidios entre los veteranos militares estadounidenses, como lo destacan numerosos estudios.<\/p><p>Con una contribuci\u00f3n m\u00ednima de tan solo $35 (m\u00e1s $12-$25 de gastos de env\u00edo), puedes apoyar el desarrollo de una innovadora herramienta basada en inteligencia artificial que evaluar\u00e1 el riesgo de suicidio y la gravedad del TEPT, lo que ayudar\u00e1 a orientar las intervenciones y brindar\u00e1 esperanza a veteranos y sus familias en todo el pa\u00eds. Como muestra de nuestro agradecimiento, recibir\u00e1s la moneda conmemorativa que se muestra arriba (por cada contribuci\u00f3n de $35) y actualizaciones peri\u00f3dicas sobre el progreso del proyecto.<\/p>\t\t\t\t\t\t\t\t<\/div>\n\t\t\t\t<div class=\"elementor-element elementor-element-f35ee91 elementor-widget-divider--view-line elementor-widget elementor-widget-divider\" data-id=\"f35ee91\" data-element_type=\"widget\" data-e-type=\"widget\" data-widget_type=\"divider.default\">\n\t\t\t\t\t\t\t<div class=\"elementor-divider\">\n\t\t\t<span class=\"elementor-divider-separator\">\n\t\t\t\t\t\t<\/span>\n\t\t<\/div>\n\t\t\t\t\t\t<\/div>\n\t\t\t\t<div class=\"elementor-element elementor-element-fa5f478 elementor-widget elementor-widget-text-editor\" data-id=\"fa5f478\" data-element_type=\"widget\" data-e-type=\"widget\" data-widget_type=\"text-editor.default\">\n\t\t\t\t\t\t\t\t\t<p><strong>Para hasta tres<\/strong> Para realizar donaciones a $35, utilice este bot\u00f3n:<\/p>\t\t\t\t\t\t\t\t<\/div>\n\t\t\t\t<div class=\"elementor-element elementor-element-daf992b elementor-widget elementor-widget-html\" data-id=\"daf992b\" data-element_type=\"widget\" data-e-type=\"widget\" data-widget_type=\"html.default\">\n\t\t\t\t\t<style>.pp-SXMWY45GLQBGE{text-align:center;border:0px solid #000;border-radius:1.5rem;min-width:9.625rem;padding:0 2rem;height:2.025rem;font-weight:bold;background-color:#ffffff;color:#000000;font-family:\"Poppins\",Arial,sans-serif;font-size:18px;font-weight:600;line-height:2.25rem;cursor:pointer;}<\/style>\n<form action=\"https:\/\/www.paypal.com\/ncp\/payment\/SXMWY45GLQBGE\" method=\"post\" target=\"_top\" style=\"display:inline-grid;justify-items:center;align-content:start;gap:0.5rem;\">\n\n  <input class=\"pp-SXMWY45GLQBGE\" type=\"submit\" value=\"Dona ahora (1-3)\" \/>\n\n  <img src=\"https:\/\/www.paypalobjects.com\/images\/Debit_Credit_APM.svg\" alt=\"cards\" \/>\n\n  <section> Desarrollado por <img decoding=\"async\" src=\"https:\/\/www.paypalobjects.com\/paypal-ui\/logos\/svg\/paypal-wordmark-color.svg\" alt=\"paypal\" style=\"height:0.875rem;vertical-align:middle;\"\/><\/section>\n<\/form>\t\t\t\t<\/div>\n\t\t\t\t<div class=\"elementor-element elementor-element-e4b58cb elementor-widget-divider--view-line elementor-widget elementor-widget-divider\" data-id=\"e4b58cb\" data-element_type=\"widget\" data-e-type=\"widget\" data-widget_type=\"divider.default\">\n\t\t\t\t\t\t\t<div class=\"elementor-divider\">\n\t\t\t<span class=\"elementor-divider-separator\">\n\t\t\t\t\t\t<\/span>\n\t\t<\/div>\n\t\t\t\t\t\t<\/div>\n\t\t\t\t<div class=\"elementor-element elementor-element-319d2e5 elementor-widget elementor-widget-text-editor\" data-id=\"319d2e5\" data-element_type=\"widget\" data-e-type=\"widget\" data-widget_type=\"text-editor.default\">\n\t\t\t\t\t\t\t\t\t<p><strong>De tres a diez<\/strong> Para realizar donaciones a $35, utilice este bot\u00f3n:<\/p>\t\t\t\t\t\t\t\t<\/div>\n\t\t\t\t<div class=\"elementor-element elementor-element-fd70ecc elementor-widget elementor-widget-html\" data-id=\"fd70ecc\" data-element_type=\"widget\" data-e-type=\"widget\" data-widget_type=\"html.default\">\n\t\t\t\t\t<style>.pp-5E63K2K379LYW{text-align:center;border:0px solid #000;border-radius:1.5rem;min-width:9.625rem;padding:0 2rem;height:2.025rem;font-weight:bold;background-color:#ffffff;color:#000000;font-family:\"Poppins\",Arial,sans-serif;font-size:18px;font-weight:600;line-height:2.25rem;cursor:pointer;}<\/style>\n<form action=\"https:\/\/www.paypal.com\/ncp\/payment\/5E63K2K379LYW\" method=\"post\" target=\"_top\" style=\"display:inline-grid;justify-items:center;align-content:start;gap:0.5rem;\">\n\n  <input class=\"pp-5E63K2K379LYW\" type=\"submit\" value=\"Dona ahora (3-10)\" \/>\n\n  <img src=\"https:\/\/www.paypalobjects.com\/images\/Debit_Credit_APM.svg\" alt=\"cards\" \/>\n\n  <section> Desarrollado por <img decoding=\"async\" src=\"https:\/\/www.paypalobjects.com\/paypal-ui\/logos\/svg\/paypal-wordmark-color.svg\" alt=\"paypal\" style=\"height:0.875rem;vertical-align:middle;\"\/><\/section>\n<\/form>\t\t\t\t<\/div>\n\t\t\t\t<\/div>\n\t\t\t\t\t<\/div>\n\t\t\t\t<\/div>\n\t\t\t\t<\/div>","protected":false},"excerpt":{"rendered":"<p>Be part of a life-saving mission! Together, we can create a tool to support those at risk. Every contribution goes toward developing advanced technology to assess mental health and guide intervention efforts.<\/p>","protected":false},"author":10,"featured_media":6850,"parent":0,"menu_order":0,"comment_status":"closed","ping_status":"closed","template":"","meta":{"footnotes":""},"class_list":["post-6798","page","type-page","status-publish","has-post-thumbnail","hentry"],"_links":{"self":[{"href":"https:\/\/dreugenelipov.com\/es\/wp-json\/wp\/v2\/pages\/6798","targetHints":{"allow":["GET"]}}],"collection":[{"href":"https:\/\/dreugenelipov.com\/es\/wp-json\/wp\/v2\/pages"}],"about":[{"href":"https:\/\/dreugenelipov.com\/es\/wp-json\/wp\/v2\/types\/page"}],"author":[{"embeddable":true,"href":"https:\/\/dreugenelipov.com\/es\/wp-json\/wp\/v2\/users\/10"}],"replies":[{"embeddable":true,"href":"https:\/\/dreugenelipov.com\/es\/wp-json\/wp\/v2\/comments?post=6798"}],"version-history":[{"count":127,"href":"https:\/\/dreugenelipov.com\/es\/wp-json\/wp\/v2\/pages\/6798\/revisions"}],"predecessor-version":[{"id":8213,"href":"https:\/\/dreugenelipov.com\/es\/wp-json\/wp\/v2\/pages\/6798\/revisions\/8213"}],"wp:featuredmedia":[{"embeddable":true,"href":"https:\/\/dreugenelipov.com\/es\/wp-json\/wp\/v2\/media\/6850"}],"wp:attachment":[{"href":"https:\/\/dreugenelipov.com\/es\/wp-json\/wp\/v2\/media?parent=6798"}],"curies":[{"name":"wp","href":"https:\/\/api.w.org\/{rel}","templated":true}]}}