{"id":10488,"date":"2026-03-06T18:16:52","date_gmt":"2026-03-06T18:16:52","guid":{"rendered":"https:\/\/dreugenelipov.com\/?page_id=10488"},"modified":"2026-04-06T15:58:24","modified_gmt":"2026-04-06T15:58:24","slug":"in-the-news","status":"publish","type":"page","link":"https:\/\/dreugenelipov.com\/es\/in-the-news\/","title":{"rendered":"En las noticias"},"content":{"rendered":"<div data-elementor-type=\"wp-page\" data-elementor-id=\"10488\" class=\"elementor elementor-10488\" data-elementor-post-type=\"page\">\n\t\t\t\t<div class=\"elementor-element elementor-element-2aedf396 e-con-full e-flex e-con e-parent\" data-id=\"2aedf396\" data-element_type=\"container\" data-e-type=\"container\">\n\t\t<div class=\"elementor-element elementor-element-7ac362cb e-flex e-con-boxed e-con e-child\" data-id=\"7ac362cb\" data-element_type=\"container\" data-e-type=\"container\" data-settings=\"{&quot;background_background&quot;:&quot;classic&quot;}\">\n\t\t\t\t\t<div class=\"e-con-inner\">\n\t\t\t\t<div class=\"elementor-element elementor-element-5306763f elementor-widget elementor-widget-heading\" data-id=\"5306763f\" data-element_type=\"widget\" data-e-type=\"widget\" data-widget_type=\"heading.default\">\n\t\t\t\t\t<h6 class=\"elementor-heading-title elementor-size-default\">En los medios de comunicaci\u00f3n 2026<\/h6>\t\t\t\t<\/div>\n\t\t\t\t<div class=\"elementor-element elementor-element-68d5e8ce elementor-widget elementor-widget-heading\" data-id=\"68d5e8ce\" data-element_type=\"widget\" data-e-type=\"widget\" data-widget_type=\"heading.default\">\n\t\t\t\t\t<h3 class=\"elementor-heading-title elementor-size-default\">Noticias destacadas del Dr. Eugene Lipov<\/h3>\t\t\t\t<\/div>\n\t\t\t\t<div class=\"elementor-element elementor-element-7e939b4c elementor-widget elementor-widget-button\" data-id=\"7e939b4c\" data-element_type=\"widget\" data-e-type=\"widget\" data-widget_type=\"button.default\">\n\t\t\t\t\t\t\t\t\t\t<a class=\"elementor-button elementor-button-link elementor-size-sm\" href=\"#\">\n\t\t\t\t\t\t<span class=\"elementor-button-content-wrapper\">\n\t\t\t\t\t\t\t\t\t<span class=\"elementor-button-text\">Mira a continuaci\u00f3n<\/span>\n\t\t\t\t\t<\/span>\n\t\t\t\t\t<\/a>\n\t\t\t\t\t\t\t\t<\/div>\n\t\t\t\t\t<\/div>\n\t\t\t\t<\/div>\n\t\t\t\t<\/div>\n\t\t<div class=\"elementor-element elementor-element-77139ba1 e-flex e-con-boxed e-con e-parent\" data-id=\"77139ba1\" data-element_type=\"container\" data-e-type=\"container\" data-settings=\"{&quot;background_background&quot;:&quot;classic&quot;}\">\n\t\t\t\t\t<div class=\"e-con-inner\">\n\t\t<div class=\"elementor-element elementor-element-3c8ecbe1 e-con-full e-flex e-con e-child\" data-id=\"3c8ecbe1\" data-element_type=\"container\" data-e-type=\"container\">\n\t\t\t\t<div class=\"elementor-element elementor-element-7f329917 elementor-widget elementor-widget-video\" data-id=\"7f329917\" data-element_type=\"widget\" data-e-type=\"widget\" data-settings=\"{&quot;youtube_url&quot;:&quot;https:\\\/\\\/youtu.be\\\/tyTUGHtzG_Y&quot;,&quot;video_type&quot;:&quot;youtube&quot;,&quot;controls&quot;:&quot;yes&quot;}\" data-widget_type=\"video.default\">\n\t\t\t\t\t\t\t<div class=\"elementor-wrapper elementor-open-inline\">\n\t\t\t<div class=\"elementor-video\"><\/div>\t\t<\/div>\n\t\t\t\t\t\t<\/div>\n\t\t\t\t<div class=\"elementor-element elementor-element-102a3671 elementor-widget elementor-widget-text-editor\" data-id=\"102a3671\" data-element_type=\"widget\" data-e-type=\"widget\" data-widget_type=\"text-editor.default\">\n\t\t\t\t\t\t\t\t\t<p>Los memes no son solo chistes en internet, son ideas que se difunden entre las personas. Este concepto, llamado <strong data-start=\"1074\" data-end=\"1098\">transmisi\u00f3n mem\u00e9tica<\/strong>, sugiere que los s\u00edntomas pueden transmitirse de persona a persona a trav\u00e9s de la comunicaci\u00f3n, como v\u00eddeos, publicaciones o historias.<\/p>\t\t\t\t\t\t\t\t<\/div>\n\t\t\t\t<\/div>\n\t\t<div class=\"elementor-element elementor-element-1ce24677 e-con-full e-flex e-con e-child\" data-id=\"1ce24677\" data-element_type=\"container\" data-e-type=\"container\">\n\t\t\t\t<div class=\"elementor-element elementor-element-5b14e1a2 elementor-widget elementor-widget-video\" data-id=\"5b14e1a2\" data-element_type=\"widget\" data-e-type=\"widget\" data-settings=\"{&quot;youtube_url&quot;:&quot;https:\\\/\\\/www.youtube.com\\\/watch?v=baMfd1E9iPo&quot;,&quot;video_type&quot;:&quot;youtube&quot;,&quot;controls&quot;:&quot;yes&quot;}\" data-widget_type=\"video.default\">\n\t\t\t\t\t\t\t<div class=\"elementor-wrapper elementor-open-inline\">\n\t\t\t<div class=\"elementor-video\"><\/div>\t\t<\/div>\n\t\t\t\t\t\t<\/div>\n\t\t\t\t<div class=\"elementor-element elementor-element-47bfcee4 elementor-widget elementor-widget-text-editor\" data-id=\"47bfcee4\" data-element_type=\"widget\" data-e-type=\"widget\" data-widget_type=\"text-editor.default\">\n\t\t\t\t\t\t\t\t\t<div id=\"expanded\" class=\"style-scope ytd-text-inline-expander\"><span class=\"yt-core-attributed-string yt-core-attributed-string--white-space-pre-wrap\" dir=\"auto\" role=\"text\"><span class=\"yt-core-attributed-string--link-inherit-color\" dir=\"auto\">En esta reveladora entrevista, el Dr. Eugene Lipov, psic\u00f3logo biol\u00f3gico, profundiza en la creciente tendencia de \u201cbloquear\u201d los tel\u00e9fonos inteligentes, un comportamiento en el que las personas desactivan o degradan intencionalmente sus dispositivos para recuperar el control sobre el uso compulsivo.<\/span><\/span><\/div>\t\t\t\t\t\t\t\t<\/div>\n\t\t\t\t<\/div>\n\t\t<div class=\"elementor-element elementor-element-74a8afc8 e-con-full e-flex e-con e-child\" data-id=\"74a8afc8\" data-element_type=\"container\" data-e-type=\"container\">\n\t\t\t\t<div class=\"elementor-element elementor-element-482ea6e8 elementor-widget elementor-widget-video\" data-id=\"482ea6e8\" data-element_type=\"widget\" data-e-type=\"widget\" data-settings=\"{&quot;youtube_url&quot;:&quot;https:\\\/\\\/www.youtube.com\\\/watch?v=2hGkb2Ch5tI&quot;,&quot;video_type&quot;:&quot;youtube&quot;,&quot;controls&quot;:&quot;yes&quot;}\" data-widget_type=\"video.default\">\n\t\t\t\t\t\t\t<div class=\"elementor-wrapper elementor-open-inline\">\n\t\t\t<div class=\"elementor-video\"><\/div>\t\t<\/div>\n\t\t\t\t\t\t<\/div>\n\t\t\t\t<div class=\"elementor-element elementor-element-bfc608e elementor-widget elementor-widget-text-editor\" data-id=\"bfc608e\" data-element_type=\"widget\" data-e-type=\"widget\" data-widget_type=\"text-editor.default\">\n\t\t\t\t\t\t\t\t\t<p>El Dr. Eugene Lipov se une al presentador de noticias para brindar su perspectiva experta sobre la situaci\u00f3n. Vea la entrevista completa para obtener las \u00faltimas novedades y consejos sobre c\u00f3mo protegerse y proteger a su familia de una posible exposici\u00f3n.<\/p>\t\t\t\t\t\t\t\t<\/div>\n\t\t\t\t<\/div>\n\t\t\t\t\t<\/div>\n\t\t\t\t<\/div>\n\t\t<div class=\"elementor-element elementor-element-a35767c e-flex e-con-boxed e-con e-parent\" data-id=\"a35767c\" data-element_type=\"container\" data-e-type=\"container\" data-settings=\"{&quot;background_background&quot;:&quot;classic&quot;}\">\n\t\t\t\t\t<div class=\"e-con-inner\">\n\t\t<div class=\"elementor-element elementor-element-4982f5f e-con-full e-flex e-con e-child\" data-id=\"4982f5f\" data-element_type=\"container\" data-e-type=\"container\">\n\t\t\t\t<div class=\"elementor-element elementor-element-10712d0 elementor-widget elementor-widget-video\" data-id=\"10712d0\" data-element_type=\"widget\" data-e-type=\"widget\" data-settings=\"{&quot;youtube_url&quot;:&quot;https:\\\/\\\/www.youtube.com\\\/watch?v=0ENIY7FaQdw&quot;,&quot;video_type&quot;:&quot;youtube&quot;,&quot;controls&quot;:&quot;yes&quot;}\" data-widget_type=\"video.default\">\n\t\t\t\t\t\t\t<div class=\"elementor-wrapper elementor-open-inline\">\n\t\t\t<div class=\"elementor-video\"><\/div>\t\t<\/div>\n\t\t\t\t\t\t<\/div>\n\t\t\t\t<div class=\"elementor-element elementor-element-80b88c2 elementor-widget elementor-widget-text-editor\" data-id=\"80b88c2\" data-element_type=\"widget\" data-e-type=\"widget\" data-widget_type=\"text-editor.default\">\n\t\t\t\t\t\t\t\t\tEl Dr. Eugene Lipov analiza la peligrosa relaci\u00f3n entre los algoritmos acelerados y el aumento de los \u00edndices de ansiedad y trastorno de estr\u00e9s postraum\u00e1tico (TEPT) en los j\u00f3venes usuarios de redes sociales. Compara la interacci\u00f3n digital con una m\u00e1quina tragamonedas que mantiene a los usuarios enganchados mediante recompensas inconsistentes y validaci\u00f3n social.\t\t\t\t\t\t\t\t<\/div>\n\t\t\t\t<\/div>\n\t\t<div class=\"elementor-element elementor-element-444f7e7 e-con-full e-flex e-con e-child\" data-id=\"444f7e7\" data-element_type=\"container\" data-e-type=\"container\">\n\t\t\t\t<div class=\"elementor-element elementor-element-39b8086 elementor-widget elementor-widget-video\" data-id=\"39b8086\" data-element_type=\"widget\" data-e-type=\"widget\" data-settings=\"{&quot;youtube_url&quot;:&quot;https:\\\/\\\/youtu.be\\\/R0ETpC3vtXM?si=xuHVI0sT6wb_uhfy&quot;,&quot;video_type&quot;:&quot;youtube&quot;,&quot;controls&quot;:&quot;yes&quot;}\" data-widget_type=\"video.default\">\n\t\t\t\t\t\t\t<div class=\"elementor-wrapper elementor-open-inline\">\n\t\t\t<div class=\"elementor-video\"><\/div>\t\t<\/div>\n\t\t\t\t\t\t<\/div>\n\t\t\t\t<div class=\"elementor-element elementor-element-28ae245 elementor-widget elementor-widget-text-editor\" data-id=\"28ae245\" data-element_type=\"widget\" data-e-type=\"widget\" data-widget_type=\"text-editor.default\">\n\t\t\t\t\t\t\t\t\tEl Dr. Eugene Lipov se une a NewsMax para explicar las ra\u00edces biol\u00f3gicas del trastorno afectivo estacional y c\u00f3mo los cambios hormonales afectan tu energ\u00eda. Mira ahora para descubrir consejos con respaldo cient\u00edfico, como la fototerapia y el ejercicio, para estabilizar tu estado de \u00e1nimo y recuperar el control durante el invierno.\t\t\t\t\t\t\t\t<\/div>\n\t\t\t\t<\/div>\n\t\t<div class=\"elementor-element elementor-element-b46584e e-con-full e-flex e-con e-child\" data-id=\"b46584e\" data-element_type=\"container\" data-e-type=\"container\">\n\t\t\t\t<div class=\"elementor-element elementor-element-802d339 elementor-widget elementor-widget-video\" data-id=\"802d339\" data-element_type=\"widget\" data-e-type=\"widget\" data-settings=\"{&quot;youtube_url&quot;:&quot;https:\\\/\\\/youtu.be\\\/yKaxW6mpunM?si=WcZIykadCYUrchv5&quot;,&quot;video_type&quot;:&quot;youtube&quot;,&quot;controls&quot;:&quot;yes&quot;}\" data-widget_type=\"video.default\">\n\t\t\t\t\t\t\t<div class=\"elementor-wrapper elementor-open-inline\">\n\t\t\t<div class=\"elementor-video\"><\/div>\t\t<\/div>\n\t\t\t\t\t\t<\/div>\n\t\t\t\t<div class=\"elementor-element elementor-element-54ac869 elementor-widget elementor-widget-text-editor\" data-id=\"54ac869\" data-element_type=\"widget\" data-e-type=\"widget\" data-widget_type=\"text-editor.default\">\n\t\t\t\t\t\t\t\t\tEn este v\u00eddeo, el Dr. Eugene Lipov habla sobre su libro, &quot;The God Shot: Healing Trauma&quot; (El disparo divino: Curando el trauma), y su trabajo pionero con el bloqueo del ganglio estrellado (SGB), un procedimiento que \u00e9l denomina &quot;El disparo divino&quot; por su capacidad para aliviar r\u00e1pidamente los s\u00edntomas del TEPT (Trastorno de Estr\u00e9s Postraum\u00e1tico).\t\t\t\t\t\t\t\t<\/div>\n\t\t\t\t<\/div>\n\t\t\t\t\t<\/div>\n\t\t\t\t<\/div>\n\t\t<div class=\"elementor-element elementor-element-a41b238 e-flex e-con-boxed e-con e-parent\" data-id=\"a41b238\" data-element_type=\"container\" data-e-type=\"container\" data-settings=\"{&quot;background_background&quot;:&quot;classic&quot;}\">\n\t\t\t\t\t<div class=\"e-con-inner\">\n\t\t<div class=\"elementor-element elementor-element-7cd87b1 e-con-full e-flex e-con e-child\" data-id=\"7cd87b1\" data-element_type=\"container\" data-e-type=\"container\">\n\t\t\t\t<div class=\"elementor-element elementor-element-073a446 elementor-widget elementor-widget-video\" data-id=\"073a446\" data-element_type=\"widget\" data-e-type=\"widget\" data-settings=\"{&quot;youtube_url&quot;:&quot;https:\\\/\\\/youtu.be\\\/CRCZfYXUWFs?si=s6dughmzrpWZPcDZ&quot;,&quot;video_type&quot;:&quot;youtube&quot;,&quot;controls&quot;:&quot;yes&quot;}\" data-widget_type=\"video.default\">\n\t\t\t\t\t\t\t<div class=\"elementor-wrapper elementor-open-inline\">\n\t\t\t<div class=\"elementor-video\"><\/div>\t\t<\/div>\n\t\t\t\t\t\t<\/div>\n\t\t\t\t<div class=\"elementor-element elementor-element-ea13de2 elementor-widget elementor-widget-text-editor\" data-id=\"ea13de2\" data-element_type=\"widget\" data-e-type=\"widget\" data-widget_type=\"text-editor.default\">\n\t\t\t\t\t\t\t\t\t<p>El Dr. Eugene Lipov habla sobre el Mes Nacional de Concientizaci\u00f3n sobre el C\u00e1ncer Colorrectal y los \u00faltimos avances en prevenci\u00f3n y detecci\u00f3n temprana. El Dr. Lipov ofrece consejos sobre c\u00f3mo realizar cambios en el estilo de vida para reducir el riesgo, como mejorar la alimentaci\u00f3n y los h\u00e1bitos de ejercicio.<\/p>\t\t\t\t\t\t\t\t<\/div>\n\t\t\t\t<\/div>\n\t\t<div class=\"elementor-element elementor-element-5a4da63 e-con-full e-flex e-con e-child\" data-id=\"5a4da63\" data-element_type=\"container\" data-e-type=\"container\">\n\t\t\t\t<\/div>\n\t\t<div class=\"elementor-element elementor-element-ec95566 e-con-full e-flex e-con e-child\" data-id=\"ec95566\" data-element_type=\"container\" data-e-type=\"container\">\n\t\t\t\t<\/div>\n\t\t\t\t\t<\/div>\n\t\t\t\t<\/div>\n\t\t\t\t<\/div>","protected":false},"excerpt":{"rendered":"<p>In the media 2026 News Features of Eugene Lipov, MD Watch Below https:\/\/youtu.be\/tyTUGHtzG_Y Memes aren\u2019t just jokes on the internet, they\u2019re ideas that spread between people. This concept, called memetic transmission, suggests symptoms can pass from person to person through communication like videos, posts, or stories. https:\/\/www.youtube.com\/watch?v=baMfd1E9iPoIn this insightful interview, Dr. Eugene Lipov, a biological [&hellip;]<\/p>\n","protected":false},"author":14,"featured_media":0,"parent":0,"menu_order":0,"comment_status":"closed","ping_status":"closed","template":"","meta":{"footnotes":""},"class_list":["post-10488","page","type-page","status-publish","hentry"],"_links":{"self":[{"href":"https:\/\/dreugenelipov.com\/es\/wp-json\/wp\/v2\/pages\/10488","targetHints":{"allow":["GET"]}}],"collection":[{"href":"https:\/\/dreugenelipov.com\/es\/wp-json\/wp\/v2\/pages"}],"about":[{"href":"https:\/\/dreugenelipov.com\/es\/wp-json\/wp\/v2\/types\/page"}],"author":[{"embeddable":true,"href":"https:\/\/dreugenelipov.com\/es\/wp-json\/wp\/v2\/users\/14"}],"replies":[{"embeddable":true,"href":"https:\/\/dreugenelipov.com\/es\/wp-json\/wp\/v2\/comments?post=10488"}],"version-history":[{"count":35,"href":"https:\/\/dreugenelipov.com\/es\/wp-json\/wp\/v2\/pages\/10488\/revisions"}],"predecessor-version":[{"id":10739,"href":"https:\/\/dreugenelipov.com\/es\/wp-json\/wp\/v2\/pages\/10488\/revisions\/10739"}],"wp:attachment":[{"href":"https:\/\/dreugenelipov.com\/es\/wp-json\/wp\/v2\/media?parent=10488"}],"curies":[{"name":"wp","href":"https:\/\/api.w.org\/{rel}","templated":true}]}}