{"id":10260,"date":"2026-02-19T16:45:00","date_gmt":"2026-02-19T16:45:00","guid":{"rendered":"https:\/\/dreugenelipov.com\/?page_id=10260"},"modified":"2026-02-24T12:28:06","modified_gmt":"2026-02-24T12:28:06","slug":"global","status":"publish","type":"page","link":"https:\/\/dreugenelipov.com\/es\/global\/","title":{"rendered":"Global"},"content":{"rendered":"<div data-elementor-type=\"wp-page\" data-elementor-id=\"10260\" class=\"elementor elementor-10260\" data-elementor-post-type=\"page\">\n\t\t\t\t<div class=\"elementor-element elementor-element-39f70c5 e-con-full e-flex e-con e-parent\" data-id=\"39f70c5\" data-element_type=\"container\" data-e-type=\"container\" data-settings=\"{&quot;background_background&quot;:&quot;classic&quot;}\">\n\t\t<div class=\"elementor-element elementor-element-e0c6317 e-con-full e-flex e-con e-child\" data-id=\"e0c6317\" data-element_type=\"container\" data-e-type=\"container\" data-settings=\"{&quot;background_background&quot;:&quot;classic&quot;}\">\n\t\t\t\t<div class=\"elementor-element elementor-element-b23c666 elementor-view-framed elementor-widget__width-auto elementor-shape-circle elementor-invisible elementor-widget elementor-widget-icon\" data-id=\"b23c666\" data-element_type=\"widget\" data-e-type=\"widget\" data-settings=\"{&quot;_animation&quot;:&quot;zoomIn&quot;}\" data-widget_type=\"icon.default\">\n\t\t\t\t\t\t\t<div class=\"elementor-icon-wrapper\">\n\t\t\t<div class=\"elementor-icon elementor-animation-rotate\">\n\t\t\t<svg xmlns=\"http:\/\/www.w3.org\/2000\/svg\" id=\"a6e4e448-62eb-4a20-8ade-ac923322afab\" data-name=\"Layer 1\" width=\"148\" height=\"148\" viewbox=\"0 0 148 148\"><g style=\"opacity:0\"><rect width=\"148\" height=\"148\" style=\"fill:#fff\"><\/rect><\/g><path d=\"M128.3635,69.5112a42.9871,42.9871,0,0,0-12.6445-5.9883c-.554-.1768-1.1238-.3466-1.6955-.5155C109.5826,43.0188,93.3268,28.1509,74,28.1509S38.418,43.019,33.9774,63.0079c-.5722.169-1.1425.339-1.6969.516a42.9654,42.9654,0,0,0-12.644,5.9873C16.56,71.8335,15,74.3,15,76.8433s1.56,5.0107,4.6367,7.332a42.9685,42.9685,0,0,0,12.644,5.9883c1.13.3607,2.3067.7,3.5091,1.028C41.9187,107.9771,56.7319,119.8491,74,119.8491s32.0819-11.872,38.2111-28.6577c1.2022-.3274,2.379-.6672,3.5087-1.0278a42.99,42.99,0,0,0,12.6435-5.9883C131.44,81.854,133,79.3872,133,76.8433S131.4407,71.8335,128.3635,69.5112ZM74,30.1509c18.0349,0,33.2564,13.6781,37.8227,32.2376C101.2283,59.5532,87.9884,58.0063,74,58.0063S46.7726,59.5531,36.178,62.3889C40.7441,43.8292,55.9657,30.1509,74,30.1509Zm39.2295,43.85a48.1985,48.1985,0,0,1-2.5515,15.5347C100.36,92.22,87.5437,93.6812,74,93.6812s-26.3585-1.4607-36.6767-4.1451a48.1982,48.1982,0,0,1-2.5519-15.5356,48.7831,48.7831,0,0,1,.9179-9.4033C46.2732,61.6309,59.73,60.0063,74,60.0063s27.7276,1.6246,38.3121,4.5911A48.7732,48.7732,0,0,1,113.23,74.0005ZM32.8889,88.2593a41.7084,41.7084,0,0,1-12.0473-5.68C18.2922,80.6558,17,78.7261,17,76.8433s1.2924-3.8116,3.8418-5.7364a41.653,41.653,0,0,1,12.0473-5.6787c.2115-.0675.4332-.13.6474-.1968a50.8671,50.8671,0,0,0-.7651,8.7691A50.276,50.276,0,0,0,35.02,88.9061Q33.9334,88.5922,32.8889,88.2593ZM74,117.8491c-15.9607,0-29.7161-10.7152-35.8359-26.0431A154.3628,154.3628,0,0,0,74,95.6812a154.3641,154.3641,0,0,0,35.837-3.8754C103.717,107.1338,89.9614,117.8491,74,117.8491Zm53.1582-35.27a41.6861,41.6861,0,0,1-12.0468,5.6787q-1.0432.333-2.1306.6467A50.2755,50.2755,0,0,0,115.23,74.0005a50.8649,50.8649,0,0,0-.765-8.7689c.2139.0663.4356.1292.6469.1966a41.6625,41.6625,0,0,1,12.0468,5.6787C129.7073,73.0317,131,74.9614,131,76.8433S129.7073,80.6558,127.1584,82.58Z\"><\/path><\/svg>\t\t\t<\/div>\n\t\t<\/div>\n\t\t\t\t\t\t<\/div>\n\t\t\t\t<div class=\"elementor-element elementor-element-dc96602 elementor-widget elementor-widget-heading\" data-id=\"dc96602\" data-element_type=\"widget\" data-e-type=\"widget\" data-widget_type=\"heading.default\">\n\t\t\t\t\t<p class=\"elementor-heading-title elementor-size-default\">2026<\/p>\t\t\t\t<\/div>\n\t\t\t\t<div class=\"elementor-element elementor-element-26f881f elementor-widget elementor-widget-heading\" data-id=\"26f881f\" data-element_type=\"widget\" data-e-type=\"widget\" data-widget_type=\"heading.default\">\n\t\t\t\t\t<h2 class=\"elementor-heading-title elementor-size-default\">Viniendo cerca de ti<\/h2>\t\t\t\t<\/div>\n\t\t\t\t<div class=\"elementor-element elementor-element-f01fc73 elementor-widget elementor-widget-text-editor\" data-id=\"f01fc73\" data-element_type=\"widget\" data-e-type=\"widget\" data-widget_type=\"text-editor.default\">\n\t\t\t\t\t\t\t\t\t<p data-start=\"3440\" data-end=\"3519\"><strong data-start=\"3440\" data-end=\"3492\">Actualmente se ense\u00f1a y se adopta por m\u00e9dicos a nivel internacional.<\/strong> A trav\u00e9s de programas de capacitaci\u00f3n. <strong data-start=\"3522\" data-end=\"3564\">Referenciado en investigaciones cl\u00ednicas en el extranjero<\/strong> Que explora la biolog\u00eda del trauma y la eficacia de la SGB\/DSR. \u00a1El Dr. Eugene Lipov se est\u00e1 expandiendo globalmente!<\/p>\t\t\t\t\t\t\t\t<\/div>\n\t\t\t\t<\/div>\n\t\t<div class=\"elementor-element elementor-element-5c2a531 e-con-full e-flex e-con e-child\" data-id=\"5c2a531\" data-element_type=\"container\" data-e-type=\"container\">\n\t\t\t\t<div class=\"elementor-element elementor-element-6d18b2c elementor-position-left elementor-vertical-align-top elementor-widget elementor-widget-image-box\" data-id=\"6d18b2c\" data-element_type=\"widget\" data-e-type=\"widget\" data-widget_type=\"image-box.default\">\n\t\t\t\t\t<div class=\"elementor-image-box-wrapper\"><figure class=\"elementor-image-box-img\"><img fetchpriority=\"high\" decoding=\"async\" width=\"800\" height=\"800\" src=\"https:\/\/dreugenelipov.com\/wp-content\/uploads\/2026\/02\/flag-for-colombia.svg\" class=\"attachment-full size-full wp-image-10279\" alt=\"\"><\/figure><div class=\"elementor-image-box-content\"><h3 class=\"elementor-image-box-title\">Colombia<\/h3><p class=\"elementor-image-box-description\">Pr\u00f3ximamente en marzo de 2026\n\n<\/p><\/div><\/div>\t\t\t\t<\/div>\n\t\t\t\t<div class=\"elementor-element elementor-element-a2eb675 elementor-widget-divider--view-line elementor-widget elementor-widget-divider\" data-id=\"a2eb675\" data-element_type=\"widget\" data-e-type=\"widget\" data-widget_type=\"divider.default\">\n\t\t\t\t\t\t\t<div class=\"elementor-divider\">\n\t\t\t<span class=\"elementor-divider-separator\">\n\t\t\t\t\t\t<\/span>\n\t\t<\/div>\n\t\t\t\t\t\t<\/div>\n\t\t\t\t<div class=\"elementor-element elementor-element-41cc25a elementor-position-left elementor-vertical-align-top elementor-widget elementor-widget-image-box\" data-id=\"41cc25a\" data-element_type=\"widget\" data-e-type=\"widget\" data-widget_type=\"image-box.default\">\n\t\t\t\t\t<div class=\"elementor-image-box-wrapper\"><figure class=\"elementor-image-box-img\"><img decoding=\"async\" width=\"800\" height=\"800\" src=\"https:\/\/dreugenelipov.com\/wp-content\/uploads\/2026\/02\/portugal.svg\" class=\"attachment-full size-full wp-image-10301\" alt=\"\"><\/figure><div class=\"elementor-image-box-content\"><h3 class=\"elementor-image-box-title\">Portugal<\/h3><p class=\"elementor-image-box-description\">Pr\u00f3ximamente en oto\u00f1o de 2026\n\n<\/p><\/div><\/div>\t\t\t\t<\/div>\n\t\t\t\t<div class=\"elementor-element elementor-element-df4e1d7 elementor-widget-divider--view-line elementor-widget elementor-widget-divider\" data-id=\"df4e1d7\" data-element_type=\"widget\" data-e-type=\"widget\" data-widget_type=\"divider.default\">\n\t\t\t\t\t\t\t<div class=\"elementor-divider\">\n\t\t\t<span class=\"elementor-divider-separator\">\n\t\t\t\t\t\t<\/span>\n\t\t<\/div>\n\t\t\t\t\t\t<\/div>\n\t\t\t\t<div class=\"elementor-element elementor-element-fffbca6 elementor-position-left elementor-vertical-align-top elementor-widget elementor-widget-image-box\" data-id=\"fffbca6\" data-element_type=\"widget\" data-e-type=\"widget\" data-widget_type=\"image-box.default\">\n\t\t\t\t\t<div class=\"elementor-image-box-wrapper\"><figure class=\"elementor-image-box-img\"><img decoding=\"async\" width=\"800\" height=\"800\" src=\"https:\/\/dreugenelipov.com\/wp-content\/uploads\/2026\/02\/turkey.svg\" class=\"attachment-full size-full wp-image-10302\" alt=\"\"><\/figure><div class=\"elementor-image-box-content\"><h3 class=\"elementor-image-box-title\">Pavo<\/h3><p class=\"elementor-image-box-description\">Pr\u00f3ximamente en oto\u00f1o de 2026<\/p><\/div><\/div>\t\t\t\t<\/div>\n\t\t\t\t<\/div>\n\t\t\t\t<\/div>\n\t\t\t\t<\/div>","protected":false},"excerpt":{"rendered":"<p>2026 Pr\u00f3ximamente cerca de ti. Ya se est\u00e1 ense\u00f1ando y adoptando a nivel internacional mediante programas de capacitaci\u00f3n. Se menciona en investigaciones cl\u00ednicas en el extranjero que exploran la biolog\u00eda del trauma y la eficacia de SGB\/DSR. \u00a1El Dr. Eugene Lipov se est\u00e1 expandiendo globalmente! Colombia: marzo de 2026. Portugal: oto\u00f1o de 2026. Turqu\u00eda: oto\u00f1o de 2026.<\/p>","protected":false},"author":14,"featured_media":0,"parent":0,"menu_order":0,"comment_status":"closed","ping_status":"closed","template":"elementor_header_footer","meta":{"footnotes":""},"class_list":["post-10260","page","type-page","status-publish","hentry"],"_links":{"self":[{"href":"https:\/\/dreugenelipov.com\/es\/wp-json\/wp\/v2\/pages\/10260","targetHints":{"allow":["GET"]}}],"collection":[{"href":"https:\/\/dreugenelipov.com\/es\/wp-json\/wp\/v2\/pages"}],"about":[{"href":"https:\/\/dreugenelipov.com\/es\/wp-json\/wp\/v2\/types\/page"}],"author":[{"embeddable":true,"href":"https:\/\/dreugenelipov.com\/es\/wp-json\/wp\/v2\/users\/14"}],"replies":[{"embeddable":true,"href":"https:\/\/dreugenelipov.com\/es\/wp-json\/wp\/v2\/comments?post=10260"}],"version-history":[{"count":32,"href":"https:\/\/dreugenelipov.com\/es\/wp-json\/wp\/v2\/pages\/10260\/revisions"}],"predecessor-version":[{"id":10354,"href":"https:\/\/dreugenelipov.com\/es\/wp-json\/wp\/v2\/pages\/10260\/revisions\/10354"}],"wp:attachment":[{"href":"https:\/\/dreugenelipov.com\/es\/wp-json\/wp\/v2\/media?parent=10260"}],"curies":[{"name":"wp","href":"https:\/\/api.w.org\/{rel}","templated":true}]}}